{"id":5304076,"date":"2026-01-19T12:19:44","date_gmt":"2026-01-19T10:19:44","guid":{"rendered":"https:\/\/gadgettravellers.eu\/shop\/set-classico-trenino-con-binari-9299-64-305228\/"},"modified":"2026-04-13T01:20:15","modified_gmt":"2026-04-12T23:20:15","slug":"set-classico-trenino-con-binari-9299-64-305228","status":"publish","type":"product","link":"https:\/\/gadgettravellers.eu\/it\/shop\/set-classico-trenino-con-binari-9299-64-305228\/","title":{"rendered":"Set classico trenino con binari &#8211; 9299-64 &#8211; 305228"},"content":{"rendered":"<p>Trenino per bambini in design retr\u00f2 per gli amanti dello stile classico dei giocattoli, con binari assemblabili.<\/p>\n<p>Dimensioni della confezione: 36 x 19 x 6 cm.<br \/>Diametro dei binari: 78 cm<\/p>\n<p>Soddisfa tutti gli standard di sicurezza. <br \/>Adatto a bambini di et\u00e0 superiore ai 3 anni.<\/p>\n<div class='aiseo-faq-section' style='margin-top:30px; border-top:1px solid #eee; padding-top:20px;'>\n<h3>Domande Frequenti<\/h3>\n<details style='margin-bottom:10px; padding:10px; background:#f9f9f9; border-radius:5px;'>\n<summary style='font-weight:bold; cursor:pointer;'>Per quale et\u00e0 \u00e8 adatto il set?<\/summary>\n<div style='margin-top:10px; color:#555;'>Il set \u00e8 adatto per bambini di et\u00e0 superiore ai 3 anni.<\/div>\n<\/details>\n<details style='margin-bottom:10px; padding:10px; background:#f9f9f9; border-radius:5px;'>\n<summary style='font-weight:bold; cursor:pointer;'>Quali sono le dimensioni della confezione?<\/summary>\n<div style='margin-top:10px; color:#555;'>Le dimensioni della confezione sono 36 x 19 x 6 cm.<\/div>\n<\/details>\n<details style='margin-bottom:10px; padding:10px; background:#f9f9f9; border-radius:5px;'>\n<summary style='font-weight:bold; cursor:pointer;'>Qual \u00e8 il diametro delle rotaie?<\/summary>\n<div style='margin-top:10px; color:#555;'>Il diametro delle rotaie \u00e8 di 78 cm.<\/div>\n<\/details>\n<details style='margin-bottom:10px; padding:10px; background:#f9f9f9; border-radius:5px;'>\n<summary style='font-weight:bold; cursor:pointer;'>\u00c8 necessario assemblarlo per farlo funzionare?<\/summary>\n<div style='margin-top:10px; color:#555;'>S\u00ec, le rotaie sono assemblabili e il set richiede l&#8217;assemblaggio prima dell&#8217;uso.<\/div>\n<\/details>\n<details style='margin-bottom:10px; padding:10px; background:#f9f9f9; border-radius:5px;'>\n<summary style='font-weight:bold; cursor:pointer;'>Il prodotto soddisfa gli standard di sicurezza?<\/summary>\n<div style='margin-top:10px; color:#555;'>S\u00ec, il prodotto soddisfa tutti gli standard di sicurezza.<\/div>\n<\/details>\n<\/div>\n","protected":false},"excerpt":{"rendered":"<p>Classico trenino per bambini in design retr\u00f2 con binari assemblabili, adatto a bambini di et\u00e0 superiore a 3 anni. Binari di diametro 78 cm e piena conformit\u00e0 agli standard di sicurezza.<\/p>\n","protected":false},"featured_media":5111922,"comment_status":"closed","ping_status":"open","template":"","meta":[],"product_brand":[],"product_cat":[],"product_tag":[15],"class_list":{"0":"post-5304076","1":"product","2":"type-product","3":"status-publish","4":"has-post-thumbnail","6":"product_tag-uncategorized","8":"first","9":"onbackorder","10":"purchasable","11":"product-type-simple"},"jetpack_sharing_enabled":true,"_links":{"self":[{"href":"https:\/\/gadgettravellers.eu\/it\/wp-json\/wp\/v2\/product\/5304076","targetHints":{"allow":["GET"]}}],"collection":[{"href":"https:\/\/gadgettravellers.eu\/it\/wp-json\/wp\/v2\/product"}],"about":[{"href":"https:\/\/gadgettravellers.eu\/it\/wp-json\/wp\/v2\/types\/product"}],"replies":[{"embeddable":true,"href":"https:\/\/gadgettravellers.eu\/it\/wp-json\/wp\/v2\/comments?post=5304076"}],"wp:featuredmedia":[{"embeddable":true,"href":"https:\/\/gadgettravellers.eu\/it\/wp-json\/wp\/v2\/media\/5111922"}],"wp:attachment":[{"href":"https:\/\/gadgettravellers.eu\/it\/wp-json\/wp\/v2\/media?parent=5304076"}],"wp:term":[{"taxonomy":"product_brand","embeddable":true,"href":"https:\/\/gadgettravellers.eu\/it\/wp-json\/wp\/v2\/product_brand?post=5304076"},{"taxonomy":"product_cat","embeddable":true,"href":"https:\/\/gadgettravellers.eu\/it\/wp-json\/wp\/v2\/product_cat?post=5304076"},{"taxonomy":"product_tag","embeddable":true,"href":"https:\/\/gadgettravellers.eu\/it\/wp-json\/wp\/v2\/product_tag?post=5304076"}],"curies":[{"name":"wp","href":"https:\/\/api.w.org\/{rel}","templated":true}]}}