{"id":5304291,"date":"2026-01-19T12:21:35","date_gmt":"2026-01-19T10:21:35","guid":{"rendered":"https:\/\/gadgettravellers.eu\/shop\/mouse-da-gioco-cablato-led-rgb-wb915-weibo-659158\/"},"modified":"2026-04-14T01:18:34","modified_gmt":"2026-04-13T23:18:34","slug":"mouse-da-gioco-cablato-led-rgb-wb915-weibo-659158","status":"publish","type":"product","link":"https:\/\/gadgettravellers.eu\/it\/shop\/mouse-da-gioco-cablato-led-rgb-wb915-weibo-659158\/","title":{"rendered":"Mouse da gioco cablato &#8211; LED RGB &#8211; WB915 &#8211; Weibo &#8211; 659158"},"content":{"rendered":"<p>Comodo e facile da usare, con un design resistente e affidabile, il Weibo WB-915 \u00e8 un mouse da gaming cablato con sensore ottico e sette tasti. Si collega al tuo computer o laptop tramite cavo USB cablato. Il controllo fluido del cursore lo rende ideale per ore infinite di gioco e aumenta la capacit\u00e0 di clic al secondo.<\/p>\n<p>Ha un design ergonomico per una maggiore stabilit\u00e0 ed \u00e8 adatto agli utenti destrorsi. Il WB-915 \u00e8 adatto all&#8217;uso su superfici piane non riflettenti.<br \/>\nCaratteristiche del mouse: Tecnologia ottica ad alta precisione, Risoluzione del movimento: 3200 dpi,<\/p>\n<p>DPI regolabile tra i valori 1600, 2400, 3200,<\/p>\n<p>Sensore ottico,<\/p>\n<p>Movimento fluido del cursore,<\/p>\n<p>Illuminazione RGB,<\/p>\n<p>Adatto agli utenti destrorsi,<\/p>\n<p>Connettivit\u00e0: USB, Dimensioni: 130x65x40mm, Numero di tasti: 6 &#038; rotella, Connessione plug &#038; play facile, Design ergonomico, Lunghezza del cavo USB: 150 cm, Peso: 130g.<\/p>\n","protected":false},"excerpt":{"rendered":"<p>Mouse da gaming ergonomico cablato con sensore ottico e dpi regolabile fino a 3200. Illuminazione RGB, 6 tasti, plug &#038; play tramite USB e cavo da 150 cm, ideale per destrorsi e uso prolungato.<\/p>\n","protected":false},"featured_media":5113062,"comment_status":"closed","ping_status":"open","template":"","meta":[],"product_brand":[],"product_cat":[],"product_tag":[15],"class_list":{"0":"post-5304291","1":"product","2":"type-product","3":"status-publish","4":"has-post-thumbnail","6":"product_tag-uncategorized","8":"first","9":"onbackorder","10":"purchasable","11":"product-type-simple"},"jetpack_sharing_enabled":true,"_links":{"self":[{"href":"https:\/\/gadgettravellers.eu\/it\/wp-json\/wp\/v2\/product\/5304291","targetHints":{"allow":["GET"]}}],"collection":[{"href":"https:\/\/gadgettravellers.eu\/it\/wp-json\/wp\/v2\/product"}],"about":[{"href":"https:\/\/gadgettravellers.eu\/it\/wp-json\/wp\/v2\/types\/product"}],"replies":[{"embeddable":true,"href":"https:\/\/gadgettravellers.eu\/it\/wp-json\/wp\/v2\/comments?post=5304291"}],"wp:featuredmedia":[{"embeddable":true,"href":"https:\/\/gadgettravellers.eu\/it\/wp-json\/wp\/v2\/media\/5113062"}],"wp:attachment":[{"href":"https:\/\/gadgettravellers.eu\/it\/wp-json\/wp\/v2\/media?parent=5304291"}],"wp:term":[{"taxonomy":"product_brand","embeddable":true,"href":"https:\/\/gadgettravellers.eu\/it\/wp-json\/wp\/v2\/product_brand?post=5304291"},{"taxonomy":"product_cat","embeddable":true,"href":"https:\/\/gadgettravellers.eu\/it\/wp-json\/wp\/v2\/product_cat?post=5304291"},{"taxonomy":"product_tag","embeddable":true,"href":"https:\/\/gadgettravellers.eu\/it\/wp-json\/wp\/v2\/product_tag?post=5304291"}],"curies":[{"name":"wp","href":"https:\/\/api.w.org\/{rel}","templated":true}]}}