{"id":5304377,"date":"2026-01-19T12:22:27","date_gmt":"2026-01-19T10:22:27","guid":{"rendered":"https:\/\/gadgettravellers.eu\/shop\/torcia-subacquea-led-ricaricabile-fa-75121-p70-460023\/"},"modified":"2026-04-13T01:22:15","modified_gmt":"2026-04-12T23:22:15","slug":"torcia-subacquea-led-ricaricabile-fa-75121-p70-460023","status":"publish","type":"product","link":"https:\/\/gadgettravellers.eu\/it\/shop\/torcia-subacquea-led-ricaricabile-fa-75121-p70-460023\/","title":{"rendered":"Torcia subacquea LED ricaricabile &#8211; FA-75121- P70 &#8211; 460023"},"content":{"rendered":"<p>Mini torcia subacquea ricaricabile portatile, con illuminazione potente, design ergonomico e lunga autonomia della batteria.<\/p>\n<p>Luminosit\u00e0: 1000 Lumen<br \/>Batteria ricaricabile 18650<br \/>Autonomia della batteria: fino a 4 ore<br \/>Impermeabilit\u00e0: IP68<br \/>Materiale di costruzione: Lega di alluminio<\/p>\n<div class='aiseo-faq-section' style='margin-top:30px; border-top:1px solid #eee; padding-top:20px;'>\n<h3>Domande Frequenti<\/h3>\n<details style='margin-bottom:10px; padding:10px; background:#f9f9f9; border-radius:5px;'>\n<summary style='font-weight:bold; cursor:pointer;'>Qual \u00e8 la luminosit\u00e0 dell&#8217;obiettivo?<\/summary>\n<div style='margin-top:10px; color:#555;'>La luminosit\u00e0 \u00e8 di 1000 lumen.<\/div>\n<\/details>\n<details style='margin-bottom:10px; padding:10px; background:#f9f9f9; border-radius:5px;'>\n<summary style='font-weight:bold; cursor:pointer;'>Che batteria utilizza e qual \u00e8 l&#8217;autonomia?<\/summary>\n<div style='margin-top:10px; color:#555;'>Utilizza una batteria ricaricabile 18650 con un&#8217;autonomia fino a 4 ore.<\/div>\n<\/details>\n<details style='margin-bottom:10px; padding:10px; background:#f9f9f9; border-radius:5px;'>\n<summary style='font-weight:bold; cursor:pointer;'>Pu\u00f2 essere usato per immersioni?<\/summary>\n<div style='margin-top:10px; color:#555;'>S\u00ec, ha una classificazione di impermeabilit\u00e0 IP68 ed \u00e8 adatto per l&#8217;uso durante le immersioni.<\/div>\n<\/details>\n<details style='margin-bottom:10px; padding:10px; background:#f9f9f9; border-radius:5px;'>\n<summary style='font-weight:bold; cursor:pointer;'>Di che materiale \u00e8 fatto l&#8217;obiettivo?<\/summary>\n<div style='margin-top:10px; color:#555;'>La custodia \u00e8 in lega di alluminio per resistere a condizioni impegnative.<\/div>\n<\/details>\n<\/div>\n","protected":false},"excerpt":{"rendered":"<p>Piccola torcia subacquea ricaricabile LED P70, 1000 lumen, con batteria ricaricabile 18650 e autonomia fino a 4 ore. IP68 e alluminio per resistenza alle immersioni.<\/p>\n","protected":false},"featured_media":5113641,"comment_status":"closed","ping_status":"open","template":"","meta":[],"product_brand":[],"product_cat":[],"product_tag":[15],"class_list":{"0":"post-5304377","1":"product","2":"type-product","3":"status-publish","4":"has-post-thumbnail","6":"product_tag-uncategorized","8":"first","9":"onbackorder","10":"purchasable","11":"product-type-simple"},"jetpack_sharing_enabled":true,"_links":{"self":[{"href":"https:\/\/gadgettravellers.eu\/it\/wp-json\/wp\/v2\/product\/5304377","targetHints":{"allow":["GET"]}}],"collection":[{"href":"https:\/\/gadgettravellers.eu\/it\/wp-json\/wp\/v2\/product"}],"about":[{"href":"https:\/\/gadgettravellers.eu\/it\/wp-json\/wp\/v2\/types\/product"}],"replies":[{"embeddable":true,"href":"https:\/\/gadgettravellers.eu\/it\/wp-json\/wp\/v2\/comments?post=5304377"}],"wp:featuredmedia":[{"embeddable":true,"href":"https:\/\/gadgettravellers.eu\/it\/wp-json\/wp\/v2\/media\/5113641"}],"wp:attachment":[{"href":"https:\/\/gadgettravellers.eu\/it\/wp-json\/wp\/v2\/media?parent=5304377"}],"wp:term":[{"taxonomy":"product_brand","embeddable":true,"href":"https:\/\/gadgettravellers.eu\/it\/wp-json\/wp\/v2\/product_brand?post=5304377"},{"taxonomy":"product_cat","embeddable":true,"href":"https:\/\/gadgettravellers.eu\/it\/wp-json\/wp\/v2\/product_cat?post=5304377"},{"taxonomy":"product_tag","embeddable":true,"href":"https:\/\/gadgettravellers.eu\/it\/wp-json\/wp\/v2\/product_tag?post=5304377"}],"curies":[{"name":"wp","href":"https:\/\/api.w.org\/{rel}","templated":true}]}}