{"id":5304550,"date":"2026-01-19T12:24:18","date_gmt":"2026-01-19T10:24:18","guid":{"rendered":"https:\/\/gadgettravellers.eu\/shop\/bambola-da-collezione-con-accessori-y22-14-308193\/"},"modified":"2026-04-13T01:23:29","modified_gmt":"2026-04-12T23:23:29","slug":"bambola-da-collezione-con-accessori-y22-14-308193","status":"publish","type":"product","link":"https:\/\/gadgettravellers.eu\/it\/shop\/bambola-da-collezione-con-accessori-y22-14-308193\/","title":{"rendered":"Bambola da collezione con accessori &#8211; Y22-14 &#8211; 308193"},"content":{"rendered":"<p>Set bambola in design da collezione, con dettagli meravigliosi e accessori!<\/p>\n<p>Dimensioni confezione: 37 x 23 x 7cm.<\/p>\n<p>Soddisfa tutti gli standard di sicurezza. Adatto a bambini di et\u00e0 superiore ai 3 anni.<\/p>\n<p><strong>Include 1 pezzo. <br \/>*Disponibile in 4 modelli &#8211; Spedizione del modello in base alla disponibilit\u00e0.<\/strong><\/p>\n<div class='aiseo-faq-section' style='margin-top:30px; border-top:1px solid #eee; padding-top:20px;'>\n<h3>Domande Frequenti<\/h3>\n<details style='margin-bottom:10px; padding:10px; background:#f9f9f9; border-radius:5px;'>\n<summary style='font-weight:bold; cursor:pointer;'>Qual \u00e8 l&#8217;et\u00e0 appropriata per questa bambola?<\/summary>\n<div style='margin-top:10px; color:#555;'>La bambola \u00e8 adatta a bambini di et\u00e0 pari o superiore a 3 anni.<\/div>\n<\/details>\n<details style='margin-bottom:10px; padding:10px; background:#f9f9f9; border-radius:5px;'>\n<summary style='font-weight:bold; cursor:pointer;'>Cosa \u00e8 incluso nella confezione?<\/summary>\n<div style='margin-top:10px; color:#555;'>La confezione include 1 bambola con accessori.<\/div>\n<\/details>\n<details style='margin-bottom:10px; padding:10px; background:#f9f9f9; border-radius:5px;'>\n<summary style='font-weight:bold; cursor:pointer;'>Disponibile in diversi modelli?<\/summary>\n<div style='margin-top:10px; color:#555;'>S\u00ec, \u00e8 disponibile in 4 modelli e il modello spedito dipende dalla disponibilit\u00e0.<\/div>\n<\/details>\n<details style='margin-bottom:10px; padding:10px; background:#f9f9f9; border-radius:5px;'>\n<summary style='font-weight:bold; cursor:pointer;'>Quali sono le dimensioni della confezione?<\/summary>\n<div style='margin-top:10px; color:#555;'>Le dimensioni della confezione sono 37 x 23 x 7 cm.<\/div>\n<\/details>\n<details style='margin-bottom:10px; padding:10px; background:#f9f9f9; border-radius:5px;'>\n<summary style='font-weight:bold; cursor:pointer;'>La bambola soddisfa le specifiche di sicurezza?<\/summary>\n<div style='margin-top:10px; color:#555;'>S\u00ec, soddisfa tutti gli standard di sicurezza.<\/div>\n<\/details>\n<\/div>\n","protected":false},"excerpt":{"rendered":"<p>Bambola da collezione con accessori, adatta a bambini di et\u00e0 superiore a 3 anni. Disponibile in 4 modelli \u2014 spedizione in base alla disponibilit\u00e0.<\/p>\n","protected":false},"featured_media":5114617,"comment_status":"closed","ping_status":"open","template":"","meta":[],"product_brand":[],"product_cat":[],"product_tag":[15],"class_list":{"0":"post-5304550","1":"product","2":"type-product","3":"status-publish","4":"has-post-thumbnail","6":"product_tag-uncategorized","8":"first","9":"onbackorder","10":"purchasable","11":"product-type-simple"},"jetpack_sharing_enabled":true,"_links":{"self":[{"href":"https:\/\/gadgettravellers.eu\/it\/wp-json\/wp\/v2\/product\/5304550","targetHints":{"allow":["GET"]}}],"collection":[{"href":"https:\/\/gadgettravellers.eu\/it\/wp-json\/wp\/v2\/product"}],"about":[{"href":"https:\/\/gadgettravellers.eu\/it\/wp-json\/wp\/v2\/types\/product"}],"replies":[{"embeddable":true,"href":"https:\/\/gadgettravellers.eu\/it\/wp-json\/wp\/v2\/comments?post=5304550"}],"wp:featuredmedia":[{"embeddable":true,"href":"https:\/\/gadgettravellers.eu\/it\/wp-json\/wp\/v2\/media\/5114617"}],"wp:attachment":[{"href":"https:\/\/gadgettravellers.eu\/it\/wp-json\/wp\/v2\/media?parent=5304550"}],"wp:term":[{"taxonomy":"product_brand","embeddable":true,"href":"https:\/\/gadgettravellers.eu\/it\/wp-json\/wp\/v2\/product_brand?post=5304550"},{"taxonomy":"product_cat","embeddable":true,"href":"https:\/\/gadgettravellers.eu\/it\/wp-json\/wp\/v2\/product_cat?post=5304550"},{"taxonomy":"product_tag","embeddable":true,"href":"https:\/\/gadgettravellers.eu\/it\/wp-json\/wp\/v2\/product_tag?post=5304550"}],"curies":[{"name":"wp","href":"https:\/\/api.w.org\/{rel}","templated":true}]}}