{"id":5304554,"date":"2026-01-19T12:24:21","date_gmt":"2026-01-19T10:24:21","guid":{"rendered":"https:\/\/gadgettravellers.eu\/shop\/bambola-da-collezione-con-accessori-y52-64-308197\/"},"modified":"2026-04-21T19:56:04","modified_gmt":"2026-04-21T17:56:04","slug":"bambola-da-collezione-con-accessori-y52-64-308197","status":"publish","type":"product","link":"https:\/\/gadgettravellers.eu\/it\/shop\/bambola-da-collezione-con-accessori-y52-64-308197\/","title":{"rendered":"Bambola da collezione con accessori &#8211; Y52-64 &#8211; 308197"},"content":{"rendered":"<p>Set bambola in design da collezione, con meravigliosi dettagli e accessori!<\/p>\n<p>Dimensioni confezione: 37 x 23 x 7cm.<\/p>\n<p>Conforme a tutte le norme di sicurezza. <br \/>Adatto a bambini di et\u00e0 superiore ai 3 anni.<\/p>\n<p><strong>Include 1 pezzo. <br \/>*Disponibile in 4 modelli &#8211; Spedizione del modello in base alla disponibilit\u00e0.<\/strong><\/p>\n","protected":false},"excerpt":{"rendered":"<p>Bambola da collezione con bellissimi accessori e design dettagliato. Adatta a bambini di et\u00e0 superiore ai 3 anni, conforme a tutti gli standard di sicurezza ed \u00e8 disponibile in 4 modelli a seconda della disponibilit\u00e0.<\/p>\n","protected":false},"featured_media":5114602,"comment_status":"closed","ping_status":"open","template":"","meta":[],"product_brand":[],"product_cat":[],"product_tag":[15],"class_list":{"0":"post-5304554","1":"product","2":"type-product","3":"status-publish","4":"has-post-thumbnail","6":"product_tag-uncategorized","8":"first","9":"onbackorder","10":"purchasable","11":"product-type-simple"},"jetpack_sharing_enabled":true,"_links":{"self":[{"href":"https:\/\/gadgettravellers.eu\/it\/wp-json\/wp\/v2\/product\/5304554","targetHints":{"allow":["GET"]}}],"collection":[{"href":"https:\/\/gadgettravellers.eu\/it\/wp-json\/wp\/v2\/product"}],"about":[{"href":"https:\/\/gadgettravellers.eu\/it\/wp-json\/wp\/v2\/types\/product"}],"replies":[{"embeddable":true,"href":"https:\/\/gadgettravellers.eu\/it\/wp-json\/wp\/v2\/comments?post=5304554"}],"wp:featuredmedia":[{"embeddable":true,"href":"https:\/\/gadgettravellers.eu\/it\/wp-json\/wp\/v2\/media\/5114602"}],"wp:attachment":[{"href":"https:\/\/gadgettravellers.eu\/it\/wp-json\/wp\/v2\/media?parent=5304554"}],"wp:term":[{"taxonomy":"product_brand","embeddable":true,"href":"https:\/\/gadgettravellers.eu\/it\/wp-json\/wp\/v2\/product_brand?post=5304554"},{"taxonomy":"product_cat","embeddable":true,"href":"https:\/\/gadgettravellers.eu\/it\/wp-json\/wp\/v2\/product_cat?post=5304554"},{"taxonomy":"product_tag","embeddable":true,"href":"https:\/\/gadgettravellers.eu\/it\/wp-json\/wp\/v2\/product_tag?post=5304554"}],"curies":[{"name":"wp","href":"https:\/\/api.w.org\/{rel}","templated":true}]}}