{"id":5304588,"date":"2026-01-19T12:24:39","date_gmt":"2026-01-19T10:24:39","guid":{"rendered":"https:\/\/gadgettravellers.eu\/shop\/console-di-gioco-portatile-a6-811023-blu\/"},"modified":"2026-04-10T21:03:21","modified_gmt":"2026-04-10T19:03:21","slug":"console-di-gioco-portatile-a6-811023-blu","status":"publish","type":"product","link":"https:\/\/gadgettravellers.eu\/it\/shop\/console-di-gioco-portatile-a6-811023-blu\/","title":{"rendered":"Console di gioco portatile &#8211; A6 &#8211; 811023 &#8211; Blu"},"content":{"rendered":"<p>La console ricaricabile A6 \u00e8 il regalo ideale per gli amanti dei Retro Games e offrir\u00e0 ore infinite di gioco, poich\u00e9 pu\u00f2 essere portata ovunque grazie alle sue dimensioni pratiche e compatte. <br \/>Dispositivo robusto con eccellente qualit\u00e0 costruttiva! Dispone di oltre 500 giochi intramontabili e pu\u00f2 essere collegato anche alla TV purch\u00e9 ci sia una porta AV o l&#8217;adattatore appropriato.<\/p>\n<p><b>Caratteristiche tecniche: <\/b><\/p>\n<ul>\n<li>Tipo di schermo TFT 3,0&#8221;<\/li>\n<li>Risoluzione dello schermo: 1280\u00d7720<\/li>\n<li>Joystick a 360\u00b0<\/li>\n<li>Possibilit\u00e0 di collegamento a TV con porta AV<\/li>\n<li>Slot per scheda SD<\/li>\n<li>Batteria ricaricabile 3.7v 1020mAh<\/li>\n<li>Tempo di ricarica: 2 ore<\/li>\n<li>Autonomia fino a 4 ore.<\/li>\n<li>Dimensioni: 11 x 7 x 2cm<\/li>\n<\/ul>\n<p><b>Contenuto della confezione:<\/b><\/p>\n<ul>\n<li>Console di gioco<\/li>\n<li>Cavo di ricarica<\/li>\n<li>Cavo AV (per collegamento alla TV)<\/li>\n<li>Batteria<\/li>\n<li>Manuale d&#8217;uso (Inglese) <\/li>\n<\/ul>\n","protected":false},"excerpt":{"rendered":"<p>Console portatile A6 con oltre 500 giochi retr\u00f2, schermo TFT da 3 pollici (1280&#215;720), joystick a 360\u00b0 e batteria da 1020mAh per fino a 4 ore. Si collega alla TV con ingresso AV.<\/p>\n","protected":false},"featured_media":5114848,"comment_status":"closed","ping_status":"open","template":"","meta":[],"product_brand":[],"product_cat":[],"product_tag":[15],"class_list":{"0":"post-5304588","1":"product","2":"type-product","3":"status-publish","4":"has-post-thumbnail","6":"product_tag-uncategorized","8":"first","9":"onbackorder","10":"purchasable","11":"product-type-simple"},"jetpack_sharing_enabled":true,"_links":{"self":[{"href":"https:\/\/gadgettravellers.eu\/it\/wp-json\/wp\/v2\/product\/5304588","targetHints":{"allow":["GET"]}}],"collection":[{"href":"https:\/\/gadgettravellers.eu\/it\/wp-json\/wp\/v2\/product"}],"about":[{"href":"https:\/\/gadgettravellers.eu\/it\/wp-json\/wp\/v2\/types\/product"}],"replies":[{"embeddable":true,"href":"https:\/\/gadgettravellers.eu\/it\/wp-json\/wp\/v2\/comments?post=5304588"}],"wp:featuredmedia":[{"embeddable":true,"href":"https:\/\/gadgettravellers.eu\/it\/wp-json\/wp\/v2\/media\/5114848"}],"wp:attachment":[{"href":"https:\/\/gadgettravellers.eu\/it\/wp-json\/wp\/v2\/media?parent=5304588"}],"wp:term":[{"taxonomy":"product_brand","embeddable":true,"href":"https:\/\/gadgettravellers.eu\/it\/wp-json\/wp\/v2\/product_brand?post=5304588"},{"taxonomy":"product_cat","embeddable":true,"href":"https:\/\/gadgettravellers.eu\/it\/wp-json\/wp\/v2\/product_cat?post=5304588"},{"taxonomy":"product_tag","embeddable":true,"href":"https:\/\/gadgettravellers.eu\/it\/wp-json\/wp\/v2\/product_tag?post=5304588"}],"curies":[{"name":"wp","href":"https:\/\/api.w.org\/{rel}","templated":true}]}}