{"id":5304621,"date":"2026-01-19T12:24:54","date_gmt":"2026-01-19T10:24:54","guid":{"rendered":"https:\/\/gadgettravellers.eu\/shop\/set-di-costruzioni-fai-da-te-con-plastilina-delicious-5838-137a-310412\/"},"modified":"2026-04-22T21:12:31","modified_gmt":"2026-04-22T19:12:31","slug":"set-di-costruzioni-fai-da-te-con-plastilina-delicious-5838-137a-310412","status":"publish","type":"product","link":"https:\/\/gadgettravellers.eu\/it\/shop\/set-di-costruzioni-fai-da-te-con-plastilina-delicious-5838-137a-310412\/","title":{"rendered":"Set di costruzioni fai-da-te con plastilina &#8211; Delicious &#8211; 5838-137A &#8211; 310412"},"content":{"rendered":"<p>Ora hai il tuo mini laboratorio con un set completo di strumenti e accessori, per creazioni di plastilina bellissime che sembrano vere! Chiama i tuoi amici e impressionali con le tue meravigliose creazioni!<\/p>\n<p>Dimensioni della confezione: 27,5 x 21 x 5 cm.<\/p>\n<p>Soddisfa tutti gli standard di sicurezza. Adatto a bambini di et\u00e0 superiore ai 3 anni.<\/p>\n","protected":false},"excerpt":{"rendered":"<p>Set di costruzioni di plastilina per bambini 3+ con strumenti e accessori completi, dimensioni portatili (27,5\u00d721\u00d75 cm) e sicurezza certificata. Ideale per giochi creativi, attivit\u00e0 di gruppo e occupazione educativa.<\/p>\n","protected":false},"featured_media":5115075,"comment_status":"closed","ping_status":"open","template":"","meta":[],"product_brand":[],"product_cat":[],"product_tag":[15],"class_list":{"0":"post-5304621","1":"product","2":"type-product","3":"status-publish","4":"has-post-thumbnail","6":"product_tag-uncategorized","8":"first","9":"onbackorder","10":"purchasable","11":"product-type-simple"},"jetpack_sharing_enabled":true,"_links":{"self":[{"href":"https:\/\/gadgettravellers.eu\/it\/wp-json\/wp\/v2\/product\/5304621","targetHints":{"allow":["GET"]}}],"collection":[{"href":"https:\/\/gadgettravellers.eu\/it\/wp-json\/wp\/v2\/product"}],"about":[{"href":"https:\/\/gadgettravellers.eu\/it\/wp-json\/wp\/v2\/types\/product"}],"replies":[{"embeddable":true,"href":"https:\/\/gadgettravellers.eu\/it\/wp-json\/wp\/v2\/comments?post=5304621"}],"wp:featuredmedia":[{"embeddable":true,"href":"https:\/\/gadgettravellers.eu\/it\/wp-json\/wp\/v2\/media\/5115075"}],"wp:attachment":[{"href":"https:\/\/gadgettravellers.eu\/it\/wp-json\/wp\/v2\/media?parent=5304621"}],"wp:term":[{"taxonomy":"product_brand","embeddable":true,"href":"https:\/\/gadgettravellers.eu\/it\/wp-json\/wp\/v2\/product_brand?post=5304621"},{"taxonomy":"product_cat","embeddable":true,"href":"https:\/\/gadgettravellers.eu\/it\/wp-json\/wp\/v2\/product_cat?post=5304621"},{"taxonomy":"product_tag","embeddable":true,"href":"https:\/\/gadgettravellers.eu\/it\/wp-json\/wp\/v2\/product_tag?post=5304621"}],"curies":[{"name":"wp","href":"https:\/\/api.w.org\/{rel}","templated":true}]}}