{"id":5304684,"date":"2026-01-19T12:25:36","date_gmt":"2026-01-19T10:25:36","guid":{"rendered":"https:\/\/gadgettravellers.eu\/shop\/proiettore-led-con-sensore-di-movimento-20w-6500k-534947\/"},"modified":"2026-04-13T01:24:25","modified_gmt":"2026-04-12T23:24:25","slug":"proiettore-led-con-sensore-di-movimento-20w-6500k-534947","status":"publish","type":"product","link":"https:\/\/gadgettravellers.eu\/it\/shop\/proiettore-led-con-sensore-di-movimento-20w-6500k-534947\/","title":{"rendered":"Proiettore LED con sensore di movimento \u2013 20W \u2013 6500K \u2013 534947"},"content":{"rendered":"<div>Potente, impermeabile (ip65)<b> <\/b>proiettore LED per<b>\u00a0<\/b>illuminare in modo economico ogni punto esterno della tua casa o della tua attivit\u00e0 mantenendo al contempo sicuro il tuo spazio poich\u00e9 si accender\u00e0 automaticamente non appena qualcuno si avvicina.<\/div>\n<div>Dotato di sensore di movimento regolabile per attivarsi solo quando necessario e sensore di luce regolabile. Inoltre puoi scegliere la durata dell\u2019illuminazione in base alle tue esigenze e al punto che stai illuminando.<\/div>\n<div>\u00c8 appositamente progettato per uso esterno: \u00e8 ultra resistente e impermeabile. <\/div>\n<div>\u00a0<\/div>\n<div>Caratteristiche:<\/div>\n<ul>\n<li>Potenza: 20W<\/li>\n<li>Automatico<\/li>\n<li>Rilevamento fino a 8 metri<\/li>\n<li>Luce LED bianca potente 6500K<\/li>\n<li>3 impostazioni per: sensibilit\u00e0 dei sensori di movimento e luce e durata dell\u2019illuminazione<\/li>\n<li>Senza radiazioni UV o IR<\/li>\n<li>Impermeabile IP65<\/li>\n<li>Flusso luminoso: 3400 Lumen<\/li>\n<li>Tempo regolabile: 5sec-6min<\/li>\n<li>Angolo di visione: 120 \u00b0<\/li>\n<li>Funzionamento a corrente<\/li>\n<\/ul>\n<div class='aiseo-faq-section' style='margin-top:30px; border-top:1px solid #eee; padding-top:20px;'>\n<h3>Domande Frequenti<\/h3>\n<details style='margin-bottom:10px; padding:10px; background:#f9f9f9; border-radius:5px;'>\n<summary style='font-weight:bold; cursor:pointer;'>Qual \u00e8 la potenza e la luminosit\u00e0 del proiettore?<\/summary>\n<div style='margin-top:10px; color:#555;'>Potenza 20W con flusso luminoso di 3400 lumen.<\/div>\n<\/details>\n<details style='margin-bottom:10px; padding:10px; background:#f9f9f9; border-radius:5px;'>\n<summary style='font-weight:bold; cursor:pointer;'>Qual \u00e8 la portata di rilevamento del sensore di movimento?<\/summary>\n<div style='margin-top:10px; color:#555;'>La rilevazione arriva fino a 8 metri.<\/div>\n<\/details>\n<details style='margin-bottom:10px; padding:10px; background:#f9f9f9; border-radius:5px;'>\n<summary style='font-weight:bold; cursor:pointer;'>Quali impostazioni ha il sensore e quanto dura l&#8217;illuminazione?<\/summary>\n<div style='margin-top:10px; color:#555;'>Ci sono 3 impostazioni per la sensibilit\u00e0 al movimento e alla luce, mentre il tempo di funzionamento \u00e8 regolabile da 5 secondi a 6 minuti.<\/div>\n<\/details>\n<details style='margin-bottom:10px; padding:10px; background:#f9f9f9; border-radius:5px;'>\n<summary style='font-weight:bold; cursor:pointer;'>Pu\u00f2 essere utilizzato all&#8217;aperto e sotto la pioggia?<\/summary>\n<div style='margin-top:10px; color:#555;'>S\u00ec, \u00e8 appositamente progettato per uso esterno e dispone di protezione IP65 (impermeabile).<\/div>\n<\/details>\n<\/div>\n","protected":false},"excerpt":{"rendered":"<p>Proiettore LED potente da 20W con sensore di movimento e 6500K (bianco freddo). IP65 per esterni, 3400 lm, rilevamento fino a 8m, 3 impostazioni di sensibilit\u00e0 e tempo regolabile da 5s a 6min.<\/p>\n","protected":false},"featured_media":5115425,"comment_status":"closed","ping_status":"open","template":"","meta":[],"product_brand":[],"product_cat":[],"product_tag":[15],"class_list":{"0":"post-5304684","1":"product","2":"type-product","3":"status-publish","4":"has-post-thumbnail","6":"product_tag-uncategorized","8":"first","9":"onbackorder","10":"purchasable","11":"product-type-simple"},"jetpack_sharing_enabled":true,"_links":{"self":[{"href":"https:\/\/gadgettravellers.eu\/it\/wp-json\/wp\/v2\/product\/5304684","targetHints":{"allow":["GET"]}}],"collection":[{"href":"https:\/\/gadgettravellers.eu\/it\/wp-json\/wp\/v2\/product"}],"about":[{"href":"https:\/\/gadgettravellers.eu\/it\/wp-json\/wp\/v2\/types\/product"}],"replies":[{"embeddable":true,"href":"https:\/\/gadgettravellers.eu\/it\/wp-json\/wp\/v2\/comments?post=5304684"}],"wp:featuredmedia":[{"embeddable":true,"href":"https:\/\/gadgettravellers.eu\/it\/wp-json\/wp\/v2\/media\/5115425"}],"wp:attachment":[{"href":"https:\/\/gadgettravellers.eu\/it\/wp-json\/wp\/v2\/media?parent=5304684"}],"wp:term":[{"taxonomy":"product_brand","embeddable":true,"href":"https:\/\/gadgettravellers.eu\/it\/wp-json\/wp\/v2\/product_brand?post=5304684"},{"taxonomy":"product_cat","embeddable":true,"href":"https:\/\/gadgettravellers.eu\/it\/wp-json\/wp\/v2\/product_cat?post=5304684"},{"taxonomy":"product_tag","embeddable":true,"href":"https:\/\/gadgettravellers.eu\/it\/wp-json\/wp\/v2\/product_tag?post=5304684"}],"curies":[{"name":"wp","href":"https:\/\/api.w.org\/{rel}","templated":true}]}}