{"id":5304699,"date":"2026-01-19T12:25:44","date_gmt":"2026-01-19T10:25:44","guid":{"rendered":"https:\/\/gadgettravellers.eu\/shop\/letto-per-animali-domestici-3-pezzi-550919\/"},"modified":"2026-03-09T22:35:09","modified_gmt":"2026-03-09T20:35:09","slug":"letto-per-animali-domestici-3-pezzi-550919","status":"publish","type":"product","link":"https:\/\/gadgettravellers.eu\/it\/shop\/letto-per-animali-domestici-3-pezzi-550919\/","title":{"rendered":"Letto per animali domestici &#8211; 3 pezzi &#8211; 550919"},"content":{"rendered":"<p>Letto per animali domestici con rivestimento in tessuto morbido e resistente e imbottitura in materiale sintetico morbido, ipoallergenico e completamente amico della pelle, con una sensazione particolarmente piacevole per il vostro animale domestico.<br \/>Set da 3 pezzi, di diverse dimensioni:<span data-sheets-root=\"1\" data-sheets-value=\"{\"1\":2,\"2\":\"65*50*45n55*45*40n50*40*35\"}\" data-sheets-userformat=\"{\"2\":14845,\"3\":{\"1\":0,\"3\":1},\"5\":{\"1\":[{\"1\":2,\"2\":0,\"5\":{\"1\":2,\"2\":0}},{\"1\":0,\"2\":0,\"3\":3},{\"1\":1,\"2\":0,\"4\":1}]},\"6\":{\"1\":[{\"1\":2,\"2\":0,\"5\":{\"1\":2,\"2\":0}},{\"1\":0,\"2\":0,\"3\":3},{\"1\":1,\"2\":0,\"4\":1}]},\"7\":{\"1\":[{\"1\":2,\"2\":0,\"5\":{\"1\":2,\"2\":0}},{\"1\":0,\"2\":0,\"3\":3},{\"1\":1,\"2\":0,\"4\":1}]},\"8\":{\"1\":[{\"1\":2,\"2\":0,\"5\":{\"1\":2,\"2\":0}},{\"1\":0,\"2\":0,\"3\":3},{\"1\":1,\"2\":0,\"4\":1}]},\"9\":1,\"10\":1,\"11\":4,\"14\":{\"1\":3,\"3\":1},\"15\":\"SimSun\",\"16\":11}\"><br \/>Dimensioni: <br \/>45*39*10 cm<br \/>56*46*11 cm<br \/>60*56*12 cm.<\/span><\/p>\n<p><b data-stringify-type=\"bold\">*Disponibile nei colori: Nero, Grigio, Bianco <\/b>&#8211;<br \/>Indicate il colore preferito nelle note dell&#8217;ordine &#8211; Spedizione in base alla disponibilit\u00e0.<\/p>\n<div class='aiseo-faq-section' style='margin-top:30px; border-top:1px solid #eee; padding-top:20px;'>\n<h3>Domande Frequenti<\/h3>\n<details style='margin-bottom:10px; padding:10px; background:#f9f9f9; border-radius:5px;'>\n<summary style='font-weight:bold; cursor:pointer;'>Quali sono le dimensioni dei tre letti?<\/summary>\n<div style='margin-top:10px; color:#555;'>Le dimensioni sono: 45\u00d739\u00d710 cm, 56\u00d746\u00d711 cm e 60\u00d756\u00d712 cm.<\/div>\n<\/details>\n<details style='margin-bottom:10px; padding:10px; background:#f9f9f9; border-radius:5px;'>\n<summary style='font-weight:bold; cursor:pointer;'>Di quali materiali \u00e8 fatto il letto?<\/summary>\n<div style='margin-top:10px; color:#555;'>Rivestimento in tessuto morbido e resistente e imbottitura in materiale sintetico morbido, ipoallergenico e delicato sulla pelle.<\/div>\n<\/details>\n<details style='margin-bottom:10px; padding:10px; background:#f9f9f9; border-radius:5px;'>\n<summary style='font-weight:bold; cursor:pointer;'>\u00c8 adatto per animali domestici con pelle sensibile?<\/summary>\n<div style='margin-top:10px; color:#555;'>S\u00ec, i materiali sono ipoallergenici e completamente compatibili con la pelle dell&#8217;animale domestico.<\/div>\n<\/details>\n<details style='margin-bottom:10px; padding:10px; background:#f9f9f9; border-radius:5px;'>\n<summary style='font-weight:bold; cursor:pointer;'>In quali colori \u00e8 disponibile il set e come lo indico?<\/summary>\n<div style='margin-top:10px; color:#555;'>Disponibile in nero, grigio e bianco; indicare la preferenza di colore nelle note dell&#8217;ordine.<\/div>\n<\/details>\n<\/div>\n","protected":false},"excerpt":{"rendered":"<p>Set di 3 letti morbidi per animali domestici in tre dimensioni, con imbottitura sintetica ipoallergenica e tessuto resistente e morbido. Disponibili in nero, grigio e bianco. Indicare il colore nell&#8217;ordine.<\/p>\n","protected":false},"featured_media":5115525,"comment_status":"closed","ping_status":"open","template":"","meta":[],"product_brand":[],"product_cat":[],"product_tag":[15],"class_list":{"0":"post-5304699","1":"product","2":"type-product","3":"status-publish","4":"has-post-thumbnail","6":"product_tag-uncategorized","8":"first","9":"onbackorder","10":"purchasable","11":"product-type-simple"},"jetpack_sharing_enabled":true,"_links":{"self":[{"href":"https:\/\/gadgettravellers.eu\/it\/wp-json\/wp\/v2\/product\/5304699","targetHints":{"allow":["GET"]}}],"collection":[{"href":"https:\/\/gadgettravellers.eu\/it\/wp-json\/wp\/v2\/product"}],"about":[{"href":"https:\/\/gadgettravellers.eu\/it\/wp-json\/wp\/v2\/types\/product"}],"replies":[{"embeddable":true,"href":"https:\/\/gadgettravellers.eu\/it\/wp-json\/wp\/v2\/comments?post=5304699"}],"wp:featuredmedia":[{"embeddable":true,"href":"https:\/\/gadgettravellers.eu\/it\/wp-json\/wp\/v2\/media\/5115525"}],"wp:attachment":[{"href":"https:\/\/gadgettravellers.eu\/it\/wp-json\/wp\/v2\/media?parent=5304699"}],"wp:term":[{"taxonomy":"product_brand","embeddable":true,"href":"https:\/\/gadgettravellers.eu\/it\/wp-json\/wp\/v2\/product_brand?post=5304699"},{"taxonomy":"product_cat","embeddable":true,"href":"https:\/\/gadgettravellers.eu\/it\/wp-json\/wp\/v2\/product_cat?post=5304699"},{"taxonomy":"product_tag","embeddable":true,"href":"https:\/\/gadgettravellers.eu\/it\/wp-json\/wp\/v2\/product_tag?post=5304699"}],"curies":[{"name":"wp","href":"https:\/\/api.w.org\/{rel}","templated":true}]}}