{"id":5304776,"date":"2026-01-19T12:26:29","date_gmt":"2026-01-19T10:26:29","guid":{"rendered":"https:\/\/gadgettravellers.eu\/shop\/peluche-coniglietto-50cm-660273\/"},"modified":"2026-04-15T21:16:36","modified_gmt":"2026-04-15T19:16:36","slug":"peluche-coniglietto-50cm-660273","status":"publish","type":"product","link":"https:\/\/gadgettravellers.eu\/it\/shop\/peluche-coniglietto-50cm-660273\/","title":{"rendered":"Peluche Coniglietto &#8211; 50cm &#8211; 660273"},"content":{"rendered":"<p>Pupazzo di peluche per bambini, lungo 50 cm, con rivestimento morbido e ipoallergenico, completamente amico della pelle. Un gioco che ogni bambino adorer\u00e0 e che diventer\u00e0 il suo amico preferito che lo accompagner\u00e0 ovunque.<\/p>\n","protected":false},"excerpt":{"rendered":"<p>Coniglio di peluche 50cm con rivestimento morbido ipoallergenico \u2014 amico della pelle e ideale per coccole. Il nuovo giocattolo preferito di ogni bambino.<\/p>\n","protected":false},"featured_media":5115923,"comment_status":"closed","ping_status":"open","template":"","meta":[],"product_brand":[],"product_cat":[],"product_tag":[15],"class_list":{"0":"post-5304776","1":"product","2":"type-product","3":"status-publish","4":"has-post-thumbnail","6":"product_tag-uncategorized","8":"first","9":"onbackorder","10":"purchasable","11":"product-type-simple"},"jetpack_sharing_enabled":true,"_links":{"self":[{"href":"https:\/\/gadgettravellers.eu\/it\/wp-json\/wp\/v2\/product\/5304776","targetHints":{"allow":["GET"]}}],"collection":[{"href":"https:\/\/gadgettravellers.eu\/it\/wp-json\/wp\/v2\/product"}],"about":[{"href":"https:\/\/gadgettravellers.eu\/it\/wp-json\/wp\/v2\/types\/product"}],"replies":[{"embeddable":true,"href":"https:\/\/gadgettravellers.eu\/it\/wp-json\/wp\/v2\/comments?post=5304776"}],"wp:featuredmedia":[{"embeddable":true,"href":"https:\/\/gadgettravellers.eu\/it\/wp-json\/wp\/v2\/media\/5115923"}],"wp:attachment":[{"href":"https:\/\/gadgettravellers.eu\/it\/wp-json\/wp\/v2\/media?parent=5304776"}],"wp:term":[{"taxonomy":"product_brand","embeddable":true,"href":"https:\/\/gadgettravellers.eu\/it\/wp-json\/wp\/v2\/product_brand?post=5304776"},{"taxonomy":"product_cat","embeddable":true,"href":"https:\/\/gadgettravellers.eu\/it\/wp-json\/wp\/v2\/product_cat?post=5304776"},{"taxonomy":"product_tag","embeddable":true,"href":"https:\/\/gadgettravellers.eu\/it\/wp-json\/wp\/v2\/product_tag?post=5304776"}],"curies":[{"name":"wp","href":"https:\/\/api.w.org\/{rel}","templated":true}]}}