{"id":5304779,"date":"2026-01-19T12:26:31","date_gmt":"2026-01-19T10:26:31","guid":{"rendered":"https:\/\/gadgettravellers.eu\/shop\/peluche-cane-40cm-660211\/"},"modified":"2026-04-15T21:16:37","modified_gmt":"2026-04-15T19:16:37","slug":"peluche-cane-40cm-660211","status":"publish","type":"product","link":"https:\/\/gadgettravellers.eu\/it\/shop\/peluche-cane-40cm-660211\/","title":{"rendered":"Peluche Cane &#8211; 40cm &#8211; 660211"},"content":{"rendered":"<p>Pupazzo di peluche per bambini, lungo 40 cm, con rivestimento morbido e ipoallergenico, completamente amico della pelle. Un gioco che ogni bambino adorer\u00e0 e che diventer\u00e0 il suo amico preferito che lo accompagner\u00e0 ovunque.<\/p>\n","protected":false},"excerpt":{"rendered":"<p>Morbido peluche cane 40cm con rivestimento ipoallergenico e dalla texture morbida \u2014 sicuro e amico della pelle dei bambini. Ideale per coccole, gioco e regalo.<\/p>\n","protected":false},"featured_media":5115927,"comment_status":"closed","ping_status":"open","template":"","meta":[],"product_brand":[],"product_cat":[],"product_tag":[15],"class_list":{"0":"post-5304779","1":"product","2":"type-product","3":"status-publish","4":"has-post-thumbnail","6":"product_tag-uncategorized","8":"first","9":"onbackorder","10":"purchasable","11":"product-type-simple"},"jetpack_sharing_enabled":true,"_links":{"self":[{"href":"https:\/\/gadgettravellers.eu\/it\/wp-json\/wp\/v2\/product\/5304779","targetHints":{"allow":["GET"]}}],"collection":[{"href":"https:\/\/gadgettravellers.eu\/it\/wp-json\/wp\/v2\/product"}],"about":[{"href":"https:\/\/gadgettravellers.eu\/it\/wp-json\/wp\/v2\/types\/product"}],"replies":[{"embeddable":true,"href":"https:\/\/gadgettravellers.eu\/it\/wp-json\/wp\/v2\/comments?post=5304779"}],"wp:featuredmedia":[{"embeddable":true,"href":"https:\/\/gadgettravellers.eu\/it\/wp-json\/wp\/v2\/media\/5115927"}],"wp:attachment":[{"href":"https:\/\/gadgettravellers.eu\/it\/wp-json\/wp\/v2\/media?parent=5304779"}],"wp:term":[{"taxonomy":"product_brand","embeddable":true,"href":"https:\/\/gadgettravellers.eu\/it\/wp-json\/wp\/v2\/product_brand?post=5304779"},{"taxonomy":"product_cat","embeddable":true,"href":"https:\/\/gadgettravellers.eu\/it\/wp-json\/wp\/v2\/product_cat?post=5304779"},{"taxonomy":"product_tag","embeddable":true,"href":"https:\/\/gadgettravellers.eu\/it\/wp-json\/wp\/v2\/product_tag?post=5304779"}],"curies":[{"name":"wp","href":"https:\/\/api.w.org\/{rel}","templated":true}]}}