{"id":5304792,"date":"2026-01-19T12:26:40","date_gmt":"2026-01-19T10:26:40","guid":{"rendered":"https:\/\/gadgettravellers.eu\/shop\/macchina-da-caffe-espresso-per-capsule-ka3118-dsp-616638\/"},"modified":"2026-04-13T01:25:16","modified_gmt":"2026-04-12T23:25:16","slug":"macchina-da-caffe-espresso-per-capsule-ka3118-dsp-616638","status":"publish","type":"product","link":"https:\/\/gadgettravellers.eu\/it\/shop\/macchina-da-caffe-espresso-per-capsule-ka3118-dsp-616638\/","title":{"rendered":"Macchina da caff\u00e8 espresso per capsule &#8211; KA3118 &#8211; DSP &#8211; 616638"},"content":{"rendered":"<p>Macchina da caff\u00e8 Espresso per capsule DSP, di alta qualit\u00e0 nella costruzione e nelle prestazioni, ideale per un caff\u00e8 espresso professionale a casa tua.<\/p>\n<p>Caratteristiche: <br \/>Tensione: 220-240V~50\/60Hz <br \/>Potenza: 1400 W <br \/>Pressione: 20 bar<br \/>Serbatoio dell&#8217;acqua trasparente rimovibile da 0,7L, <br \/>3 diversi supporti per capsule per tutte le marche, <br \/>Tempo di preparazione: 40 s<br \/>Scocca in acciaio inox lucido <br \/>Protezione da surriscaldamento e sovrapressione, <br \/>Dimensioni del dispositivo: 21,5*25*28,8cm<\/p>\n<p>Istruzioni per l&#8217;uso incluse in inglese.<\/p>\n<div class='aiseo-faq-section' style='margin-top:30px; border-top:1px solid #eee; padding-top:20px;'>\n<h3>Domande Frequenti<\/h3>\n<details style='margin-bottom:10px; padding:10px; background:#f9f9f9; border-radius:5px;'>\n<summary style='font-weight:bold; cursor:pointer;'>Quali tipi di capsule supporta la macchina?<\/summary>\n<div style='margin-top:10px; color:#555;'>Dispone di 3 diverse basi per capsule e supporta capsule per la maggior parte delle aziende.<\/div>\n<\/details>\n<details style='margin-bottom:10px; padding:10px; background:#f9f9f9; border-radius:5px;'>\n<summary style='font-weight:bold; cursor:pointer;'>Qual \u00e8 la pressione di esercizio?<\/summary>\n<div style='margin-top:10px; color:#555;'>La pressione di esercizio \u00e8 20 bar.<\/div>\n<\/details>\n<details style='margin-bottom:10px; padding:10px; background:#f9f9f9; border-radius:5px;'>\n<summary style='font-weight:bold; cursor:pointer;'>Qual \u00e8 la capacit\u00e0 del serbatoio dell&#8217;acqua?<\/summary>\n<div style='margin-top:10px; color:#555;'>Il serbatoio dell&#8217;acqua trasparente rimovibile ha una capacit\u00e0 di 0,7 L.<\/div>\n<\/details>\n<details style='margin-bottom:10px; padding:10px; background:#f9f9f9; border-radius:5px;'>\n<summary style='font-weight:bold; cursor:pointer;'>Quanto tempo ci vuole perch\u00e9 la macchina sia pronta?<\/summary>\n<div style='margin-top:10px; color:#555;'>Il tempo di preparazione \u00e8 di circa 40 secondi.<\/div>\n<\/details>\n<details style='margin-bottom:10px; padding:10px; background:#f9f9f9; border-radius:5px;'>\n<summary style='font-weight:bold; cursor:pointer;'>Ci sono protezioni di sicurezza?<\/summary>\n<div style='margin-top:10px; color:#555;'>S\u00ec, dispone di protezione contro il surriscaldamento e la sovrapressione.<\/div>\n<\/details>\n<\/div>\n","protected":false},"excerpt":{"rendered":"<p>Macchina da caff\u00e8 espresso a capsule DSP con pressione di 20 bar e 1400W. Serbatoio rimovibile da 0,7L, pronta in 40s, corpo in acciaio inox e protezione da surriscaldamento\/sovrapressione.<\/p>\n","protected":false},"featured_media":5116008,"comment_status":"closed","ping_status":"open","template":"","meta":[],"product_brand":[],"product_cat":[],"product_tag":[15],"class_list":{"0":"post-5304792","1":"product","2":"type-product","3":"status-publish","4":"has-post-thumbnail","6":"product_tag-uncategorized","8":"first","9":"onbackorder","10":"purchasable","11":"product-type-simple"},"jetpack_sharing_enabled":true,"_links":{"self":[{"href":"https:\/\/gadgettravellers.eu\/it\/wp-json\/wp\/v2\/product\/5304792","targetHints":{"allow":["GET"]}}],"collection":[{"href":"https:\/\/gadgettravellers.eu\/it\/wp-json\/wp\/v2\/product"}],"about":[{"href":"https:\/\/gadgettravellers.eu\/it\/wp-json\/wp\/v2\/types\/product"}],"replies":[{"embeddable":true,"href":"https:\/\/gadgettravellers.eu\/it\/wp-json\/wp\/v2\/comments?post=5304792"}],"wp:featuredmedia":[{"embeddable":true,"href":"https:\/\/gadgettravellers.eu\/it\/wp-json\/wp\/v2\/media\/5116008"}],"wp:attachment":[{"href":"https:\/\/gadgettravellers.eu\/it\/wp-json\/wp\/v2\/media?parent=5304792"}],"wp:term":[{"taxonomy":"product_brand","embeddable":true,"href":"https:\/\/gadgettravellers.eu\/it\/wp-json\/wp\/v2\/product_brand?post=5304792"},{"taxonomy":"product_cat","embeddable":true,"href":"https:\/\/gadgettravellers.eu\/it\/wp-json\/wp\/v2\/product_cat?post=5304792"},{"taxonomy":"product_tag","embeddable":true,"href":"https:\/\/gadgettravellers.eu\/it\/wp-json\/wp\/v2\/product_tag?post=5304792"}],"curies":[{"name":"wp","href":"https:\/\/api.w.org\/{rel}","templated":true}]}}