{"id":5305009,"date":"2026-01-19T12:28:58","date_gmt":"2026-01-19T10:28:58","guid":{"rendered":"https:\/\/gadgettravellers.eu\/shop\/peluche-orsetto-25cm-660099\/"},"modified":"2026-04-14T01:22:30","modified_gmt":"2026-04-13T23:22:30","slug":"peluche-orsetto-25cm-660099","status":"publish","type":"product","link":"https:\/\/gadgettravellers.eu\/it\/shop\/peluche-orsetto-25cm-660099\/","title":{"rendered":"Peluche Orsetto &#8211; 25cm &#8211; 660099"},"content":{"rendered":"<p>Bambola di peluche per bambini, lunga 25 cm, con rivestimento morbido e ipoallergenico, completamente amichevole per la pelle. Un giocattolo che ogni bambino adorer\u00e0 e che diventer\u00e0 il suo amico preferito che lo accompagner\u00e0 ovunque.<\/p>\n","protected":false},"excerpt":{"rendered":"<p>Orsetto di peluche morbido 25cm con rivestimento ipoallergenico, amico della pelle e ideale per abbracci e giochi. Eccellente come regalo per bambini.<\/p>\n","protected":false},"featured_media":5117198,"comment_status":"closed","ping_status":"open","template":"","meta":[],"product_brand":[],"product_cat":[],"product_tag":[15],"class_list":{"0":"post-5305009","1":"product","2":"type-product","3":"status-publish","4":"has-post-thumbnail","6":"product_tag-uncategorized","8":"first","9":"onbackorder","10":"purchasable","11":"product-type-simple"},"jetpack_sharing_enabled":true,"_links":{"self":[{"href":"https:\/\/gadgettravellers.eu\/it\/wp-json\/wp\/v2\/product\/5305009","targetHints":{"allow":["GET"]}}],"collection":[{"href":"https:\/\/gadgettravellers.eu\/it\/wp-json\/wp\/v2\/product"}],"about":[{"href":"https:\/\/gadgettravellers.eu\/it\/wp-json\/wp\/v2\/types\/product"}],"replies":[{"embeddable":true,"href":"https:\/\/gadgettravellers.eu\/it\/wp-json\/wp\/v2\/comments?post=5305009"}],"wp:featuredmedia":[{"embeddable":true,"href":"https:\/\/gadgettravellers.eu\/it\/wp-json\/wp\/v2\/media\/5117198"}],"wp:attachment":[{"href":"https:\/\/gadgettravellers.eu\/it\/wp-json\/wp\/v2\/media?parent=5305009"}],"wp:term":[{"taxonomy":"product_brand","embeddable":true,"href":"https:\/\/gadgettravellers.eu\/it\/wp-json\/wp\/v2\/product_brand?post=5305009"},{"taxonomy":"product_cat","embeddable":true,"href":"https:\/\/gadgettravellers.eu\/it\/wp-json\/wp\/v2\/product_cat?post=5305009"},{"taxonomy":"product_tag","embeddable":true,"href":"https:\/\/gadgettravellers.eu\/it\/wp-json\/wp\/v2\/product_tag?post=5305009"}],"curies":[{"name":"wp","href":"https:\/\/api.w.org\/{rel}","templated":true}]}}