{"id":5305010,"date":"2026-01-19T12:28:59","date_gmt":"2026-01-19T10:28:59","guid":{"rendered":"https:\/\/gadgettravellers.eu\/shop\/peluche-delfino-26cm-660075\/"},"modified":"2026-04-15T21:17:39","modified_gmt":"2026-04-15T19:17:39","slug":"peluche-delfino-26cm-660075","status":"publish","type":"product","link":"https:\/\/gadgettravellers.eu\/it\/shop\/peluche-delfino-26cm-660075\/","title":{"rendered":"Peluche Delfino &#8211; 26cm &#8211; 660075"},"content":{"rendered":"<p>Pupazzo di peluche per bambini, lungo 26 cm, con rivestimento morbido e ipoallergenico, completamente amico della pelle. Un giocattolo che ogni bambino adorer\u00e0 e che diventer\u00e0 il suo amico preferito che lo accompagner\u00e0 ovunque.<\/p>\n<p>*Spedizione del colore in base alla disponibilit\u00e0.<\/p>\n","protected":false},"excerpt":{"rendered":"<p>Morbido delfino di peluche lungo 26 cm con rivestimento ipoallergenico e delicato sulla pelle. Ideale per coccole e gioco \u2014 spedizione del colore in base alla disponibilit\u00e0.<\/p>\n","protected":false},"featured_media":5117202,"comment_status":"closed","ping_status":"open","template":"","meta":[],"product_brand":[],"product_cat":[],"product_tag":[15],"class_list":{"0":"post-5305010","1":"product","2":"type-product","3":"status-publish","4":"has-post-thumbnail","6":"product_tag-uncategorized","8":"first","9":"onbackorder","10":"purchasable","11":"product-type-simple"},"jetpack_sharing_enabled":true,"_links":{"self":[{"href":"https:\/\/gadgettravellers.eu\/it\/wp-json\/wp\/v2\/product\/5305010","targetHints":{"allow":["GET"]}}],"collection":[{"href":"https:\/\/gadgettravellers.eu\/it\/wp-json\/wp\/v2\/product"}],"about":[{"href":"https:\/\/gadgettravellers.eu\/it\/wp-json\/wp\/v2\/types\/product"}],"replies":[{"embeddable":true,"href":"https:\/\/gadgettravellers.eu\/it\/wp-json\/wp\/v2\/comments?post=5305010"}],"wp:featuredmedia":[{"embeddable":true,"href":"https:\/\/gadgettravellers.eu\/it\/wp-json\/wp\/v2\/media\/5117202"}],"wp:attachment":[{"href":"https:\/\/gadgettravellers.eu\/it\/wp-json\/wp\/v2\/media?parent=5305010"}],"wp:term":[{"taxonomy":"product_brand","embeddable":true,"href":"https:\/\/gadgettravellers.eu\/it\/wp-json\/wp\/v2\/product_brand?post=5305010"},{"taxonomy":"product_cat","embeddable":true,"href":"https:\/\/gadgettravellers.eu\/it\/wp-json\/wp\/v2\/product_cat?post=5305010"},{"taxonomy":"product_tag","embeddable":true,"href":"https:\/\/gadgettravellers.eu\/it\/wp-json\/wp\/v2\/product_tag?post=5305010"}],"curies":[{"name":"wp","href":"https:\/\/api.w.org\/{rel}","templated":true}]}}