{"id":5305029,"date":"2026-01-19T12:29:07","date_gmt":"2026-01-19T10:29:07","guid":{"rendered":"https:\/\/gadgettravellers.eu\/shop\/orologio-digitale-con-termometro-yq618f-678917-bianco\/"},"modified":"2026-04-13T01:27:00","modified_gmt":"2026-04-12T23:27:00","slug":"orologio-digitale-con-termometro-yq618f-678917-bianco","status":"publish","type":"product","link":"https:\/\/gadgettravellers.eu\/it\/shop\/orologio-digitale-con-termometro-yq618f-678917-bianco\/","title":{"rendered":"Orologio digitale con termometro &#8211; YQ618F &#8211; 678917 &#8211; Bianco"},"content":{"rendered":"<p>Orologio digitale\u2013Sveglia dal design moderno con schermo illuminato e dimensioni mini pratiche che possono essere posizionate ovunque e dare un tocco contemporaneo al tuo spazio. <br \/>Dotato di retroilluminazione e molteplici indicazioni.<br \/>Funzioni-indicazioni:<br \/>Ora, <br \/>Data (giorno, mese, anno)<br \/>Temperatura, Umidit\u00e0<br \/>Sveglia con opzioni di suoni. <br \/>Funziona con 2 batterie AAA (non incluse)<br \/>Dimensioni: 13 x 7 x 3cm<\/p>\n<div class='aiseo-faq-section' style='margin-top:30px; border-top:1px solid #eee; padding-top:20px;'>\n<h3>Domande Frequenti<\/h3>\n<details style='margin-bottom:10px; padding:10px; background:#f9f9f9; border-radius:5px;'>\n<summary style='font-weight:bold; cursor:pointer;'>Quali indicazioni mostra l&#8217;orologio?<\/summary>\n<div style='margin-top:10px; color:#555;'>Visualizza ora, data (giorno, mese, anno), temperatura e umidit\u00e0, nonch\u00e9 indicazione della sveglia.<\/div>\n<\/details>\n<details style='margin-bottom:10px; padding:10px; background:#f9f9f9; border-radius:5px;'>\n<summary style='font-weight:bold; cursor:pointer;'>Che alimentazione necessita l&#8217;orologio?<\/summary>\n<div style='margin-top:10px; color:#555;'>Funziona con 2 batterie AAA non incluse nella confezione.<\/div>\n<\/details>\n<details style='margin-bottom:10px; padding:10px; background:#f9f9f9; border-radius:5px;'>\n<summary style='font-weight:bold; cursor:pointer;'>Come funziona l&#8217;illuminazione dello schermo?<\/summary>\n<div style='margin-top:10px; color:#555;'>Dispone di retroilluminazione per uno schermo illuminato che si attiva per una visualizzazione leggibile in condizioni di scarsa illuminazione.<\/div>\n<\/details>\n<details style='margin-bottom:10px; padding:10px; background:#f9f9f9; border-radius:5px;'>\n<summary style='font-weight:bold; cursor:pointer;'>Dove posso posizionarlo?<\/summary>\n<div style='margin-top:10px; color:#555;'>\u00c8 di piccole dimensioni (13 x 7 x 3 cm) ed \u00e8 ideale per il comodino o la scrivania, ma pu\u00f2 essere posizionato ovunque.<\/div>\n<\/details>\n<\/div>\n","protected":false},"excerpt":{"rendered":"<p>Piccolo orologio digitale con schermo retroilluminato, indicazione di ora, data, temperatura e umidit\u00e0, e sveglia con opzioni di suoni. Ideale per comodino o scrivania, funziona con 2x batterie AAA.<\/p>\n","protected":false},"featured_media":5117304,"comment_status":"closed","ping_status":"open","template":"","meta":[],"product_brand":[],"product_cat":[],"product_tag":[15],"class_list":{"0":"post-5305029","1":"product","2":"type-product","3":"status-publish","4":"has-post-thumbnail","6":"product_tag-uncategorized","8":"first","9":"onbackorder","10":"purchasable","11":"product-type-simple"},"jetpack_sharing_enabled":true,"_links":{"self":[{"href":"https:\/\/gadgettravellers.eu\/it\/wp-json\/wp\/v2\/product\/5305029","targetHints":{"allow":["GET"]}}],"collection":[{"href":"https:\/\/gadgettravellers.eu\/it\/wp-json\/wp\/v2\/product"}],"about":[{"href":"https:\/\/gadgettravellers.eu\/it\/wp-json\/wp\/v2\/types\/product"}],"replies":[{"embeddable":true,"href":"https:\/\/gadgettravellers.eu\/it\/wp-json\/wp\/v2\/comments?post=5305029"}],"wp:featuredmedia":[{"embeddable":true,"href":"https:\/\/gadgettravellers.eu\/it\/wp-json\/wp\/v2\/media\/5117304"}],"wp:attachment":[{"href":"https:\/\/gadgettravellers.eu\/it\/wp-json\/wp\/v2\/media?parent=5305029"}],"wp:term":[{"taxonomy":"product_brand","embeddable":true,"href":"https:\/\/gadgettravellers.eu\/it\/wp-json\/wp\/v2\/product_brand?post=5305029"},{"taxonomy":"product_cat","embeddable":true,"href":"https:\/\/gadgettravellers.eu\/it\/wp-json\/wp\/v2\/product_cat?post=5305029"},{"taxonomy":"product_tag","embeddable":true,"href":"https:\/\/gadgettravellers.eu\/it\/wp-json\/wp\/v2\/product_tag?post=5305029"}],"curies":[{"name":"wp","href":"https:\/\/api.w.org\/{rel}","templated":true}]}}