{"id":5305113,"date":"2026-01-19T12:29:59","date_gmt":"2026-01-19T10:29:59","guid":{"rendered":"https:\/\/gadgettravellers.eu\/shop\/orologio-digitale-da-polso-per-bambini-skmei-2266-blu-rosso\/"},"modified":"2026-04-13T01:27:35","modified_gmt":"2026-04-12T23:27:35","slug":"orologio-digitale-da-polso-per-bambini-skmei-2266-blu-rosso","status":"publish","type":"product","link":"https:\/\/gadgettravellers.eu\/it\/shop\/orologio-digitale-da-polso-per-bambini-skmei-2266-blu-rosso\/","title":{"rendered":"Orologio digitale da polso per bambini \u2013 Skmei &#8211; 2266 &#8211; Blu\/Rosso"},"content":{"rendered":"<p>Orologio digitale da polso per bambini Skmei con un design sportivo eccezionale, colori meravigliosi e uno stile che si adatta a ogni gusto e umore.<\/p>\n<p>Caratteristiche: <br \/>Vestibilit\u00e0 comoda con cinturino in silicone<br \/>Resistenza all&#8217;umidit\u00e0 <br \/>Coperchio della batteria in acciaio inossidabile <br \/>Lunghezza cinturino: 20cm <br \/>Diametro quadrante: 37,6mm (con la cassa), <br \/>Spessore quadrante: 13,5mm <br \/>Retroilluminazione, <br \/>Funzioni principali: Data, Ora, Cronometro<\/p>\n<div class='aiseo-faq-section' style='margin-top:30px; border-top:1px solid #eee; padding-top:20px;'>\n<h3>Domande Frequenti<\/h3>\n<details style='margin-bottom:10px; padding:10px; background:#f9f9f9; border-radius:5px;'>\n<summary style='font-weight:bold; cursor:pointer;'>L&#8217;orologio \u00e8 adatto ai bambini?<\/summary>\n<div style='margin-top:10px; color:#555;'>S\u00ec, \u00e8 progettato per bambini con una vestibilit\u00e0 comoda e un cinturino lungo 20 cm.<\/div>\n<\/details>\n<details style='margin-bottom:10px; padding:10px; background:#f9f9f9; border-radius:5px;'>\n<summary style='font-weight:bold; cursor:pointer;'>Quali funzioni ha?<\/summary>\n<div style='margin-top:10px; color:#555;'>Dispone di retroilluminazione dello schermo (backlight), visualizzazione di data e ora e cronometro.<\/div>\n<\/details>\n<details style='margin-bottom:10px; padding:10px; background:#f9f9f9; border-radius:5px;'>\n<summary style='font-weight:bold; cursor:pointer;'>\u00c8 resistente all&#8217;umidit\u00e0?<\/summary>\n<div style='margin-top:10px; color:#555;'>Ha resistenza all&#8217;umidit\u00e0 secondo la descrizione, senza che venga specificato un grado preciso di impermeabilizzazione.<\/div>\n<\/details>\n<details style='margin-bottom:10px; padding:10px; background:#f9f9f9; border-radius:5px;'>\n<summary style='font-weight:bold; cursor:pointer;'>Quali sono le dimensioni e i materiali del quadrante?<\/summary>\n<div style='margin-top:10px; color:#555;'>Diametro del quadrante 37,6 mm, spessore 13,5 mm e coperchio della batteria in acciaio inossidabile.<\/div>\n<\/details>\n<\/div>\n","protected":false},"excerpt":{"rendered":"<p>Orologio digitale per bambini con cinturino in silicone resistente, retroilluminazione, resistenza all&#8217;umidit\u00e0, data e cronometro. Vestibilit\u00e0 comoda e design sportivo per l&#8217;uso quotidiano.<\/p>\n","protected":false},"featured_media":5117744,"comment_status":"closed","ping_status":"open","template":"","meta":[],"product_brand":[],"product_cat":[],"product_tag":[15],"class_list":{"0":"post-5305113","1":"product","2":"type-product","3":"status-publish","4":"has-post-thumbnail","6":"product_tag-uncategorized","8":"first","9":"onbackorder","10":"purchasable","11":"product-type-simple"},"jetpack_sharing_enabled":true,"_links":{"self":[{"href":"https:\/\/gadgettravellers.eu\/it\/wp-json\/wp\/v2\/product\/5305113","targetHints":{"allow":["GET"]}}],"collection":[{"href":"https:\/\/gadgettravellers.eu\/it\/wp-json\/wp\/v2\/product"}],"about":[{"href":"https:\/\/gadgettravellers.eu\/it\/wp-json\/wp\/v2\/types\/product"}],"replies":[{"embeddable":true,"href":"https:\/\/gadgettravellers.eu\/it\/wp-json\/wp\/v2\/comments?post=5305113"}],"wp:featuredmedia":[{"embeddable":true,"href":"https:\/\/gadgettravellers.eu\/it\/wp-json\/wp\/v2\/media\/5117744"}],"wp:attachment":[{"href":"https:\/\/gadgettravellers.eu\/it\/wp-json\/wp\/v2\/media?parent=5305113"}],"wp:term":[{"taxonomy":"product_brand","embeddable":true,"href":"https:\/\/gadgettravellers.eu\/it\/wp-json\/wp\/v2\/product_brand?post=5305113"},{"taxonomy":"product_cat","embeddable":true,"href":"https:\/\/gadgettravellers.eu\/it\/wp-json\/wp\/v2\/product_cat?post=5305113"},{"taxonomy":"product_tag","embeddable":true,"href":"https:\/\/gadgettravellers.eu\/it\/wp-json\/wp\/v2\/product_tag?post=5305113"}],"curies":[{"name":"wp","href":"https:\/\/api.w.org\/{rel}","templated":true}]}}