{"id":5305146,"date":"2026-01-19T12:30:14","date_gmt":"2026-01-19T10:30:14","guid":{"rendered":"https:\/\/gadgettravellers.eu\/shop\/piastra-per-capelli-ondulati-km-1227-kemei\/"},"modified":"2026-04-13T01:27:48","modified_gmt":"2026-04-12T23:27:48","slug":"piastra-per-capelli-ondulati-km-1227-kemei","status":"publish","type":"product","link":"https:\/\/gadgettravellers.eu\/it\/shop\/piastra-per-capelli-ondulati-km-1227-kemei\/","title":{"rendered":"Piastra per capelli ondulati &#8211; KM-1227 &#8211; Kemei"},"content":{"rendered":"<p>Piastra per capelli &#8211; Multistyler di Kemei per un look riccio facilissimo grazie alle piastre innovative che offre per un effetto &#8220;toast&#8221;. Crea la tua acconciatura con un solo gesto poich\u00e9 il calore si diffonde uniformemente senza danneggiare i capelli. Le sue grandi piastre in ceramica, larghe 5 cm, hanno un rivestimento speciale in tormalina che protegge i capelli dal calore e offre un risultato liscio e brillante.<\/p>\n<p><strong>Caratteristiche:<\/strong><br \/>Riscaldamento rapido in 30&#8243;<br \/>Temperatura regolabile: 100-230\u2103<br \/>Potenza: 55W<br \/>Dimensioni: 29 x 3 x 5 cm<br \/>Cavo girevole 1,8 m<\/p>\n<div class='aiseo-faq-section' style='margin-top:30px; border-top:1px solid #eee; padding-top:20px;'>\n<h3>Domande Frequenti<\/h3>\n<details style='margin-bottom:10px; padding:10px; background:#f9f9f9; border-radius:5px;'>\n<summary style='font-weight:bold; cursor:pointer;'>Che tipo di piastre ha la pressa e quale risultato offrono?<\/summary>\n<div style='margin-top:10px; color:#555;'>\u00c8 dotato di grandi piastrelle in ceramica larghe 5 cm con rivestimento in tormalina che offrono un risultato liscio, lucido e protezione dal calore.<\/div>\n<\/details>\n<details style='margin-bottom:10px; padding:10px; background:#f9f9f9; border-radius:5px;'>\n<summary style='font-weight:bold; cursor:pointer;'>Qual \u00e8 l&#8217;intervallo di temperatura e il tempo di preriscaldamento?<\/summary>\n<div style='margin-top:10px; color:#555;'>La temperatura \u00e8 regolabile da 100 a 230\u2103 e il preriscaldamento \u00e8 immediato in 30 secondi.<\/div>\n<\/details>\n<details style='margin-bottom:10px; padding:10px; background:#f9f9f9; border-radius:5px;'>\n<summary style='font-weight:bold; cursor:pointer;'>Qual \u00e8 la potenza del dispositivo?<\/summary>\n<div style='margin-top:10px; color:#555;'>La potenza \u00e8 55W.<\/div>\n<\/details>\n<details style='margin-bottom:10px; padding:10px; background:#f9f9f9; border-radius:5px;'>\n<summary style='font-weight:bold; cursor:pointer;'>Qual \u00e8 la lunghezza del cavo e ha la capacit\u00e0 di ruotare?<\/summary>\n<div style='margin-top:10px; color:#555;'>Il cavo \u00e8 lungo 1,8 metri ed \u00e8 rotante per comodit\u00e0 d&#8217;uso.<\/div>\n<\/details>\n<\/div>\n","protected":false},"excerpt":{"rendered":"<p>Piastra per capelli Multistyler con piastre in ceramica al tormalina larghe 5 cm per un facile look ondulato. Temperatura regolabile 100-230C, potenza 55W, preriscaldamento 30s e cavo girevole da 1,8 m.<\/p>\n","protected":false},"featured_media":5117875,"comment_status":"closed","ping_status":"open","template":"","meta":[],"product_brand":[],"product_cat":[],"product_tag":[15],"class_list":{"0":"post-5305146","1":"product","2":"type-product","3":"status-publish","4":"has-post-thumbnail","6":"product_tag-uncategorized","8":"first","9":"onbackorder","10":"purchasable","11":"product-type-simple"},"jetpack_sharing_enabled":true,"_links":{"self":[{"href":"https:\/\/gadgettravellers.eu\/it\/wp-json\/wp\/v2\/product\/5305146","targetHints":{"allow":["GET"]}}],"collection":[{"href":"https:\/\/gadgettravellers.eu\/it\/wp-json\/wp\/v2\/product"}],"about":[{"href":"https:\/\/gadgettravellers.eu\/it\/wp-json\/wp\/v2\/types\/product"}],"replies":[{"embeddable":true,"href":"https:\/\/gadgettravellers.eu\/it\/wp-json\/wp\/v2\/comments?post=5305146"}],"wp:featuredmedia":[{"embeddable":true,"href":"https:\/\/gadgettravellers.eu\/it\/wp-json\/wp\/v2\/media\/5117875"}],"wp:attachment":[{"href":"https:\/\/gadgettravellers.eu\/it\/wp-json\/wp\/v2\/media?parent=5305146"}],"wp:term":[{"taxonomy":"product_brand","embeddable":true,"href":"https:\/\/gadgettravellers.eu\/it\/wp-json\/wp\/v2\/product_brand?post=5305146"},{"taxonomy":"product_cat","embeddable":true,"href":"https:\/\/gadgettravellers.eu\/it\/wp-json\/wp\/v2\/product_cat?post=5305146"},{"taxonomy":"product_tag","embeddable":true,"href":"https:\/\/gadgettravellers.eu\/it\/wp-json\/wp\/v2\/product_tag?post=5305146"}],"curies":[{"name":"wp","href":"https:\/\/api.w.org\/{rel}","templated":true}]}}