{"id":5305152,"date":"2026-01-19T12:30:17","date_gmt":"2026-01-19T10:30:17","guid":{"rendered":"https:\/\/gadgettravellers.eu\/shop\/peluche-cagnolino-30cm-660235\/"},"modified":"2026-04-14T01:23:17","modified_gmt":"2026-04-13T23:23:17","slug":"peluche-cagnolino-30cm-660235","status":"publish","type":"product","link":"https:\/\/gadgettravellers.eu\/it\/shop\/peluche-cagnolino-30cm-660235\/","title":{"rendered":"Peluche Cagnolino &#8211; 30cm &#8211; 660235"},"content":{"rendered":"<p>Peluche per bambini Cane, di dimensioni 30cm, con rivestimento morbido e ipoallergenico, completamente amico della pelle. Un giocattolo che ogni bambino adorer\u00e0 e che diventer\u00e0 il suo amico preferito che lo accompagner\u00e0 ovunque.<\/p>\n","protected":false},"excerpt":{"rendered":"<p>Morbido cagnolino di peluche 30cm con rivestimento ipoallergenico e amico della pelle. Ideale per abbracci, gioco e come regalo per bambini.<\/p>\n","protected":false},"featured_media":5117946,"comment_status":"closed","ping_status":"open","template":"","meta":[],"product_brand":[],"product_cat":[],"product_tag":[15],"class_list":{"0":"post-5305152","1":"product","2":"type-product","3":"status-publish","4":"has-post-thumbnail","6":"product_tag-uncategorized","8":"first","9":"onbackorder","10":"purchasable","11":"product-type-simple"},"jetpack_sharing_enabled":true,"_links":{"self":[{"href":"https:\/\/gadgettravellers.eu\/it\/wp-json\/wp\/v2\/product\/5305152","targetHints":{"allow":["GET"]}}],"collection":[{"href":"https:\/\/gadgettravellers.eu\/it\/wp-json\/wp\/v2\/product"}],"about":[{"href":"https:\/\/gadgettravellers.eu\/it\/wp-json\/wp\/v2\/types\/product"}],"replies":[{"embeddable":true,"href":"https:\/\/gadgettravellers.eu\/it\/wp-json\/wp\/v2\/comments?post=5305152"}],"wp:featuredmedia":[{"embeddable":true,"href":"https:\/\/gadgettravellers.eu\/it\/wp-json\/wp\/v2\/media\/5117946"}],"wp:attachment":[{"href":"https:\/\/gadgettravellers.eu\/it\/wp-json\/wp\/v2\/media?parent=5305152"}],"wp:term":[{"taxonomy":"product_brand","embeddable":true,"href":"https:\/\/gadgettravellers.eu\/it\/wp-json\/wp\/v2\/product_brand?post=5305152"},{"taxonomy":"product_cat","embeddable":true,"href":"https:\/\/gadgettravellers.eu\/it\/wp-json\/wp\/v2\/product_cat?post=5305152"},{"taxonomy":"product_tag","embeddable":true,"href":"https:\/\/gadgettravellers.eu\/it\/wp-json\/wp\/v2\/product_tag?post=5305152"}],"curies":[{"name":"wp","href":"https:\/\/api.w.org\/{rel}","templated":true}]}}