{"id":5305199,"date":"2026-01-19T12:30:40","date_gmt":"2026-01-19T10:30:40","guid":{"rendered":"https:\/\/gadgettravellers.eu\/shop\/panno-in-microfibra-per-la-pulizia-dellauto-1610201-k-160886\/"},"modified":"2026-03-09T22:40:39","modified_gmt":"2026-03-09T20:40:39","slug":"panno-in-microfibra-per-la-pulizia-dellauto-1610201-k-160886","status":"publish","type":"product","link":"https:\/\/gadgettravellers.eu\/it\/shop\/panno-in-microfibra-per-la-pulizia-dellauto-1610201-k-160886\/","title":{"rendered":"Panno in microfibra per la pulizia dell&#8217;auto &#8211; 1610201\/K &#8211; 160886"},"content":{"rendered":"<p>Panno in microfibra per la pulizia dell&#8217;auto tipo guanto da mano, a lato singolo, che pulisce, asciuga e lucida senza lasciare pelucchi. <br \/>Materiale resistente di alta qualit\u00e0. <br \/>Si lava facilmente a mano o in lavatrice.<br \/>Dimensioni: 23x15cm.<\/p>\n<p><strong>*Disponibile in vari colori &#8211; Spedizione del colore secondo disponibilit\u00e0.<\/strong><\/p>\n<div class='aiseo-faq-section' style='margin-top:30px; border-top:1px solid #eee; padding-top:20px;'>\n<h3>Domande Frequenti<\/h3>\n<details style='margin-bottom:10px; padding:10px; background:#f9f9f9; border-radius:5px;'>\n<summary style='font-weight:bold; cursor:pointer;'>Quali sono le dimensioni dell&#8217;asciugamano?<\/summary>\n<div style='margin-top:10px; color:#555;'>Le dimensioni sono 23&#215;15 cm.<\/div>\n<\/details>\n<details style='margin-bottom:10px; padding:10px; background:#f9f9f9; border-radius:5px;'>\n<summary style='font-weight:bold; cursor:pointer;'>Posso scegliere il colore per l&#8217;asciugamano?<\/summary>\n<div style='margin-top:10px; color:#555;'>C&#8217;\u00e8 una variet\u00e0 di colori e la spedizione avviene in base alla disponibilit\u00e0.<\/div>\n<\/details>\n<details style='margin-bottom:10px; padding:10px; background:#f9f9f9; border-radius:5px;'>\n<summary style='font-weight:bold; cursor:pointer;'>Come si lava il guanto-asciugamano?<\/summary>\n<div style='margin-top:10px; color:#555;'>Si lava facilmente a mano o in lavatrice senza alterare la consistenza.<\/div>\n<\/details>\n<details style='margin-bottom:10px; padding:10px; background:#f9f9f9; border-radius:5px;'>\n<summary style='font-weight:bold; cursor:pointer;'>Lascer\u00e0 peluria sulla superficie?<\/summary>\n<div style='margin-top:10px; color:#555;'>No \u2014 pulisce, asciuga e lucida senza lasciare pelucchi.<\/div>\n<\/details>\n<\/div>\n","protected":false},"excerpt":{"rendered":"<p>Guanto-asciugamano in microfibra 23x15cm per pulizia, asciugatura e lucidatura dell&#8217;auto senza pelucchi. Resistente, lavabile a mano o in lavatrice, disponibile in una variet\u00e0 di colori.<\/p>\n","protected":false},"featured_media":5118194,"comment_status":"closed","ping_status":"open","template":"","meta":[],"product_brand":[],"product_cat":[],"product_tag":[15],"class_list":{"0":"post-5305199","1":"product","2":"type-product","3":"status-publish","4":"has-post-thumbnail","6":"product_tag-uncategorized","8":"first","9":"onbackorder","10":"purchasable","11":"product-type-simple"},"jetpack_sharing_enabled":true,"_links":{"self":[{"href":"https:\/\/gadgettravellers.eu\/it\/wp-json\/wp\/v2\/product\/5305199","targetHints":{"allow":["GET"]}}],"collection":[{"href":"https:\/\/gadgettravellers.eu\/it\/wp-json\/wp\/v2\/product"}],"about":[{"href":"https:\/\/gadgettravellers.eu\/it\/wp-json\/wp\/v2\/types\/product"}],"replies":[{"embeddable":true,"href":"https:\/\/gadgettravellers.eu\/it\/wp-json\/wp\/v2\/comments?post=5305199"}],"wp:featuredmedia":[{"embeddable":true,"href":"https:\/\/gadgettravellers.eu\/it\/wp-json\/wp\/v2\/media\/5118194"}],"wp:attachment":[{"href":"https:\/\/gadgettravellers.eu\/it\/wp-json\/wp\/v2\/media?parent=5305199"}],"wp:term":[{"taxonomy":"product_brand","embeddable":true,"href":"https:\/\/gadgettravellers.eu\/it\/wp-json\/wp\/v2\/product_brand?post=5305199"},{"taxonomy":"product_cat","embeddable":true,"href":"https:\/\/gadgettravellers.eu\/it\/wp-json\/wp\/v2\/product_cat?post=5305199"},{"taxonomy":"product_tag","embeddable":true,"href":"https:\/\/gadgettravellers.eu\/it\/wp-json\/wp\/v2\/product_tag?post=5305199"}],"curies":[{"name":"wp","href":"https:\/\/api.w.org\/{rel}","templated":true}]}}