{"id":5305528,"date":"2026-01-19T12:33:34","date_gmt":"2026-01-19T10:33:34","guid":{"rendered":"https:\/\/gadgettravellers.eu\/shop\/forno-per-unghie-uv-led-suny21-248w-582358-bianco\/"},"modified":"2026-03-09T22:43:54","modified_gmt":"2026-03-09T20:43:54","slug":"forno-per-unghie-uv-led-suny21-248w-582358-bianco","status":"publish","type":"product","link":"https:\/\/gadgettravellers.eu\/it\/shop\/forno-per-unghie-uv-led-suny21-248w-582358-bianco\/","title":{"rendered":"Forno per unghie UV\/LED &#8211; SUNY21 &#8211; 248W &#8211; 582358 &#8211; Bianco"},"content":{"rendered":"<p>Forno professionale per unghie, con design impressionante, adatto per la polimerizzazione di gel e smalti semipermanenti di tutte le marche.<br \/>\nDotato di sensore touch per l&#8217;attivazione automatica non appena si posiziona la mano e timer integrato.<br \/>\nAdatto per l&#8217;uso su mani e piedi.<br \/>\nPolimerizzazione immediata su tutti i materiali, indipendentemente dalla marca e dalla composizione del prodotto.<br \/>\nEccellente qualit\u00e0 costruttiva, ideale per un uso continuo e intensivo senza causare la sensazione di &#8220;bruciore&#8221; durante la polimerizzazione. Lampade LED posizionate strategicamente, senza zone &#8220;morte&#8221;, garantiscono massima efficienza, senza perdite nella polimerizzazione. Doppia lunghezza d&#8217;onda 365 + 405nm.<br \/>\nTimer 10, 30, 60 e 99 sec. Display digitale per l&#8217;indicazione del tempo.<br \/>\nTensione: 24V.<br \/>\nPotenza: 248W.<br \/>\nBase rimovibile. Maniglia per il trasporto.<\/p>\n<div class='aiseo-faq-section' style='margin-top:30px; border-top:1px solid #eee; padding-top:20px;'>\n<h3>Domande Frequenti<\/h3>\n<details style='margin-bottom:10px; padding:10px; background:#f9f9f9; border-radius:5px;'>\n<summary style='font-weight:bold; cursor:pointer;'>Il forno \u00e8 compatibile con i prodotti di tutte le aziende?<\/summary>\n<div style='margin-top:10px; color:#555;'>S\u00ec, offre polimerizzazione immediata su tutti i materiali indipendentemente dall&#8217;azienda e dalla composizione.<\/div>\n<\/details>\n<details style='margin-bottom:10px; padding:10px; background:#f9f9f9; border-radius:5px;'>\n<summary style='font-weight:bold; cursor:pointer;'>Pu\u00f2 essere usato su mani e piedi?<\/summary>\n<div style='margin-top:10px; color:#555;'>S\u00ec, \u00e8 progettato per l&#8217;uso su mani e piedi e dispone di una base rimovibile per comodit\u00e0.<\/div>\n<\/details>\n<details style='margin-bottom:10px; padding:10px; background:#f9f9f9; border-radius:5px;'>\n<summary style='font-weight:bold; cursor:pointer;'>Quali impostazioni di tempo dispone?<\/summary>\n<div style='margin-top:10px; color:#555;'>Dispone di un timer da 10, 30, 60 e 99 secondi con display digitale.<\/div>\n<\/details>\n<details style='margin-bottom:10px; padding:10px; background:#f9f9f9; border-radius:5px;'>\n<summary style='font-weight:bold; cursor:pointer;'>Causer\u00e0 una sensazione di &#8216;bruciore&#8217; durante la polimerizzazione?<\/summary>\n<div style='margin-top:10px; color:#555;'>No, la costruzione e le lampadine sono progettate per un uso intensivo senza la sensazione di bruciore.<\/div>\n<\/details>\n<\/div>\n","protected":false},"excerpt":{"rendered":"<p>Forno professionale per unghie UV\/LED 248W con doppia lunghezza d&#8217;onda 365+405nm, timer digitale (10\/30\/60\/99s) e sensore touch. Base rimovibile e maniglia per l&#8217;uso su mani e piedi, polimerizzazione rapida separata<\/p>\n","protected":false},"featured_media":5120318,"comment_status":"closed","ping_status":"open","template":"","meta":[],"product_brand":[],"product_cat":[],"product_tag":[15],"class_list":{"0":"post-5305528","1":"product","2":"type-product","3":"status-publish","4":"has-post-thumbnail","6":"product_tag-uncategorized","8":"first","9":"onbackorder","10":"purchasable","11":"product-type-simple"},"jetpack_sharing_enabled":true,"_links":{"self":[{"href":"https:\/\/gadgettravellers.eu\/it\/wp-json\/wp\/v2\/product\/5305528","targetHints":{"allow":["GET"]}}],"collection":[{"href":"https:\/\/gadgettravellers.eu\/it\/wp-json\/wp\/v2\/product"}],"about":[{"href":"https:\/\/gadgettravellers.eu\/it\/wp-json\/wp\/v2\/types\/product"}],"replies":[{"embeddable":true,"href":"https:\/\/gadgettravellers.eu\/it\/wp-json\/wp\/v2\/comments?post=5305528"}],"wp:featuredmedia":[{"embeddable":true,"href":"https:\/\/gadgettravellers.eu\/it\/wp-json\/wp\/v2\/media\/5120318"}],"wp:attachment":[{"href":"https:\/\/gadgettravellers.eu\/it\/wp-json\/wp\/v2\/media?parent=5305528"}],"wp:term":[{"taxonomy":"product_brand","embeddable":true,"href":"https:\/\/gadgettravellers.eu\/it\/wp-json\/wp\/v2\/product_brand?post=5305528"},{"taxonomy":"product_cat","embeddable":true,"href":"https:\/\/gadgettravellers.eu\/it\/wp-json\/wp\/v2\/product_cat?post=5305528"},{"taxonomy":"product_tag","embeddable":true,"href":"https:\/\/gadgettravellers.eu\/it\/wp-json\/wp\/v2\/product_tag?post=5305528"}],"curies":[{"name":"wp","href":"https:\/\/api.w.org\/{rel}","templated":true}]}}