{"id":5305540,"date":"2026-01-19T12:33:41","date_gmt":"2026-01-19T10:33:41","guid":{"rendered":"https:\/\/gadgettravellers.eu\/shop\/luci-led-di-natale-diamonds-272387-bianco-caldo\/"},"modified":"2026-03-09T22:44:02","modified_gmt":"2026-03-09T20:44:02","slug":"luci-led-di-natale-diamonds-272387-bianco-caldo","status":"publish","type":"product","link":"https:\/\/gadgettravellers.eu\/it\/shop\/luci-led-di-natale-diamonds-272387-bianco-caldo\/","title":{"rendered":"Luci LED di Natale &#8211; Diamonds &#8211; 272387 &#8211; Bianco Caldo"},"content":{"rendered":"<p>Luci decorative di Natale serie Diamond, lunghezza 3m, con 10 lampadine LED e colore della luce bianco caldo.<br \/>Custodia in plastica resistente.<br \/>Alimentatore per presa incluso. <br \/>Tensione di funzionamento: 220-240V<br \/>Potenza: 3.6W<br \/>Grado di protezione: IP44<\/p>\n<div class='aiseo-faq-section' style='margin-top:30px; border-top:1px solid #eee; padding-top:20px;'>\n<h3>Domande Frequenti<\/h3>\n<details style='margin-bottom:10px; padding:10px; background:#f9f9f9; border-radius:5px;'>\n<summary style='font-weight:bold; cursor:pointer;'>Posso usare le luci fuori sul balcone o in giardino?<\/summary>\n<div style='margin-top:10px; color:#555;'>S\u00ec, hanno grado di protezione IP44 e sono adatti per decorazioni esterne ed interne.<\/div>\n<\/details>\n<details style='margin-bottom:10px; padding:10px; background:#f9f9f9; border-radius:5px;'>\n<summary style='font-weight:bold; cursor:pointer;'>Qual \u00e8 la lunghezza e quanti lampadine sono incluse?<\/summary>\n<div style='margin-top:10px; color:#555;'>Il set ha una lunghezza di 3 metri e include 10 lampadine LED.<\/div>\n<\/details>\n<details style='margin-bottom:10px; padding:10px; background:#f9f9f9; border-radius:5px;'>\n<summary style='font-weight:bold; cursor:pointer;'>\u00c8 incluso un alimentatore e qual \u00e8 la tensione di funzionamento?<\/summary>\n<div style='margin-top:10px; color:#555;'>S\u00ec, \u00e8 incluso un alimentatore da presa e la tensione di funzionamento \u00e8 220\u2013240V con una potenza di 3,6W.<\/div>\n<\/details>\n<details style='margin-bottom:10px; padding:10px; background:#f9f9f9; border-radius:5px;'>\n<summary style='font-weight:bold; cursor:pointer;'>Di che colore \u00e8 l&#8217;illuminazione dei LED?<\/summary>\n<div style='margin-top:10px; color:#555;'>I LED hanno colore bianco caldo.<\/div>\n<\/details>\n<\/div>\n","protected":false},"excerpt":{"rendered":"<p>Luci di Natale a LED Diamond di lunghezza 3m con 10 lampadine a luce calda, alimentatore da presa e protezione IP44 \u2014 ideali per decorazioni interne ed esterne.<\/p>\n","protected":false},"featured_media":5120384,"comment_status":"closed","ping_status":"open","template":"","meta":[],"product_brand":[],"product_cat":[],"product_tag":[15],"class_list":{"0":"post-5305540","1":"product","2":"type-product","3":"status-publish","4":"has-post-thumbnail","6":"product_tag-uncategorized","8":"first","9":"onbackorder","10":"purchasable","11":"product-type-simple"},"jetpack_sharing_enabled":true,"_links":{"self":[{"href":"https:\/\/gadgettravellers.eu\/it\/wp-json\/wp\/v2\/product\/5305540","targetHints":{"allow":["GET"]}}],"collection":[{"href":"https:\/\/gadgettravellers.eu\/it\/wp-json\/wp\/v2\/product"}],"about":[{"href":"https:\/\/gadgettravellers.eu\/it\/wp-json\/wp\/v2\/types\/product"}],"replies":[{"embeddable":true,"href":"https:\/\/gadgettravellers.eu\/it\/wp-json\/wp\/v2\/comments?post=5305540"}],"wp:featuredmedia":[{"embeddable":true,"href":"https:\/\/gadgettravellers.eu\/it\/wp-json\/wp\/v2\/media\/5120384"}],"wp:attachment":[{"href":"https:\/\/gadgettravellers.eu\/it\/wp-json\/wp\/v2\/media?parent=5305540"}],"wp:term":[{"taxonomy":"product_brand","embeddable":true,"href":"https:\/\/gadgettravellers.eu\/it\/wp-json\/wp\/v2\/product_brand?post=5305540"},{"taxonomy":"product_cat","embeddable":true,"href":"https:\/\/gadgettravellers.eu\/it\/wp-json\/wp\/v2\/product_cat?post=5305540"},{"taxonomy":"product_tag","embeddable":true,"href":"https:\/\/gadgettravellers.eu\/it\/wp-json\/wp\/v2\/product_tag?post=5305540"}],"curies":[{"name":"wp","href":"https:\/\/api.w.org\/{rel}","templated":true}]}}