{"id":5305826,"date":"2026-01-19T12:36:11","date_gmt":"2026-01-19T10:36:11","guid":{"rendered":"https:\/\/gadgettravellers.eu\/shop\/friggitrice-ad-aria-air-fryer-6-5l-kb2181-dsp-617420\/"},"modified":"2026-04-22T21:19:17","modified_gmt":"2026-04-22T19:19:17","slug":"friggitrice-ad-aria-air-fryer-6-5l-kb2181-dsp-617420","status":"publish","type":"product","link":"https:\/\/gadgettravellers.eu\/it\/shop\/friggitrice-ad-aria-air-fryer-6-5l-kb2181-dsp-617420\/","title":{"rendered":"Friggitrice ad aria &#8211; Air fryer &#8211; 6.5L &#8211; KB2181 &#8211; DSP &#8211; 617420"},"content":{"rendered":"<p>La DSP porta la nuova tendenza culinaria nella tua cucina! Cucina rapidamente, economicamente e in modo assolutamente salutare con la friggitrice ad aria che diventer\u00e0 una parte integrante della tua cucina quotidiana. Cuoce perfettamente, grazie alla tecnologia di distribuzione uniforme e circolazione dell&#8217;aria a 360\u00b0, senza perdite e senza bruciare. La cottura \u00e8 molto pi\u00f9 salutare poich\u00e9 non \u00e8 necessario aggiungere olio o altri additivi, mentre il cibo eliminer\u00e0 i grassi superflui mantenendo l&#8217;umidit\u00e0 necessaria. Inoltre, cucinerai in modo molto pi\u00f9 economico rispetto al forno domestico ad alto consumo energetico. Scopri la nuova generazione di cucina con DSP! Caratteristiche: Tensione: 220-240V~50\/60Hz, Potenza: 1600W, Capacit\u00e0: 6,5L, Controllo della temperatura: 80-200\u2103, Timer 1-30min, Maniglia con rivestimento termoisolante, Base rimovibile per la raccolta dei grassi, Cestello rimovibile per una facile pulizia, Protezione da surriscaldamento, Spegnimento automatico, Base antiscivolo, Materiali di costruzione: ABS + acciaio inossidabile + PP Dimensioni confezione: 40 x 30cm, Peso: 5kg. Include istruzioni per l&#8217;uso in inglese.<\/p>\n","protected":false},"excerpt":{"rendered":"<p>Friggitrice ad aria 6,5L con potenza 1600W, circolazione dell&#8217;aria a 360\u00b0, temperatura regolabile da 80 a 200\u00b0C e timer da 1 a 30 minuti. Cestello rimovibile, protezione da surriscaldamento e base antiscivolo.<\/p>\n","protected":false},"featured_media":5121940,"comment_status":"closed","ping_status":"open","template":"","meta":[],"product_brand":[],"product_cat":[],"product_tag":[15],"class_list":{"0":"post-5305826","1":"product","2":"type-product","3":"status-publish","4":"has-post-thumbnail","6":"product_tag-uncategorized","8":"first","9":"onbackorder","10":"purchasable","11":"product-type-simple"},"jetpack_sharing_enabled":true,"_links":{"self":[{"href":"https:\/\/gadgettravellers.eu\/it\/wp-json\/wp\/v2\/product\/5305826","targetHints":{"allow":["GET"]}}],"collection":[{"href":"https:\/\/gadgettravellers.eu\/it\/wp-json\/wp\/v2\/product"}],"about":[{"href":"https:\/\/gadgettravellers.eu\/it\/wp-json\/wp\/v2\/types\/product"}],"replies":[{"embeddable":true,"href":"https:\/\/gadgettravellers.eu\/it\/wp-json\/wp\/v2\/comments?post=5305826"}],"wp:featuredmedia":[{"embeddable":true,"href":"https:\/\/gadgettravellers.eu\/it\/wp-json\/wp\/v2\/media\/5121940"}],"wp:attachment":[{"href":"https:\/\/gadgettravellers.eu\/it\/wp-json\/wp\/v2\/media?parent=5305826"}],"wp:term":[{"taxonomy":"product_brand","embeddable":true,"href":"https:\/\/gadgettravellers.eu\/it\/wp-json\/wp\/v2\/product_brand?post=5305826"},{"taxonomy":"product_cat","embeddable":true,"href":"https:\/\/gadgettravellers.eu\/it\/wp-json\/wp\/v2\/product_cat?post=5305826"},{"taxonomy":"product_tag","embeddable":true,"href":"https:\/\/gadgettravellers.eu\/it\/wp-json\/wp\/v2\/product_tag?post=5305826"}],"curies":[{"name":"wp","href":"https:\/\/api.w.org\/{rel}","templated":true}]}}