{"id":5305848,"date":"2026-01-19T12:36:21","date_gmt":"2026-01-19T10:36:21","guid":{"rendered":"https:\/\/gadgettravellers.eu\/shop\/dispositivo-per-massaggio-della-testa-510214-rosa\/"},"modified":"2026-04-15T21:21:28","modified_gmt":"2026-04-15T19:21:28","slug":"dispositivo-per-massaggio-della-testa-510214-rosa","status":"publish","type":"product","link":"https:\/\/gadgettravellers.eu\/it\/shop\/dispositivo-per-massaggio-della-testa-510214-rosa\/","title":{"rendered":"Dispositivo per massaggio della testa &#8211; 510214 &#8211; Rosa"},"content":{"rendered":"<p>Dispositivo massaggiante per la testa con 4 punte morbide in silicone che si muovono in modo circolare e offrono una sensazione incredibile di rilassamento con molte propriet\u00e0 benefiche Propriet\u00e0: Migliora la circolazione sanguigna, allevia mal di testa, tensioni e fastidi mentre aiuta la crescita rapida e sana dei tuoi capelli. \u00c8 ricaricabile per un uso wireless comodo. Pu\u00f2 essere utilizzato sulla pelle bagnata poich\u00e9 le teste sono impermeabili e possono essere rimosse e lavate. Pu\u00f2 anche essere utilizzato sul resto del corpo per un massaggio delicato o anche sul tuo animale domestico.<\/p>\n<p>Caratteristiche: <br \/>Potenza: 5W, <br \/>3 livelli di velocit\u00e0, <br \/>Batteria ricaricabile 850 mAh (cavo di ricarica incluso), <br \/>Tempo di ricarica: 3 ore<br \/>Autonomia di funzionamento: fino a 30 minuti<br \/>Rumore della vibrazione: <50db<br \/>Base di supporto<br \/>Testa facilmente pulibile<br \/>Dimensioni: 14 x 10 cm.<\/p>\n","protected":false},"excerpt":{"rendered":"<p>Dispositivo massaggiante per la testa ricaricabile con 4 morbide punte in silicone, 3 livelli di velocit\u00e0 e autonomia fino a 30 minuti. Impermeabile, con testine lavabili, ideale per il rilassamento e il miglioramento della circolazione.<\/p>\n","protected":false},"featured_media":5122104,"comment_status":"closed","ping_status":"open","template":"","meta":[],"product_brand":[],"product_cat":[],"product_tag":[15],"class_list":{"0":"post-5305848","1":"product","2":"type-product","3":"status-publish","4":"has-post-thumbnail","6":"product_tag-uncategorized","8":"first","9":"onbackorder","10":"purchasable","11":"product-type-simple"},"jetpack_sharing_enabled":true,"_links":{"self":[{"href":"https:\/\/gadgettravellers.eu\/it\/wp-json\/wp\/v2\/product\/5305848","targetHints":{"allow":["GET"]}}],"collection":[{"href":"https:\/\/gadgettravellers.eu\/it\/wp-json\/wp\/v2\/product"}],"about":[{"href":"https:\/\/gadgettravellers.eu\/it\/wp-json\/wp\/v2\/types\/product"}],"replies":[{"embeddable":true,"href":"https:\/\/gadgettravellers.eu\/it\/wp-json\/wp\/v2\/comments?post=5305848"}],"wp:featuredmedia":[{"embeddable":true,"href":"https:\/\/gadgettravellers.eu\/it\/wp-json\/wp\/v2\/media\/5122104"}],"wp:attachment":[{"href":"https:\/\/gadgettravellers.eu\/it\/wp-json\/wp\/v2\/media?parent=5305848"}],"wp:term":[{"taxonomy":"product_brand","embeddable":true,"href":"https:\/\/gadgettravellers.eu\/it\/wp-json\/wp\/v2\/product_brand?post=5305848"},{"taxonomy":"product_cat","embeddable":true,"href":"https:\/\/gadgettravellers.eu\/it\/wp-json\/wp\/v2\/product_cat?post=5305848"},{"taxonomy":"product_tag","embeddable":true,"href":"https:\/\/gadgettravellers.eu\/it\/wp-json\/wp\/v2\/product_tag?post=5305848"}],"curies":[{"name":"wp","href":"https:\/\/api.w.org\/{rel}","templated":true}]}}