{"id":5306233,"date":"2026-01-19T12:40:38","date_gmt":"2026-01-19T10:40:38","guid":{"rendered":"https:\/\/gadgettravellers.eu\/shop\/orologio-da-tavolo-sveglia-8806-12-880659-nero\/"},"modified":"2026-04-13T01:34:34","modified_gmt":"2026-04-12T23:34:34","slug":"orologio-da-tavolo-sveglia-8806-12-880659-nero","status":"publish","type":"product","link":"https:\/\/gadgettravellers.eu\/it\/shop\/orologio-da-tavolo-sveglia-8806-12-880659-nero\/","title":{"rendered":"Orologio da tavolo &#8211; Sveglia &#8211; 8806-12 &#8211; 880659 &#8211; Nero"},"content":{"rendered":"<p>Orologio da tavolo-sveglia con design moderno, in una dimensione pratica che pu\u00f2 adattarsi a ogni ambiente. <br \/>Funziona con 1 batteria AA (non inclusa). <br \/>Materiale: plastica. <br \/>Dimensioni: 9 x 13 x 4cm.<\/p>\n<p><b data-stringify-type=\"bold\">*Disponibile in vari modelli &#8211; <\/b>Spedizione del modello in base alla disponibilit\u00e0.<\/p>\n<div class='aiseo-faq-section' style='margin-top:30px; border-top:1px solid #eee; padding-top:20px;'>\n<h3>Domande Frequenti<\/h3>\n<details style='margin-bottom:10px; padding:10px; background:#f9f9f9; border-radius:5px;'>\n<summary style='font-weight:bold; cursor:pointer;'>Che tipo di batteria necessita l&#8217;orologio?<\/summary>\n<div style='margin-top:10px; color:#555;'>Funziona con una batteria AA.<\/div>\n<\/details>\n<details style='margin-bottom:10px; padding:10px; background:#f9f9f9; border-radius:5px;'>\n<summary style='font-weight:bold; cursor:pointer;'>La batteria \u00e8 inclusa nella confezione?<\/summary>\n<div style='margin-top:10px; color:#555;'>No, la batteria non \u00e8 inclusa.<\/div>\n<\/details>\n<details style='margin-bottom:10px; padding:10px; background:#f9f9f9; border-radius:5px;'>\n<summary style='font-weight:bold; cursor:pointer;'>Di quale materiale \u00e8 fatto?<\/summary>\n<div style='margin-top:10px; color:#555;'>Il corpo \u00e8 realizzato in plastica.<\/div>\n<\/details>\n<details style='margin-bottom:10px; padding:10px; background:#f9f9f9; border-radius:5px;'>\n<summary style='font-weight:bold; cursor:pointer;'>Quali sono le dimensioni del prodotto?<\/summary>\n<div style='margin-top:10px; color:#555;'>Le dimensioni sono 9 x 13 x 4 cm.<\/div>\n<\/details>\n<details style='margin-bottom:10px; padding:10px; background:#f9f9f9; border-radius:5px;'>\n<summary style='font-weight:bold; cursor:pointer;'>Ci sono diversi modelli o colori disponibili?<\/summary>\n<div style='margin-top:10px; color:#555;'>S\u00ec, \u00e8 disponibile in diversi modelli e la spedizione avviene in base alla disponibilit\u00e0.<\/div>\n<\/details>\n<\/div>\n","protected":false},"excerpt":{"rendered":"<p>Orologio da tavolo-sveglia moderno di dimensioni compatte con corpo in plastica, funziona con 1 batteria AA (non inclusa). Ideale per comodini e scrivanie.<\/p>\n","protected":false},"featured_media":5124370,"comment_status":"closed","ping_status":"open","template":"","meta":[],"product_brand":[],"product_cat":[],"product_tag":[15],"class_list":{"0":"post-5306233","1":"product","2":"type-product","3":"status-publish","4":"has-post-thumbnail","6":"product_tag-uncategorized","8":"first","9":"onbackorder","10":"purchasable","11":"product-type-simple"},"jetpack_sharing_enabled":true,"_links":{"self":[{"href":"https:\/\/gadgettravellers.eu\/it\/wp-json\/wp\/v2\/product\/5306233","targetHints":{"allow":["GET"]}}],"collection":[{"href":"https:\/\/gadgettravellers.eu\/it\/wp-json\/wp\/v2\/product"}],"about":[{"href":"https:\/\/gadgettravellers.eu\/it\/wp-json\/wp\/v2\/types\/product"}],"replies":[{"embeddable":true,"href":"https:\/\/gadgettravellers.eu\/it\/wp-json\/wp\/v2\/comments?post=5306233"}],"wp:featuredmedia":[{"embeddable":true,"href":"https:\/\/gadgettravellers.eu\/it\/wp-json\/wp\/v2\/media\/5124370"}],"wp:attachment":[{"href":"https:\/\/gadgettravellers.eu\/it\/wp-json\/wp\/v2\/media?parent=5306233"}],"wp:term":[{"taxonomy":"product_brand","embeddable":true,"href":"https:\/\/gadgettravellers.eu\/it\/wp-json\/wp\/v2\/product_brand?post=5306233"},{"taxonomy":"product_cat","embeddable":true,"href":"https:\/\/gadgettravellers.eu\/it\/wp-json\/wp\/v2\/product_cat?post=5306233"},{"taxonomy":"product_tag","embeddable":true,"href":"https:\/\/gadgettravellers.eu\/it\/wp-json\/wp\/v2\/product_tag?post=5306233"}],"curies":[{"name":"wp","href":"https:\/\/api.w.org\/{rel}","templated":true}]}}