{"id":5306267,"date":"2026-01-19T12:40:55","date_gmt":"2026-01-19T10:40:55","guid":{"rendered":"https:\/\/gadgettravellers.eu\/shop\/orologio-digitale-sveglia-et011-909443-marrone\/"},"modified":"2026-03-09T22:51:23","modified_gmt":"2026-03-09T20:51:23","slug":"orologio-digitale-sveglia-et011-909443-marrone","status":"publish","type":"product","link":"https:\/\/gadgettravellers.eu\/it\/shop\/orologio-digitale-sveglia-et011-909443-marrone\/","title":{"rendered":"Orologio digitale &#8211; Sveglia &#8211; ET011 &#8211; 909443 &#8211; Marrone"},"content":{"rendered":"<p>Orologio digitale\u2013Sveglia LED, con un design particolare con effetto legno. Dimensioni pratiche che possono essere posizionate ovunque e conferire un tocco moderno al vostro ambiente.<\/p>\n<p>Indicazioni: <br \/>Ora<br \/>Data <br \/>Temperatura<\/p>\n<p>Alimentazione con 3 batterie AAA (non incluse) o tramite cavo USB 5V (incluso)<\/p>\n<p>Dimensioni: 7 * 8 * 12 cm.<\/p>\n<div class='aiseo-faq-section' style='margin-top:30px; border-top:1px solid #eee; padding-top:20px;'>\n<h3>Domande Frequenti<\/h3>\n<details style='margin-bottom:10px; padding:10px; background:#f9f9f9; border-radius:5px;'>\n<summary style='font-weight:bold; cursor:pointer;'>Quali indicazioni mostra l&#8217;orologio?<\/summary>\n<div style='margin-top:10px; color:#555;'>Mostra ora, data e temperatura.<\/div>\n<\/details>\n<details style='margin-bottom:10px; padding:10px; background:#f9f9f9; border-radius:5px;'>\n<summary style='font-weight:bold; cursor:pointer;'>Come \u00e8 alimentato l&#8217;orologio?<\/summary>\n<div style='margin-top:10px; color:#555;'>Alimentazione con 3 batterie AAA (non incluse) o tramite cavo USB 5V (cavo incluso).<\/div>\n<\/details>\n<details style='margin-bottom:10px; padding:10px; background:#f9f9f9; border-radius:5px;'>\n<summary style='font-weight:bold; cursor:pointer;'>Quali sono le dimensioni del prodotto?<\/summary>\n<div style='margin-top:10px; color:#555;'>Le dimensioni sono 7 \u00d7 8 \u00d7 12 cm.<\/div>\n<\/details>\n<details style='margin-bottom:10px; padding:10px; background:#f9f9f9; border-radius:5px;'>\n<summary style='font-weight:bold; cursor:pointer;'>Pu\u00f2 essere posizionato su una scrivania o un comodino?<\/summary>\n<div style='margin-top:10px; color:#555;'>S\u00ec, \u00e8 compatto e ideale per la scrivania o il comodino.<\/div>\n<\/details>\n<\/div>\n","protected":false},"excerpt":{"rendered":"<p>Orologio-sveglia LED digitale con effetto legno, indicazione di ora, data e temperatura. Alimentazione con 3\u00d7AAA o tramite USB 5V (cavo incluso). Dimensioni compatte 7\u00d78\u00d712 cm, ideale per scrivania o comodino.<\/p>\n","protected":false},"featured_media":5124507,"comment_status":"closed","ping_status":"open","template":"","meta":[],"product_brand":[],"product_cat":[],"product_tag":[15],"class_list":{"0":"post-5306267","1":"product","2":"type-product","3":"status-publish","4":"has-post-thumbnail","6":"product_tag-uncategorized","8":"first","9":"onbackorder","10":"purchasable","11":"product-type-simple"},"jetpack_sharing_enabled":true,"_links":{"self":[{"href":"https:\/\/gadgettravellers.eu\/it\/wp-json\/wp\/v2\/product\/5306267","targetHints":{"allow":["GET"]}}],"collection":[{"href":"https:\/\/gadgettravellers.eu\/it\/wp-json\/wp\/v2\/product"}],"about":[{"href":"https:\/\/gadgettravellers.eu\/it\/wp-json\/wp\/v2\/types\/product"}],"replies":[{"embeddable":true,"href":"https:\/\/gadgettravellers.eu\/it\/wp-json\/wp\/v2\/comments?post=5306267"}],"wp:featuredmedia":[{"embeddable":true,"href":"https:\/\/gadgettravellers.eu\/it\/wp-json\/wp\/v2\/media\/5124507"}],"wp:attachment":[{"href":"https:\/\/gadgettravellers.eu\/it\/wp-json\/wp\/v2\/media?parent=5306267"}],"wp:term":[{"taxonomy":"product_brand","embeddable":true,"href":"https:\/\/gadgettravellers.eu\/it\/wp-json\/wp\/v2\/product_brand?post=5306267"},{"taxonomy":"product_cat","embeddable":true,"href":"https:\/\/gadgettravellers.eu\/it\/wp-json\/wp\/v2\/product_cat?post=5306267"},{"taxonomy":"product_tag","embeddable":true,"href":"https:\/\/gadgettravellers.eu\/it\/wp-json\/wp\/v2\/product_tag?post=5306267"}],"curies":[{"name":"wp","href":"https:\/\/api.w.org\/{rel}","templated":true}]}}