{"id":5306280,"date":"2026-01-19T12:41:03","date_gmt":"2026-01-19T10:41:03","guid":{"rendered":"https:\/\/gadgettravellers.eu\/shop\/orologio-digitale-sveglia-et008-909474-bianco\/"},"modified":"2026-04-19T20:56:30","modified_gmt":"2026-04-19T18:56:30","slug":"orologio-digitale-sveglia-et008-909474-bianco","status":"publish","type":"product","link":"https:\/\/gadgettravellers.eu\/it\/shop\/orologio-digitale-sveglia-et008-909474-bianco\/","title":{"rendered":"Orologio digitale &#8211; Sveglia &#8211; ET008 &#8211; 909474 &#8211; Bianco"},"content":{"rendered":"<p>Orologio digitale\u2013Sveglia LED, con un design particolare con effetto legno. Dimensioni pratiche che possono essere posizionate ovunque e conferire un tocco moderno al tuo spazio.<\/p>\n<p>Dotato di sveglia con funzione snooze <br \/>Indicazioni: <br \/>Ora<br \/>Data <br \/>Temperatura<\/p>\n<p>Regolazione della luminosit\u00e0<\/p>\n<p>Alimentazione con 4 batterie AAA (non incluse) o tramite cavo USB 5V (incluso)<\/p>\n<p>Dimensioni: 6 * 6 * 6 cm.<\/p>\n","protected":false},"excerpt":{"rendered":"<p>Orologio-sveglia digitale a LED con effetto legno, indicazione di ora, data e temperatura e funzione snooze. Alimentato con 4\u00d7AAA o tramite cavo USB 5V, dimensioni 6\u00d76\u00d76 cm.<\/p>\n","protected":false},"featured_media":5124559,"comment_status":"closed","ping_status":"open","template":"","meta":[],"product_brand":[],"product_cat":[],"product_tag":[15],"class_list":{"0":"post-5306280","1":"product","2":"type-product","3":"status-publish","4":"has-post-thumbnail","6":"product_tag-uncategorized","8":"first","9":"onbackorder","10":"purchasable","11":"product-type-simple"},"jetpack_sharing_enabled":true,"_links":{"self":[{"href":"https:\/\/gadgettravellers.eu\/it\/wp-json\/wp\/v2\/product\/5306280","targetHints":{"allow":["GET"]}}],"collection":[{"href":"https:\/\/gadgettravellers.eu\/it\/wp-json\/wp\/v2\/product"}],"about":[{"href":"https:\/\/gadgettravellers.eu\/it\/wp-json\/wp\/v2\/types\/product"}],"replies":[{"embeddable":true,"href":"https:\/\/gadgettravellers.eu\/it\/wp-json\/wp\/v2\/comments?post=5306280"}],"wp:featuredmedia":[{"embeddable":true,"href":"https:\/\/gadgettravellers.eu\/it\/wp-json\/wp\/v2\/media\/5124559"}],"wp:attachment":[{"href":"https:\/\/gadgettravellers.eu\/it\/wp-json\/wp\/v2\/media?parent=5306280"}],"wp:term":[{"taxonomy":"product_brand","embeddable":true,"href":"https:\/\/gadgettravellers.eu\/it\/wp-json\/wp\/v2\/product_brand?post=5306280"},{"taxonomy":"product_cat","embeddable":true,"href":"https:\/\/gadgettravellers.eu\/it\/wp-json\/wp\/v2\/product_cat?post=5306280"},{"taxonomy":"product_tag","embeddable":true,"href":"https:\/\/gadgettravellers.eu\/it\/wp-json\/wp\/v2\/product_tag?post=5306280"}],"curies":[{"name":"wp","href":"https:\/\/api.w.org\/{rel}","templated":true}]}}