{"id":5306744,"date":"2026-01-19T12:45:19","date_gmt":"2026-01-19T10:45:19","guid":{"rendered":"https:\/\/gadgettravellers.eu\/shop\/zaino-da-trekking-0621-60l-221295-nero\/"},"modified":"2026-04-13T01:37:53","modified_gmt":"2026-04-12T23:37:53","slug":"zaino-da-trekking-0621-60l-221295-nero","status":"publish","type":"product","link":"https:\/\/gadgettravellers.eu\/it\/shop\/zaino-da-trekking-0621-60l-221295-nero\/","title":{"rendered":"Zaino da trekking &#8211; 0621 &#8211; 60L &#8211; 221295 &#8211; Nero"},"content":{"rendered":"<p>Zaino da trekking, ideale per escursionismo\/alpinismo, campeggio, attivit\u00e0 all&#8217;aperto e hobby. <br \/>Realizzato in 100% poliestere di alta qualit\u00e0 e resistenza, con elevata resistenza all&#8217;umidit\u00e0. <br \/>Dispone di molteplici scomparti e tasche, interne ed esterne, per tutti i tuoi oggetti, che si chiudono con cerniere e si fissano con clip. Struttura ergonomica e anatomica dello schienale che distribuisce uniformemente il peso, specifica per un uso prolungato, con spallacci e cintura regolabili e cuscinetto protettivo.<\/p>\n<p>Dimensioni: 85 x 38 x 26 cm.<\/p>\n<div class='aiseo-faq-section' style='margin-top:30px; border-top:1px solid #eee; padding-top:20px;'>\n<h3>Domande Frequenti<\/h3>\n<details style='margin-bottom:10px; padding:10px; background:#f9f9f9; border-radius:5px;'>\n<summary style='font-weight:bold; cursor:pointer;'>Qual \u00e8 la capacit\u00e0 dello zaino?<\/summary>\n<div style='margin-top:10px; color:#555;'>La sua capacit\u00e0 \u00e8 di 60 litri.<\/div>\n<\/details>\n<details style='margin-bottom:10px; padding:10px; background:#f9f9f9; border-radius:5px;'>\n<summary style='font-weight:bold; cursor:pointer;'>Di quale materiale \u00e8 fatto?<\/summary>\n<div style='margin-top:10px; color:#555;'>\u00c8 realizzato in poliestere 100% di alta qualit\u00e0 con maggiore resistenza all&#8217;umidit\u00e0.<\/div>\n<\/details>\n<details style='margin-bottom:10px; padding:10px; background:#f9f9f9; border-radius:5px;'>\n<summary style='font-weight:bold; cursor:pointer;'>Ha cinghie regolabili e un cuscino per il comfort?<\/summary>\n<div style='margin-top:10px; color:#555;'>S\u00ec, ha cinghie regolabili per spalle e vita e un cuscinetto protettivo per un uso prolungato.<\/div>\n<\/details>\n<details style='margin-bottom:10px; padding:10px; background:#f9f9f9; border-radius:5px;'>\n<summary style='font-weight:bold; cursor:pointer;'>Quali sono le dimensioni dello zaino?<\/summary>\n<div style='margin-top:10px; color:#555;'>Le dimensioni sono 85 x 38 x 26 cm.<\/div>\n<\/details>\n<\/div>\n","protected":false},"excerpt":{"rendered":"<p>Zaino ergonomico da 60L in poliestere 100% con alta resistenza all&#8217;umidit\u00e0, molteplici tasche e spallacci e cintura regolabili per un comfort prolungato. Dimensioni: 85x38x26 cm.<\/p>\n","protected":false},"featured_media":5126968,"comment_status":"closed","ping_status":"open","template":"","meta":[],"product_brand":[],"product_cat":[],"product_tag":[15],"class_list":{"0":"post-5306744","1":"product","2":"type-product","3":"status-publish","4":"has-post-thumbnail","6":"product_tag-uncategorized","8":"first","9":"onbackorder","10":"purchasable","11":"product-type-simple"},"jetpack_sharing_enabled":true,"_links":{"self":[{"href":"https:\/\/gadgettravellers.eu\/it\/wp-json\/wp\/v2\/product\/5306744","targetHints":{"allow":["GET"]}}],"collection":[{"href":"https:\/\/gadgettravellers.eu\/it\/wp-json\/wp\/v2\/product"}],"about":[{"href":"https:\/\/gadgettravellers.eu\/it\/wp-json\/wp\/v2\/types\/product"}],"replies":[{"embeddable":true,"href":"https:\/\/gadgettravellers.eu\/it\/wp-json\/wp\/v2\/comments?post=5306744"}],"wp:featuredmedia":[{"embeddable":true,"href":"https:\/\/gadgettravellers.eu\/it\/wp-json\/wp\/v2\/media\/5126968"}],"wp:attachment":[{"href":"https:\/\/gadgettravellers.eu\/it\/wp-json\/wp\/v2\/media?parent=5306744"}],"wp:term":[{"taxonomy":"product_brand","embeddable":true,"href":"https:\/\/gadgettravellers.eu\/it\/wp-json\/wp\/v2\/product_brand?post=5306744"},{"taxonomy":"product_cat","embeddable":true,"href":"https:\/\/gadgettravellers.eu\/it\/wp-json\/wp\/v2\/product_cat?post=5306744"},{"taxonomy":"product_tag","embeddable":true,"href":"https:\/\/gadgettravellers.eu\/it\/wp-json\/wp\/v2\/product_tag?post=5306744"}],"curies":[{"name":"wp","href":"https:\/\/api.w.org\/{rel}","templated":true}]}}