{"id":5306872,"date":"2026-01-19T12:46:42","date_gmt":"2026-01-19T10:46:42","guid":{"rendered":"https:\/\/gadgettravellers.eu\/shop\/gioco-da-assemblare-fai-da-te-cavallino-x680-1-222047\/"},"modified":"2026-04-15T21:26:20","modified_gmt":"2026-04-15T19:26:20","slug":"gioco-da-assemblare-fai-da-te-cavallino-x680-1-222047","status":"publish","type":"product","link":"https:\/\/gadgettravellers.eu\/it\/shop\/gioco-da-assemblare-fai-da-te-cavallino-x680-1-222047\/","title":{"rendered":"Gioco da assemblare fai-da-te &#8211; Cavallino &#8211; X680-1 &#8211; 222047"},"content":{"rendered":"<p>Gioco da assemblare con tutti gli strumenti e accessori necessari per creare in modo creativo il tuo veicolo unico!<br \/>Include 78 pezzi. <br \/>Dimensioni del gioco: 11,5 x 7,5 x 9,5 cm.<\/p>\n<p>Conforme a tutte le norme di sicurezza. <br \/>Adatto a bambini di et\u00e0 superiore ai 6 anni.<\/p>\n","protected":false},"excerpt":{"rendered":"<p>Gioco da assemblare 78 pezzi (cavallino) con tutti gli strumenti per una costruzione creativa. Adatto per et\u00e0 6+; potenzia abilit\u00e0, motricit\u00e0 fine e immaginazione. Dim.: 11,5&#215;7,5&#215;9,5 cm.<\/p>\n","protected":false},"featured_media":5127648,"comment_status":"closed","ping_status":"open","template":"","meta":[],"product_brand":[],"product_cat":[],"product_tag":[15],"class_list":{"0":"post-5306872","1":"product","2":"type-product","3":"status-publish","4":"has-post-thumbnail","6":"product_tag-uncategorized","8":"first","9":"onbackorder","10":"purchasable","11":"product-type-simple"},"jetpack_sharing_enabled":true,"_links":{"self":[{"href":"https:\/\/gadgettravellers.eu\/it\/wp-json\/wp\/v2\/product\/5306872","targetHints":{"allow":["GET"]}}],"collection":[{"href":"https:\/\/gadgettravellers.eu\/it\/wp-json\/wp\/v2\/product"}],"about":[{"href":"https:\/\/gadgettravellers.eu\/it\/wp-json\/wp\/v2\/types\/product"}],"replies":[{"embeddable":true,"href":"https:\/\/gadgettravellers.eu\/it\/wp-json\/wp\/v2\/comments?post=5306872"}],"wp:featuredmedia":[{"embeddable":true,"href":"https:\/\/gadgettravellers.eu\/it\/wp-json\/wp\/v2\/media\/5127648"}],"wp:attachment":[{"href":"https:\/\/gadgettravellers.eu\/it\/wp-json\/wp\/v2\/media?parent=5306872"}],"wp:term":[{"taxonomy":"product_brand","embeddable":true,"href":"https:\/\/gadgettravellers.eu\/it\/wp-json\/wp\/v2\/product_brand?post=5306872"},{"taxonomy":"product_cat","embeddable":true,"href":"https:\/\/gadgettravellers.eu\/it\/wp-json\/wp\/v2\/product_cat?post=5306872"},{"taxonomy":"product_tag","embeddable":true,"href":"https:\/\/gadgettravellers.eu\/it\/wp-json\/wp\/v2\/product_tag?post=5306872"}],"curies":[{"name":"wp","href":"https:\/\/api.w.org\/{rel}","templated":true}]}}