{"id":5307165,"date":"2026-01-19T12:49:10","date_gmt":"2026-01-19T10:49:10","guid":{"rendered":"https:\/\/gadgettravellers.eu\/shop\/letto-per-animali-domestici-3-pezzi-550920-blu\/"},"modified":"2026-03-09T23:00:11","modified_gmt":"2026-03-09T21:00:11","slug":"letto-per-animali-domestici-3-pezzi-550920-blu","status":"publish","type":"product","link":"https:\/\/gadgettravellers.eu\/it\/shop\/letto-per-animali-domestici-3-pezzi-550920-blu\/","title":{"rendered":"Letto per animali domestici &#8211; 3 pezzi &#8211; 550920 &#8211; Blu"},"content":{"rendered":"<p>Letto per animali domestici con rivestimento in tessuto morbido e resistente e imbottitura in materiale sintetico morbido, ipoallergenico e completamente amico della pelle, con una sensazione particolarmente piacevole per il vostro animale domestico.<br \/>Set da 3 pezzi, di diverse dimensioni:<span data-sheets-root=\"1\" data-sheets-value=\"{\"1\":2,\"2\":\"65*50*45n55*45*40n50*40*35\"}\" data-sheets-userformat=\"{\"2\":14845,\"3\":{\"1\":0,\"3\":1},\"5\":{\"1\":[{\"1\":2,\"2\":0,\"5\":{\"1\":2,\"2\":0}},{\"1\":0,\"2\":0,\"3\":3},{\"1\":1,\"2\":0,\"4\":1}]},\"6\":{\"1\":[{\"1\":2,\"2\":0,\"5\":{\"1\":2,\"2\":0}},{\"1\":0,\"2\":0,\"3\":3},{\"1\":1,\"2\":0,\"4\":1}]},\"7\":{\"1\":[{\"1\":2,\"2\":0,\"5\":{\"1\":2,\"2\":0}},{\"1\":0,\"2\":0,\"3\":3},{\"1\":1,\"2\":0,\"4\":1}]},\"8\":{\"1\":[{\"1\":2,\"2\":0,\"5\":{\"1\":2,\"2\":0}},{\"1\":0,\"2\":0,\"3\":3},{\"1\":1,\"2\":0,\"4\":1}]},\"9\":1,\"10\":1,\"11\":4,\"14\":{\"1\":3,\"3\":1},\"15\":\"SimSun\",\"16\":11}\"><br \/>Dimensioni: <br \/>45*45*18 cm<br \/>53*45*23 cm<br \/>60*50*25 cm.<\/span><\/p>\n<div class='aiseo-faq-section' style='margin-top:30px; border-top:1px solid #eee; padding-top:20px;'>\n<h3>Domande Frequenti<\/h3>\n<details style='margin-bottom:10px; padding:10px; background:#f9f9f9; border-radius:5px;'>\n<summary style='font-weight:bold; cursor:pointer;'>Di che materiale sono la fodera e l&#8217;imbottitura?<\/summary>\n<div style='margin-top:10px; color:#555;'>Il rivestimento \u00e8 in tessuto morbido e resistente e l&#8217;imbottitura \u00e8 in materiale sintetico morbido, ipoallergenico e delicato sulla pelle.<\/div>\n<\/details>\n<details style='margin-bottom:10px; padding:10px; background:#f9f9f9; border-radius:5px;'>\n<summary style='font-weight:bold; cursor:pointer;'>Quanti pezzi include il set e quali dimensioni?<\/summary>\n<div style='margin-top:10px; color:#555;'>Il set include 3 pezzi di diverse dimensioni: 45\u00d745\u00d718 cm, 53\u00d745\u00d723 cm e 60\u00d750\u00d725 cm.<\/div>\n<\/details>\n<details style='margin-bottom:10px; padding:10px; background:#f9f9f9; border-radius:5px;'>\n<summary style='font-weight:bold; cursor:pointer;'>Per quali animali domestici \u00e8 adatto il set?<\/summary>\n<div style='margin-top:10px; color:#555;'>Il set offre tre dimensioni ed \u00e8 adatto per animali piccoli, medi e grandi.<\/div>\n<\/details>\n<\/div>\n","protected":false},"excerpt":{"rendered":"<p>Set di 3 letti per animali domestici con rivestimento morbido e imbottitura sintetica ipoallergenica. Tessuto resistente e tre dimensioni per animali piccoli, medi e pi\u00f9 grandi.<\/p>\n","protected":false},"featured_media":5129047,"comment_status":"closed","ping_status":"open","template":"","meta":[],"product_brand":[],"product_cat":[],"product_tag":[15],"class_list":{"0":"post-5307165","1":"product","2":"type-product","3":"status-publish","4":"has-post-thumbnail","6":"product_tag-uncategorized","8":"first","9":"onbackorder","10":"purchasable","11":"product-type-simple"},"jetpack_sharing_enabled":true,"_links":{"self":[{"href":"https:\/\/gadgettravellers.eu\/it\/wp-json\/wp\/v2\/product\/5307165","targetHints":{"allow":["GET"]}}],"collection":[{"href":"https:\/\/gadgettravellers.eu\/it\/wp-json\/wp\/v2\/product"}],"about":[{"href":"https:\/\/gadgettravellers.eu\/it\/wp-json\/wp\/v2\/types\/product"}],"replies":[{"embeddable":true,"href":"https:\/\/gadgettravellers.eu\/it\/wp-json\/wp\/v2\/comments?post=5307165"}],"wp:featuredmedia":[{"embeddable":true,"href":"https:\/\/gadgettravellers.eu\/it\/wp-json\/wp\/v2\/media\/5129047"}],"wp:attachment":[{"href":"https:\/\/gadgettravellers.eu\/it\/wp-json\/wp\/v2\/media?parent=5307165"}],"wp:term":[{"taxonomy":"product_brand","embeddable":true,"href":"https:\/\/gadgettravellers.eu\/it\/wp-json\/wp\/v2\/product_brand?post=5307165"},{"taxonomy":"product_cat","embeddable":true,"href":"https:\/\/gadgettravellers.eu\/it\/wp-json\/wp\/v2\/product_cat?post=5307165"},{"taxonomy":"product_tag","embeddable":true,"href":"https:\/\/gadgettravellers.eu\/it\/wp-json\/wp\/v2\/product_tag?post=5307165"}],"curies":[{"name":"wp","href":"https:\/\/api.w.org\/{rel}","templated":true}]}}