{"id":5307263,"date":"2026-01-19T12:50:07","date_gmt":"2026-01-19T10:50:07","guid":{"rendered":"https:\/\/gadgettravellers.eu\/shop\/giocattolo-di-peluche-per-cane-osso-22x11cm-12-pezzi-550839\/"},"modified":"2026-04-13T01:41:17","modified_gmt":"2026-04-12T23:41:17","slug":"giocattolo-di-peluche-per-cane-osso-22x11cm-12-pezzi-550839","status":"publish","type":"product","link":"https:\/\/gadgettravellers.eu\/it\/shop\/giocattolo-di-peluche-per-cane-osso-22x11cm-12-pezzi-550839\/","title":{"rendered":"Giocattolo di peluche per cane osso &#8211; 22x11cm &#8211; 12 pezzi &#8211; 550839"},"content":{"rendered":"<p>Giocattolo di peluche per cani &#8211; Soft Toy, realizzato in materiale morbido ma particolarmente resistente e non tossico. Diventer\u00e0 il gioco quotidiano preferito che il tuo cagnolino adorer\u00e0.<\/p>\n<p>Confezione da 12 pezzi, in una variet\u00e0 di modelli.<\/p>\n<div class='aiseo-faq-section' style='margin-top:30px; border-top:1px solid #eee; padding-top:20px;'>\n<h3>Domande Frequenti<\/h3>\n<details style='margin-bottom:10px; padding:10px; background:#f9f9f9; border-radius:5px;'>\n<summary style='font-weight:bold; cursor:pointer;'>Di che materiale \u00e8 fatto il giocattolo?<\/summary>\n<div style='margin-top:10px; color:#555;'>Realizzato in materiale morbido ma particolarmente resistente e non tossico.<\/div>\n<\/details>\n<details style='margin-bottom:10px; padding:10px; background:#f9f9f9; border-radius:5px;'>\n<summary style='font-weight:bold; cursor:pointer;'>Quali sono le dimensioni del gioco?<\/summary>\n<div style='margin-top:10px; color:#555;'>Le dimensioni sono 22&#215;11 cm.<\/div>\n<\/details>\n<details style='margin-bottom:10px; padding:10px; background:#f9f9f9; border-radius:5px;'>\n<summary style='font-weight:bold; cursor:pointer;'>Quanti pezzi include il pacchetto?<\/summary>\n<div style='margin-top:10px; color:#555;'>Il pacchetto include 12 pezzi in una variet\u00e0 di design.<\/div>\n<\/details>\n<details style='margin-bottom:10px; padding:10px; background:#f9f9f9; border-radius:5px;'>\n<summary style='font-weight:bold; cursor:pointer;'>\u00c8 adatto per il gioco quotidiano?<\/summary>\n<div style='margin-top:10px; color:#555;'>S\u00ec, \u00e8 ideale per il gioco quotidiano che il vostro cucciolo adorer\u00e0.<\/div>\n<\/details>\n<\/div>\n","protected":false},"excerpt":{"rendered":"<p>Giocattolo di peluche per cane a forma di osso 22x11cm, resistente e non tossico. Confezione da 12 pezzi con variet\u00e0 di design, ideale per il gioco quotidiano.<\/p>\n","protected":false},"featured_media":5129594,"comment_status":"closed","ping_status":"open","template":"","meta":[],"product_brand":[],"product_cat":[],"product_tag":[15],"class_list":{"0":"post-5307263","1":"product","2":"type-product","3":"status-publish","4":"has-post-thumbnail","6":"product_tag-uncategorized","8":"first","9":"onbackorder","10":"purchasable","11":"product-type-simple"},"jetpack_sharing_enabled":true,"_links":{"self":[{"href":"https:\/\/gadgettravellers.eu\/it\/wp-json\/wp\/v2\/product\/5307263","targetHints":{"allow":["GET"]}}],"collection":[{"href":"https:\/\/gadgettravellers.eu\/it\/wp-json\/wp\/v2\/product"}],"about":[{"href":"https:\/\/gadgettravellers.eu\/it\/wp-json\/wp\/v2\/types\/product"}],"replies":[{"embeddable":true,"href":"https:\/\/gadgettravellers.eu\/it\/wp-json\/wp\/v2\/comments?post=5307263"}],"wp:featuredmedia":[{"embeddable":true,"href":"https:\/\/gadgettravellers.eu\/it\/wp-json\/wp\/v2\/media\/5129594"}],"wp:attachment":[{"href":"https:\/\/gadgettravellers.eu\/it\/wp-json\/wp\/v2\/media?parent=5307263"}],"wp:term":[{"taxonomy":"product_brand","embeddable":true,"href":"https:\/\/gadgettravellers.eu\/it\/wp-json\/wp\/v2\/product_brand?post=5307263"},{"taxonomy":"product_cat","embeddable":true,"href":"https:\/\/gadgettravellers.eu\/it\/wp-json\/wp\/v2\/product_cat?post=5307263"},{"taxonomy":"product_tag","embeddable":true,"href":"https:\/\/gadgettravellers.eu\/it\/wp-json\/wp\/v2\/product_tag?post=5307263"}],"curies":[{"name":"wp","href":"https:\/\/api.w.org\/{rel}","templated":true}]}}