{"id":5307291,"date":"2026-01-19T12:50:22","date_gmt":"2026-01-19T10:50:22","guid":{"rendered":"https:\/\/gadgettravellers.eu\/shop\/giocattolo-di-peluche-carrozza-16x7x8cm-12-pezzi-550798\/"},"modified":"2026-04-22T21:27:57","modified_gmt":"2026-04-22T19:27:57","slug":"giocattolo-di-peluche-carrozza-16x7x8cm-12-pezzi-550798","status":"publish","type":"product","link":"https:\/\/gadgettravellers.eu\/it\/shop\/giocattolo-di-peluche-carrozza-16x7x8cm-12-pezzi-550798\/","title":{"rendered":"Giocattolo di peluche carrozza &#8211; 16x7x8cm &#8211; 12 pezzi &#8211; 550798"},"content":{"rendered":"<p>Giocattolo di peluche 16cm, con rivestimento morbido e ipoallergenico, completamente amico della pelle. <br \/>Un giocattolo che ogni bambino adorer\u00e0 e che diventer\u00e0 il suo amico preferito che lo accompagner\u00e0 ovunque.<\/p>\n<p>Confezione da 12 pezzi, in una variet\u00e0 di colori.<\/p>\n","protected":false},"excerpt":{"rendered":"<p>Giocattolo morbido di peluche 16x7x8cm con rivestimento ipoallergenico e delicato sulla pelle. Confezione da 12 pezzi in vari colori \u2014 ideale per i bambini piccoli come compagno quotidiano preferito.<\/p>\n","protected":false},"featured_media":5129738,"comment_status":"closed","ping_status":"open","template":"","meta":[],"product_brand":[],"product_cat":[],"product_tag":[15],"class_list":{"0":"post-5307291","1":"product","2":"type-product","3":"status-publish","4":"has-post-thumbnail","6":"product_tag-uncategorized","8":"first","9":"onbackorder","10":"purchasable","11":"product-type-simple"},"jetpack_sharing_enabled":true,"_links":{"self":[{"href":"https:\/\/gadgettravellers.eu\/it\/wp-json\/wp\/v2\/product\/5307291","targetHints":{"allow":["GET"]}}],"collection":[{"href":"https:\/\/gadgettravellers.eu\/it\/wp-json\/wp\/v2\/product"}],"about":[{"href":"https:\/\/gadgettravellers.eu\/it\/wp-json\/wp\/v2\/types\/product"}],"replies":[{"embeddable":true,"href":"https:\/\/gadgettravellers.eu\/it\/wp-json\/wp\/v2\/comments?post=5307291"}],"wp:featuredmedia":[{"embeddable":true,"href":"https:\/\/gadgettravellers.eu\/it\/wp-json\/wp\/v2\/media\/5129738"}],"wp:attachment":[{"href":"https:\/\/gadgettravellers.eu\/it\/wp-json\/wp\/v2\/media?parent=5307291"}],"wp:term":[{"taxonomy":"product_brand","embeddable":true,"href":"https:\/\/gadgettravellers.eu\/it\/wp-json\/wp\/v2\/product_brand?post=5307291"},{"taxonomy":"product_cat","embeddable":true,"href":"https:\/\/gadgettravellers.eu\/it\/wp-json\/wp\/v2\/product_cat?post=5307291"},{"taxonomy":"product_tag","embeddable":true,"href":"https:\/\/gadgettravellers.eu\/it\/wp-json\/wp\/v2\/product_tag?post=5307291"}],"curies":[{"name":"wp","href":"https:\/\/api.w.org\/{rel}","templated":true}]}}