{"id":5307294,"date":"2026-01-19T12:50:23","date_gmt":"2026-01-19T10:50:23","guid":{"rendered":"https:\/\/gadgettravellers.eu\/shop\/giocattolo-di-stoffa-per-cane-18cm-12-pezzi-550767\/"},"modified":"2026-04-13T01:41:30","modified_gmt":"2026-04-12T23:41:30","slug":"giocattolo-di-stoffa-per-cane-18cm-12-pezzi-550767","status":"publish","type":"product","link":"https:\/\/gadgettravellers.eu\/it\/shop\/giocattolo-di-stoffa-per-cane-18cm-12-pezzi-550767\/","title":{"rendered":"Giocattolo di stoffa per cane &#8211; 18cm &#8211; 12 pezzi &#8211; 550767"},"content":{"rendered":"<p>Gioco di stoffa per cani &#8211; Soft Toy, realizzato in materiale morbido ma particolarmente resistente e non tossico. Diventer\u00e0 il gioco quotidiano preferito che il tuo cagnolino adorer\u00e0. Diametro: 18cm.<\/p>\n<p>Confezione da 12 pezzi.<\/p>\n<div class='aiseo-faq-section' style='margin-top:30px; border-top:1px solid #eee; padding-top:20px;'>\n<h3>Domande Frequenti<\/h3>\n<details style='margin-bottom:10px; padding:10px; background:#f9f9f9; border-radius:5px;'>\n<summary style='font-weight:bold; cursor:pointer;'>Di che materiale \u00e8 fatto il giocattolo?<\/summary>\n<div style='margin-top:10px; color:#555;'>\u00c8 realizzato in materiale morbido ma particolarmente resistente e non tossico.<\/div>\n<\/details>\n<details style='margin-bottom:10px; padding:10px; background:#f9f9f9; border-radius:5px;'>\n<summary style='font-weight:bold; cursor:pointer;'>Qual \u00e8 il diametro del gioco?<\/summary>\n<div style='margin-top:10px; color:#555;'>Il diametro \u00e8 18 cm.<\/div>\n<\/details>\n<details style='margin-bottom:10px; padding:10px; background:#f9f9f9; border-radius:5px;'>\n<summary style='font-weight:bold; cursor:pointer;'>Cosa include il pacchetto?<\/summary>\n<div style='margin-top:10px; color:#555;'>Il pacchetto include 12 pezzi.<\/div>\n<\/details>\n<details style='margin-bottom:10px; padding:10px; background:#f9f9f9; border-radius:5px;'>\n<summary style='font-weight:bold; cursor:pointer;'>\u00c8 adatto per il gioco quotidiano?<\/summary>\n<div style='margin-top:10px; color:#555;'>S\u00ec, \u00e8 progettato per il gioco quotidiano che il tuo cucciolo adorer\u00e0.<\/div>\n<\/details>\n<\/div>\n","protected":false},"excerpt":{"rendered":"<p>Gioco in tessuto per cani di diametro 18 cm, realizzato in materiale morbido ma particolarmente resistente e non tossico. Confezione da 12 pezzi, ideale per il gioco quotidiano.<\/p>\n","protected":false},"featured_media":5129768,"comment_status":"closed","ping_status":"open","template":"","meta":[],"product_brand":[],"product_cat":[],"product_tag":[15],"class_list":{"0":"post-5307294","1":"product","2":"type-product","3":"status-publish","4":"has-post-thumbnail","6":"product_tag-uncategorized","8":"first","9":"onbackorder","10":"purchasable","11":"product-type-simple"},"jetpack_sharing_enabled":true,"_links":{"self":[{"href":"https:\/\/gadgettravellers.eu\/it\/wp-json\/wp\/v2\/product\/5307294","targetHints":{"allow":["GET"]}}],"collection":[{"href":"https:\/\/gadgettravellers.eu\/it\/wp-json\/wp\/v2\/product"}],"about":[{"href":"https:\/\/gadgettravellers.eu\/it\/wp-json\/wp\/v2\/types\/product"}],"replies":[{"embeddable":true,"href":"https:\/\/gadgettravellers.eu\/it\/wp-json\/wp\/v2\/comments?post=5307294"}],"wp:featuredmedia":[{"embeddable":true,"href":"https:\/\/gadgettravellers.eu\/it\/wp-json\/wp\/v2\/media\/5129768"}],"wp:attachment":[{"href":"https:\/\/gadgettravellers.eu\/it\/wp-json\/wp\/v2\/media?parent=5307294"}],"wp:term":[{"taxonomy":"product_brand","embeddable":true,"href":"https:\/\/gadgettravellers.eu\/it\/wp-json\/wp\/v2\/product_brand?post=5307294"},{"taxonomy":"product_cat","embeddable":true,"href":"https:\/\/gadgettravellers.eu\/it\/wp-json\/wp\/v2\/product_cat?post=5307294"},{"taxonomy":"product_tag","embeddable":true,"href":"https:\/\/gadgettravellers.eu\/it\/wp-json\/wp\/v2\/product_tag?post=5307294"}],"curies":[{"name":"wp","href":"https:\/\/api.w.org\/{rel}","templated":true}]}}