{"id":5307475,"date":"2026-01-19T12:51:52","date_gmt":"2026-01-19T10:51:52","guid":{"rendered":"https:\/\/gadgettravellers.eu\/shop\/gioco-per-cane-12-8x7-5cm-12-pezzi-550480\/"},"modified":"2026-04-15T21:29:33","modified_gmt":"2026-04-15T19:29:33","slug":"gioco-per-cane-12-8x7-5cm-12-pezzi-550480","status":"publish","type":"product","link":"https:\/\/gadgettravellers.eu\/it\/shop\/gioco-per-cane-12-8x7-5cm-12-pezzi-550480\/","title":{"rendered":"Gioco per cane &#8211; 12.8&#215;7.5cm &#8211; 12 pezzi &#8211; 550480"},"content":{"rendered":"<p>Gioco per cani, realizzato in TPR resistente e non tossico. Diventer\u00e0 il gioco quotidiano preferito che il tuo cagnolino adorer\u00e0 e che lo terr\u00e0 occupato per ore. Dimensioni: 12,8&#215;7,5cm.<\/p>\n<p>Confezione da 12 pezzi, in vari colori.<\/p>\n","protected":false},"excerpt":{"rendered":"<p>Gioco resistente per cani in TPR non tossico, ideale per masticare e giocare. Confezione da 12 pezzi in vari colori, dimensioni 12,8&#215;7,5 cm.<\/p>\n","protected":false},"featured_media":5130667,"comment_status":"closed","ping_status":"open","template":"","meta":[],"product_brand":[],"product_cat":[],"product_tag":[15],"class_list":{"0":"post-5307475","1":"product","2":"type-product","3":"status-publish","4":"has-post-thumbnail","6":"product_tag-uncategorized","8":"first","9":"onbackorder","10":"purchasable","11":"product-type-simple"},"jetpack_sharing_enabled":true,"_links":{"self":[{"href":"https:\/\/gadgettravellers.eu\/it\/wp-json\/wp\/v2\/product\/5307475","targetHints":{"allow":["GET"]}}],"collection":[{"href":"https:\/\/gadgettravellers.eu\/it\/wp-json\/wp\/v2\/product"}],"about":[{"href":"https:\/\/gadgettravellers.eu\/it\/wp-json\/wp\/v2\/types\/product"}],"replies":[{"embeddable":true,"href":"https:\/\/gadgettravellers.eu\/it\/wp-json\/wp\/v2\/comments?post=5307475"}],"wp:featuredmedia":[{"embeddable":true,"href":"https:\/\/gadgettravellers.eu\/it\/wp-json\/wp\/v2\/media\/5130667"}],"wp:attachment":[{"href":"https:\/\/gadgettravellers.eu\/it\/wp-json\/wp\/v2\/media?parent=5307475"}],"wp:term":[{"taxonomy":"product_brand","embeddable":true,"href":"https:\/\/gadgettravellers.eu\/it\/wp-json\/wp\/v2\/product_brand?post=5307475"},{"taxonomy":"product_cat","embeddable":true,"href":"https:\/\/gadgettravellers.eu\/it\/wp-json\/wp\/v2\/product_cat?post=5307475"},{"taxonomy":"product_tag","embeddable":true,"href":"https:\/\/gadgettravellers.eu\/it\/wp-json\/wp\/v2\/product_tag?post=5307475"}],"curies":[{"name":"wp","href":"https:\/\/api.w.org\/{rel}","templated":true}]}}