{"id":5307476,"date":"2026-01-19T12:51:53","date_gmt":"2026-01-19T10:51:53","guid":{"rendered":"https:\/\/gadgettravellers.eu\/shop\/gioco-per-cane-10x7-3cm-12-pezzi-550478\/"},"modified":"2026-04-15T21:29:33","modified_gmt":"2026-04-15T19:29:33","slug":"gioco-per-cane-10x7-3cm-12-pezzi-550478","status":"publish","type":"product","link":"https:\/\/gadgettravellers.eu\/it\/shop\/gioco-per-cane-10x7-3cm-12-pezzi-550478\/","title":{"rendered":"Gioco per cane &#8211; 10&#215;7.3cm &#8211; 12 pezzi &#8211; 550478"},"content":{"rendered":"<p>Gioco per cani, realizzato in TPR resistente e non tossico. Diventer\u00e0 il gioco quotidiano preferito che il tuo cagnolino adorer\u00e0 e che lo terr\u00e0 occupato per ore. Dimensioni: 10&#215;7,3cm.<\/p>\n<p>Confezione da 12 pezzi.<\/p>\n","protected":false},"excerpt":{"rendered":"<p>Gioco resistente per cani in TPR non tossico, ideale per masticare e giocare. Dimensioni 10&#215;7,3 cm, confezione da 12 pezzi \u2014 intrattiene il tuo animale domestico per ore.<\/p>\n","protected":false},"featured_media":5130678,"comment_status":"closed","ping_status":"open","template":"","meta":[],"product_brand":[],"product_cat":[],"product_tag":[15],"class_list":{"0":"post-5307476","1":"product","2":"type-product","3":"status-publish","4":"has-post-thumbnail","6":"product_tag-uncategorized","8":"first","9":"onbackorder","10":"purchasable","11":"product-type-simple"},"jetpack_sharing_enabled":true,"_links":{"self":[{"href":"https:\/\/gadgettravellers.eu\/it\/wp-json\/wp\/v2\/product\/5307476","targetHints":{"allow":["GET"]}}],"collection":[{"href":"https:\/\/gadgettravellers.eu\/it\/wp-json\/wp\/v2\/product"}],"about":[{"href":"https:\/\/gadgettravellers.eu\/it\/wp-json\/wp\/v2\/types\/product"}],"replies":[{"embeddable":true,"href":"https:\/\/gadgettravellers.eu\/it\/wp-json\/wp\/v2\/comments?post=5307476"}],"wp:featuredmedia":[{"embeddable":true,"href":"https:\/\/gadgettravellers.eu\/it\/wp-json\/wp\/v2\/media\/5130678"}],"wp:attachment":[{"href":"https:\/\/gadgettravellers.eu\/it\/wp-json\/wp\/v2\/media?parent=5307476"}],"wp:term":[{"taxonomy":"product_brand","embeddable":true,"href":"https:\/\/gadgettravellers.eu\/it\/wp-json\/wp\/v2\/product_brand?post=5307476"},{"taxonomy":"product_cat","embeddable":true,"href":"https:\/\/gadgettravellers.eu\/it\/wp-json\/wp\/v2\/product_cat?post=5307476"},{"taxonomy":"product_tag","embeddable":true,"href":"https:\/\/gadgettravellers.eu\/it\/wp-json\/wp\/v2\/product_tag?post=5307476"}],"curies":[{"name":"wp","href":"https:\/\/api.w.org\/{rel}","templated":true}]}}