{"id":5307627,"date":"2026-01-19T12:53:05","date_gmt":"2026-01-19T10:53:05","guid":{"rendered":"https:\/\/gadgettravellers.eu\/shop\/animale-di-peluche-balena-18x11cm-550712\/"},"modified":"2026-04-15T21:30:23","modified_gmt":"2026-04-15T19:30:23","slug":"animale-di-peluche-balena-18x11cm-550712","status":"publish","type":"product","link":"https:\/\/gadgettravellers.eu\/it\/shop\/animale-di-peluche-balena-18x11cm-550712\/","title":{"rendered":"Animale di peluche &#8211; Balena &#8211; 18x11cm &#8211; 550712"},"content":{"rendered":"<p>Pupazzo di peluche per bambini di 18 cm, con rivestimento morbido e ipoallergenico, completamente amico della pelle. <br \/>Un giocattolo che ogni bambino adorer\u00e0 e che diventer\u00e0 il suo amico preferito che lo accompagner\u00e0 ovunque.<\/p>\n","protected":false},"excerpt":{"rendered":"<p>Balena di peluche 18&#215;11 cm con rivestimento morbido e ipoallergenico \u2014 amico della pelle e ideale per coccole e gioco. Il regalo perfetto per i bambini piccoli.<\/p>\n","protected":false},"featured_media":5131185,"comment_status":"closed","ping_status":"open","template":"","meta":[],"product_brand":[],"product_cat":[],"product_tag":[15],"class_list":{"0":"post-5307627","1":"product","2":"type-product","3":"status-publish","4":"has-post-thumbnail","6":"product_tag-uncategorized","8":"first","9":"onbackorder","10":"purchasable","11":"product-type-simple"},"jetpack_sharing_enabled":true,"_links":{"self":[{"href":"https:\/\/gadgettravellers.eu\/it\/wp-json\/wp\/v2\/product\/5307627","targetHints":{"allow":["GET"]}}],"collection":[{"href":"https:\/\/gadgettravellers.eu\/it\/wp-json\/wp\/v2\/product"}],"about":[{"href":"https:\/\/gadgettravellers.eu\/it\/wp-json\/wp\/v2\/types\/product"}],"replies":[{"embeddable":true,"href":"https:\/\/gadgettravellers.eu\/it\/wp-json\/wp\/v2\/comments?post=5307627"}],"wp:featuredmedia":[{"embeddable":true,"href":"https:\/\/gadgettravellers.eu\/it\/wp-json\/wp\/v2\/media\/5131185"}],"wp:attachment":[{"href":"https:\/\/gadgettravellers.eu\/it\/wp-json\/wp\/v2\/media?parent=5307627"}],"wp:term":[{"taxonomy":"product_brand","embeddable":true,"href":"https:\/\/gadgettravellers.eu\/it\/wp-json\/wp\/v2\/product_brand?post=5307627"},{"taxonomy":"product_cat","embeddable":true,"href":"https:\/\/gadgettravellers.eu\/it\/wp-json\/wp\/v2\/product_cat?post=5307627"},{"taxonomy":"product_tag","embeddable":true,"href":"https:\/\/gadgettravellers.eu\/it\/wp-json\/wp\/v2\/product_tag?post=5307627"}],"curies":[{"name":"wp","href":"https:\/\/api.w.org\/{rel}","templated":true}]}}