{"id":5307659,"date":"2026-01-19T12:53:23","date_gmt":"2026-01-19T10:53:23","guid":{"rendered":"https:\/\/gadgettravellers.eu\/shop\/base-da-pavimento-per-addominali-sit-up-556629-bianco\/"},"modified":"2026-04-22T21:30:24","modified_gmt":"2026-04-22T19:30:24","slug":"base-da-pavimento-per-addominali-sit-up-556629-bianco","status":"publish","type":"product","link":"https:\/\/gadgettravellers.eu\/it\/shop\/base-da-pavimento-per-addominali-sit-up-556629-bianco\/","title":{"rendered":"Base da pavimento per addominali Sit-up &#8211; 556629 &#8211; Bianco"},"content":{"rendered":"<p>Allenate i vostri addominali in modo facile e intelligente con la base di supporto da pavimento, poich\u00e9 potete portarla con voi ovunque grazie al suo design leggero. Dispone di una potente ventosa con base di aspirazione in silicone e blocco di sicurezza per la massima stabilit\u00e0. Potete usarla ovunque, a casa, in ufficio o in palestra, poich\u00e9 \u00e8 leggera e pu\u00f2 essere spostata molto facilmente. Ha un rivestimento spesso e morbido in schiuma e un&#8217;altezza regolabile. Dimensioni: 17x24x14cm<\/p>\n","protected":false},"excerpt":{"rendered":"<p>Base da pavimento per allenamento addominale con forte ventosa in silicone e blocco di sicurezza. Portatile, leggera, con altezza regolabile e imbottitura morbida in schiuma per un uso confortevole a casa o in ufficio.<\/p>\n","protected":false},"featured_media":5131238,"comment_status":"closed","ping_status":"open","template":"","meta":[],"product_brand":[],"product_cat":[],"product_tag":[15],"class_list":{"0":"post-5307659","1":"product","2":"type-product","3":"status-publish","4":"has-post-thumbnail","6":"product_tag-uncategorized","8":"first","9":"onbackorder","10":"purchasable","11":"product-type-simple"},"jetpack_sharing_enabled":true,"_links":{"self":[{"href":"https:\/\/gadgettravellers.eu\/it\/wp-json\/wp\/v2\/product\/5307659","targetHints":{"allow":["GET"]}}],"collection":[{"href":"https:\/\/gadgettravellers.eu\/it\/wp-json\/wp\/v2\/product"}],"about":[{"href":"https:\/\/gadgettravellers.eu\/it\/wp-json\/wp\/v2\/types\/product"}],"replies":[{"embeddable":true,"href":"https:\/\/gadgettravellers.eu\/it\/wp-json\/wp\/v2\/comments?post=5307659"}],"wp:featuredmedia":[{"embeddable":true,"href":"https:\/\/gadgettravellers.eu\/it\/wp-json\/wp\/v2\/media\/5131238"}],"wp:attachment":[{"href":"https:\/\/gadgettravellers.eu\/it\/wp-json\/wp\/v2\/media?parent=5307659"}],"wp:term":[{"taxonomy":"product_brand","embeddable":true,"href":"https:\/\/gadgettravellers.eu\/it\/wp-json\/wp\/v2\/product_brand?post=5307659"},{"taxonomy":"product_cat","embeddable":true,"href":"https:\/\/gadgettravellers.eu\/it\/wp-json\/wp\/v2\/product_cat?post=5307659"},{"taxonomy":"product_tag","embeddable":true,"href":"https:\/\/gadgettravellers.eu\/it\/wp-json\/wp\/v2\/product_tag?post=5307659"}],"curies":[{"name":"wp","href":"https:\/\/api.w.org\/{rel}","templated":true}]}}