{"id":5307775,"date":"2026-01-19T12:54:27","date_gmt":"2026-01-19T10:54:27","guid":{"rendered":"https:\/\/gadgettravellers.eu\/shop\/cubo-di-velocita-22-13-117152\/"},"modified":"2026-04-22T21:31:08","modified_gmt":"2026-04-22T19:31:08","slug":"cubo-di-velocita-22-13-117152","status":"publish","type":"product","link":"https:\/\/gadgettravellers.eu\/it\/shop\/cubo-di-velocita-22-13-117152\/","title":{"rendered":"Cubo di velocit\u00e0 &#8211; 22-13 &#8211; 117152"},"content":{"rendered":"<p>Il gioco di algoritmo pi\u00f9 popolare al mondo, ora in nuove dimensioni, design e colori!<\/p>\n<p>Dimensioni della confezione: 6 x 6 x 6cm<\/p>\n<p>Soddisfa tutti gli standard di sicurezza. <br \/>Adatto a bambini di et\u00e0 superiore ai 6 anni.<\/p>\n","protected":false},"excerpt":{"rendered":"<p>Cubo di velocit\u00e0 classico 3&#215;3 in confezione compatta 6x6x6cm, adatto per et\u00e0 da 6 anni in su. Ideale per esercitare abilit\u00e0, gioco veloce e sicurezza secondo gli standard.<\/p>\n","protected":false},"featured_media":5131838,"comment_status":"closed","ping_status":"open","template":"","meta":[],"product_brand":[],"product_cat":[],"product_tag":[15],"class_list":{"0":"post-5307775","1":"product","2":"type-product","3":"status-publish","4":"has-post-thumbnail","6":"product_tag-uncategorized","8":"first","9":"onbackorder","10":"purchasable","11":"product-type-simple"},"jetpack_sharing_enabled":true,"_links":{"self":[{"href":"https:\/\/gadgettravellers.eu\/it\/wp-json\/wp\/v2\/product\/5307775","targetHints":{"allow":["GET"]}}],"collection":[{"href":"https:\/\/gadgettravellers.eu\/it\/wp-json\/wp\/v2\/product"}],"about":[{"href":"https:\/\/gadgettravellers.eu\/it\/wp-json\/wp\/v2\/types\/product"}],"replies":[{"embeddable":true,"href":"https:\/\/gadgettravellers.eu\/it\/wp-json\/wp\/v2\/comments?post=5307775"}],"wp:featuredmedia":[{"embeddable":true,"href":"https:\/\/gadgettravellers.eu\/it\/wp-json\/wp\/v2\/media\/5131838"}],"wp:attachment":[{"href":"https:\/\/gadgettravellers.eu\/it\/wp-json\/wp\/v2\/media?parent=5307775"}],"wp:term":[{"taxonomy":"product_brand","embeddable":true,"href":"https:\/\/gadgettravellers.eu\/it\/wp-json\/wp\/v2\/product_brand?post=5307775"},{"taxonomy":"product_cat","embeddable":true,"href":"https:\/\/gadgettravellers.eu\/it\/wp-json\/wp\/v2\/product_cat?post=5307775"},{"taxonomy":"product_tag","embeddable":true,"href":"https:\/\/gadgettravellers.eu\/it\/wp-json\/wp\/v2\/product_tag?post=5307775"}],"curies":[{"name":"wp","href":"https:\/\/api.w.org\/{rel}","templated":true}]}}