{"id":5307794,"date":"2026-01-19T12:54:39","date_gmt":"2026-01-19T10:54:39","guid":{"rendered":"https:\/\/gadgettravellers.eu\/shop\/chitarra-elettronica-per-bambini-939a-117167-giallo\/"},"modified":"2026-04-21T20:15:00","modified_gmt":"2026-04-21T18:15:00","slug":"chitarra-elettronica-per-bambini-939a-117167-giallo","status":"publish","type":"product","link":"https:\/\/gadgettravellers.eu\/it\/shop\/chitarra-elettronica-per-bambini-939a-117167-giallo\/","title":{"rendered":"Chitarra elettronica per bambini &#8211; 939A &#8211; 117167 &#8211; Giallo"},"content":{"rendered":"<p>Chitarra elettronica per bambini con un bellissimo design colorato, con illuminazione e suono potente, per diventare una vera Rock Star! <br \/>Dotata di tracolla regolabile.<\/p>\n<p>Dimensioni della chitarra: 53 x 17 x 5 cm.<br \/>Dimensioni della confezione: 56 x 20 x 5,5 cm.<\/p>\n<p>Conforme a tutte le norme di sicurezza. <br \/>Adatto a bambini di et\u00e0 superiore ai 3 anni.<\/p>\n","protected":false},"excerpt":{"rendered":"<p>Chitarra elettronica per bambini con illuminazione e suono potente, ideale per i piccoli musicisti. Dispone di tracolla regolabile, dimensioni portatili (53\u00d717\u00d75 cm) e soddisfa gli standard di sicurezza per et\u00e0 da 3 anni in su.<\/p>\n","protected":false},"featured_media":5131927,"comment_status":"closed","ping_status":"open","template":"","meta":[],"product_brand":[],"product_cat":[],"product_tag":[15],"class_list":{"0":"post-5307794","1":"product","2":"type-product","3":"status-publish","4":"has-post-thumbnail","6":"product_tag-uncategorized","8":"first","9":"onbackorder","10":"purchasable","11":"product-type-simple"},"jetpack_sharing_enabled":true,"_links":{"self":[{"href":"https:\/\/gadgettravellers.eu\/it\/wp-json\/wp\/v2\/product\/5307794","targetHints":{"allow":["GET"]}}],"collection":[{"href":"https:\/\/gadgettravellers.eu\/it\/wp-json\/wp\/v2\/product"}],"about":[{"href":"https:\/\/gadgettravellers.eu\/it\/wp-json\/wp\/v2\/types\/product"}],"replies":[{"embeddable":true,"href":"https:\/\/gadgettravellers.eu\/it\/wp-json\/wp\/v2\/comments?post=5307794"}],"wp:featuredmedia":[{"embeddable":true,"href":"https:\/\/gadgettravellers.eu\/it\/wp-json\/wp\/v2\/media\/5131927"}],"wp:attachment":[{"href":"https:\/\/gadgettravellers.eu\/it\/wp-json\/wp\/v2\/media?parent=5307794"}],"wp:term":[{"taxonomy":"product_brand","embeddable":true,"href":"https:\/\/gadgettravellers.eu\/it\/wp-json\/wp\/v2\/product_brand?post=5307794"},{"taxonomy":"product_cat","embeddable":true,"href":"https:\/\/gadgettravellers.eu\/it\/wp-json\/wp\/v2\/product_cat?post=5307794"},{"taxonomy":"product_tag","embeddable":true,"href":"https:\/\/gadgettravellers.eu\/it\/wp-json\/wp\/v2\/product_tag?post=5307794"}],"curies":[{"name":"wp","href":"https:\/\/api.w.org\/{rel}","templated":true}]}}