{"id":5307859,"date":"2026-01-19T12:55:20","date_gmt":"2026-01-19T10:55:20","guid":{"rendered":"https:\/\/gadgettravellers.eu\/shop\/gioco-da-tavolo-prescolare-track-puzzle-dino-555-3c-215577\/"},"modified":"2026-04-15T21:31:37","modified_gmt":"2026-04-15T19:31:37","slug":"gioco-da-tavolo-prescolare-track-puzzle-dino-555-3c-215577","status":"publish","type":"product","link":"https:\/\/gadgettravellers.eu\/it\/shop\/gioco-da-tavolo-prescolare-track-puzzle-dino-555-3c-215577\/","title":{"rendered":"Gioco da tavolo prescolare Track Puzzle &#8211; Dino &#8211; 555-3C &#8211; 215577"},"content":{"rendered":"<p>Gioco da tavolo prescolare Track Puzzle &#8211; Dinosauro, con la possibilit\u00e0 di creare molti percorsi diversi e molti accessori, in un meraviglioso design colorato. Esercita l&#8217;abilit\u00e0 e la motricit\u00e0 fine del bambino, divertendosi.<\/p>\n<p>Dimensioni della confezione: 26.7*18.2*5.4 cm<\/p>\n<p>Soddisfa tutti gli standard di sicurezza. <br \/>Adatto a bambini di et\u00e0 superiore ai 3 anni.<\/p>\n<p>\u00a0<\/p>\n","protected":false},"excerpt":{"rendered":"<p>Puzzle da tavolo prescolare Track Puzzle &#8211; Dinosauro con pezzi colorati e molti accessori. Rafforza la motricit\u00e0 fine e il coordinamento, adatto a bambini di 3 anni e oltre.<\/p>\n","protected":false},"featured_media":5132277,"comment_status":"closed","ping_status":"open","template":"","meta":[],"product_brand":[],"product_cat":[],"product_tag":[15],"class_list":{"0":"post-5307859","1":"product","2":"type-product","3":"status-publish","4":"has-post-thumbnail","6":"product_tag-uncategorized","8":"first","9":"onbackorder","10":"purchasable","11":"product-type-simple"},"jetpack_sharing_enabled":true,"_links":{"self":[{"href":"https:\/\/gadgettravellers.eu\/it\/wp-json\/wp\/v2\/product\/5307859","targetHints":{"allow":["GET"]}}],"collection":[{"href":"https:\/\/gadgettravellers.eu\/it\/wp-json\/wp\/v2\/product"}],"about":[{"href":"https:\/\/gadgettravellers.eu\/it\/wp-json\/wp\/v2\/types\/product"}],"replies":[{"embeddable":true,"href":"https:\/\/gadgettravellers.eu\/it\/wp-json\/wp\/v2\/comments?post=5307859"}],"wp:featuredmedia":[{"embeddable":true,"href":"https:\/\/gadgettravellers.eu\/it\/wp-json\/wp\/v2\/media\/5132277"}],"wp:attachment":[{"href":"https:\/\/gadgettravellers.eu\/it\/wp-json\/wp\/v2\/media?parent=5307859"}],"wp:term":[{"taxonomy":"product_brand","embeddable":true,"href":"https:\/\/gadgettravellers.eu\/it\/wp-json\/wp\/v2\/product_brand?post=5307859"},{"taxonomy":"product_cat","embeddable":true,"href":"https:\/\/gadgettravellers.eu\/it\/wp-json\/wp\/v2\/product_cat?post=5307859"},{"taxonomy":"product_tag","embeddable":true,"href":"https:\/\/gadgettravellers.eu\/it\/wp-json\/wp\/v2\/product_tag?post=5307859"}],"curies":[{"name":"wp","href":"https:\/\/api.w.org\/{rel}","templated":true}]}}