{"id":5307905,"date":"2026-01-19T12:55:48","date_gmt":"2026-01-19T10:55:48","guid":{"rendered":"https:\/\/gadgettravellers.eu\/shop\/figura-supereroe-f2012-1-215409\/"},"modified":"2026-04-13T01:45:25","modified_gmt":"2026-04-12T23:45:25","slug":"figura-supereroe-f2012-1-215409","status":"publish","type":"product","link":"https:\/\/gadgettravellers.eu\/it\/shop\/figura-supereroe-f2012-1-215409\/","title":{"rendered":"Figura Supereroe &#8211; F2012-1 &#8211; 215409"},"content":{"rendered":"<p>Figura di Super Eroe tipo transformer con dettagli particolari. Scopri tutta la collezione e preparati a un gioco entusiasmante!<\/p>\n<p>Dimensioni confezione: 24 x 14.5 x 6cm.<\/p>\n<p>*Disponibile in vari modelli &#8211; Spedizione in base alla disponibilit\u00e0.<\/p>\n<p>Conforme a tutte le norme di sicurezza. <br \/>Adatto a bambini da 3 anni in su.<\/p>\n<div class='aiseo-faq-section' style='margin-top:30px; border-top:1px solid #eee; padding-top:20px;'>\n<h3>Domande Frequenti<\/h3>\n<details style='margin-bottom:10px; padding:10px; background:#f9f9f9; border-radius:5px;'>\n<summary style='font-weight:bold; cursor:pointer;'>Qual \u00e8 l&#8217;et\u00e0 appropriata per questa figura?<\/summary>\n<div style='margin-top:10px; color:#555;'>Adatto a bambini di et\u00e0 superiore ai 3 anni.<\/div>\n<\/details>\n<details style='margin-bottom:10px; padding:10px; background:#f9f9f9; border-radius:5px;'>\n<summary style='font-weight:bold; cursor:pointer;'>La figura \u00e8 trasformabile?<\/summary>\n<div style='margin-top:10px; color:#555;'>S\u00ec, si tratta di una figura di tipo transformer con dettagli particolari.<\/div>\n<\/details>\n<details style='margin-bottom:10px; padding:10px; background:#f9f9f9; border-radius:5px;'>\n<summary style='font-weight:bold; cursor:pointer;'>Disponibile in altri modelli?<\/summary>\n<div style='margin-top:10px; color:#555;'>S\u00ec, \u00e8 disponibile in una variet\u00e0 di modelli e la spedizione avviene in base alla disponibilit\u00e0.<\/div>\n<\/details>\n<details style='margin-bottom:10px; padding:10px; background:#f9f9f9; border-radius:5px;'>\n<summary style='font-weight:bold; cursor:pointer;'>Quali sono le dimensioni della confezione?<\/summary>\n<div style='margin-top:10px; color:#555;'>Le dimensioni della confezione sono 24 x 14,5 x 6 cm.<\/div>\n<\/details>\n<\/div>\n","protected":false},"excerpt":{"rendered":"<p>Figura di supereroe tipo transformer con design dettagliato, adatta a bambini da 3 anni in su. Disponibile in vari modelli \u2014 spedizione in base alla disponibilit\u00e0.<\/p>\n","protected":false},"featured_media":5112212,"comment_status":"closed","ping_status":"open","template":"","meta":[],"product_brand":[],"product_cat":[],"product_tag":[15],"class_list":{"0":"post-5307905","1":"product","2":"type-product","3":"status-publish","4":"has-post-thumbnail","6":"product_tag-uncategorized","8":"first","9":"onbackorder","10":"purchasable","11":"product-type-simple"},"jetpack_sharing_enabled":true,"_links":{"self":[{"href":"https:\/\/gadgettravellers.eu\/it\/wp-json\/wp\/v2\/product\/5307905","targetHints":{"allow":["GET"]}}],"collection":[{"href":"https:\/\/gadgettravellers.eu\/it\/wp-json\/wp\/v2\/product"}],"about":[{"href":"https:\/\/gadgettravellers.eu\/it\/wp-json\/wp\/v2\/types\/product"}],"replies":[{"embeddable":true,"href":"https:\/\/gadgettravellers.eu\/it\/wp-json\/wp\/v2\/comments?post=5307905"}],"wp:featuredmedia":[{"embeddable":true,"href":"https:\/\/gadgettravellers.eu\/it\/wp-json\/wp\/v2\/media\/5112212"}],"wp:attachment":[{"href":"https:\/\/gadgettravellers.eu\/it\/wp-json\/wp\/v2\/media?parent=5307905"}],"wp:term":[{"taxonomy":"product_brand","embeddable":true,"href":"https:\/\/gadgettravellers.eu\/it\/wp-json\/wp\/v2\/product_brand?post=5307905"},{"taxonomy":"product_cat","embeddable":true,"href":"https:\/\/gadgettravellers.eu\/it\/wp-json\/wp\/v2\/product_cat?post=5307905"},{"taxonomy":"product_tag","embeddable":true,"href":"https:\/\/gadgettravellers.eu\/it\/wp-json\/wp\/v2\/product_tag?post=5307905"}],"curies":[{"name":"wp","href":"https:\/\/api.w.org\/{rel}","templated":true}]}}