{"id":5308167,"date":"2026-01-19T12:58:08","date_gmt":"2026-01-19T10:58:08","guid":{"rendered":"https:\/\/gadgettravellers.eu\/shop\/tappetino-da-bagno-m0831-50x80cm-grigio-20866\/"},"modified":"2026-04-13T01:47:07","modified_gmt":"2026-04-12T23:47:07","slug":"tappetino-da-bagno-m0831-50x80cm-grigio-20866","status":"publish","type":"product","link":"https:\/\/gadgettravellers.eu\/it\/shop\/tappetino-da-bagno-m0831-50x80cm-grigio-20866\/","title":{"rendered":"Tappetino da bagno &#8211; M0831 &#8211; 50x80cm &#8211; Grigio &#8211; 20866"},"content":{"rendered":"<p>Tappetino da bagno in composizione di alta qualit\u00e0, con una sensazione estremamente morbida e grande assorbenza.<br \/>\nComposizione di cotone e poliestere ad alta resistenza.  <\/p>\n<p>*Lavabile in lavatrice &#8211; Si consiglia bassa temperatura e bassa velocit\u00e0 di centrifuga.<\/p>\n<div class='aiseo-faq-section' style='margin-top:30px; border-top:1px solid #eee; padding-top:20px;'>\n<h3>Domande Frequenti<\/h3>\n<details style='margin-bottom:10px; padding:10px; background:#f9f9f9; border-radius:5px;'>\n<summary style='font-weight:bold; cursor:pointer;'>Di quali materiali \u00e8 fatto il tappetino?<\/summary>\n<div style='margin-top:10px; color:#555;'>\u00c8 composto da cotone e poliestere ad alta resistenza.<\/div>\n<\/details>\n<details style='margin-bottom:10px; padding:10px; background:#f9f9f9; border-radius:5px;'>\n<summary style='font-weight:bold; cursor:pointer;'>Posso lavarlo in lavatrice?<\/summary>\n<div style='margin-top:10px; color:#555;'>S\u00ec, \u00e8 lavabile in lavatrice; si consiglia una bassa temperatura e una bassa velocit\u00e0 di centrifuga.<\/div>\n<\/details>\n<details style='margin-bottom:10px; padding:10px; background:#f9f9f9; border-radius:5px;'>\n<summary style='font-weight:bold; cursor:pointer;'>Quali sono le sue dimensioni?<\/summary>\n<div style='margin-top:10px; color:#555;'>Le dimensioni sono 50&#215;80 cm.<\/div>\n<\/details>\n<details style='margin-bottom:10px; padding:10px; background:#f9f9f9; border-radius:5px;'>\n<summary style='font-weight:bold; cursor:pointer;'>\u00c8 assorbente e la sua consistenza \u00e8 morbida?<\/summary>\n<div style='margin-top:10px; color:#555;'>S\u00ec, offre una sensazione estremamente morbida e un&#8217;elevata assorbenza.<\/div>\n<\/details>\n<\/div>\n","protected":false},"excerpt":{"rendered":"<p>Tappetino da bagno 50&#215;80 cm in grigio, composto da cotone e poliestere, con una sensazione morbida e alta assorbenza. Lavabile in lavatrice, si consiglia bassa temperatura e basse velocit\u00e0 di centrifuga.<\/p>\n","protected":false},"featured_media":5134199,"comment_status":"closed","ping_status":"open","template":"","meta":[],"product_brand":[],"product_cat":[],"product_tag":[15],"class_list":{"0":"post-5308167","1":"product","2":"type-product","3":"status-publish","4":"has-post-thumbnail","6":"product_tag-uncategorized","8":"first","9":"onbackorder","10":"purchasable","11":"product-type-simple"},"jetpack_sharing_enabled":true,"_links":{"self":[{"href":"https:\/\/gadgettravellers.eu\/it\/wp-json\/wp\/v2\/product\/5308167","targetHints":{"allow":["GET"]}}],"collection":[{"href":"https:\/\/gadgettravellers.eu\/it\/wp-json\/wp\/v2\/product"}],"about":[{"href":"https:\/\/gadgettravellers.eu\/it\/wp-json\/wp\/v2\/types\/product"}],"replies":[{"embeddable":true,"href":"https:\/\/gadgettravellers.eu\/it\/wp-json\/wp\/v2\/comments?post=5308167"}],"wp:featuredmedia":[{"embeddable":true,"href":"https:\/\/gadgettravellers.eu\/it\/wp-json\/wp\/v2\/media\/5134199"}],"wp:attachment":[{"href":"https:\/\/gadgettravellers.eu\/it\/wp-json\/wp\/v2\/media?parent=5308167"}],"wp:term":[{"taxonomy":"product_brand","embeddable":true,"href":"https:\/\/gadgettravellers.eu\/it\/wp-json\/wp\/v2\/product_brand?post=5308167"},{"taxonomy":"product_cat","embeddable":true,"href":"https:\/\/gadgettravellers.eu\/it\/wp-json\/wp\/v2\/product_cat?post=5308167"},{"taxonomy":"product_tag","embeddable":true,"href":"https:\/\/gadgettravellers.eu\/it\/wp-json\/wp\/v2\/product_tag?post=5308167"}],"curies":[{"name":"wp","href":"https:\/\/api.w.org\/{rel}","templated":true}]}}