{"id":5308187,"date":"2026-01-19T12:58:19","date_gmt":"2026-01-19T10:58:19","guid":{"rendered":"https:\/\/gadgettravellers.eu\/shop\/orologio-digitale-da-polso-per-bambini-2716-756903-nero\/"},"modified":"2026-04-13T01:47:15","modified_gmt":"2026-04-12T23:47:15","slug":"orologio-digitale-da-polso-per-bambini-2716-756903-nero","status":"publish","type":"product","link":"https:\/\/gadgettravellers.eu\/it\/shop\/orologio-digitale-da-polso-per-bambini-2716-756903-nero\/","title":{"rendered":"Orologio digitale da polso per bambini &#8211; 2716 &#8211; 756903 &#8211; Nero"},"content":{"rendered":"<p>Orologio digitale da polso per bambini con un design sportivo eccezionale, colori meravigliosi e uno stile che si adatta a ogni gusto e umore.<\/p>\n<p>Caratteristiche: <br \/>Vestibilit\u00e0 comoda con cinturino in silicone<br \/>Resistenza all&#8217;umidit\u00e0<br \/>Retroilluminazione<br \/>Funzioni base: Data, Ora.<\/p>\n<div class='aiseo-faq-section' style='margin-top:30px; border-top:1px solid #eee; padding-top:20px;'>\n<h3>Domande Frequenti<\/h3>\n<details style='margin-bottom:10px; padding:10px; background:#f9f9f9; border-radius:5px;'>\n<summary style='font-weight:bold; cursor:pointer;'>\u00c8 resistente all&#8217;umidit\u00e0?<\/summary>\n<div style='margin-top:10px; color:#555;'>S\u00ec, \u00e8 resistente all&#8217;umidit\u00e0.<\/div>\n<\/details>\n<details style='margin-bottom:10px; padding:10px; background:#f9f9f9; border-radius:5px;'>\n<summary style='font-weight:bold; cursor:pointer;'>Quali funzioni offre l&#8217;orologio?<\/summary>\n<div style='margin-top:10px; color:#555;'>Funzioni di base: indicazione di ora e data, nonch\u00e9 retroilluminazione.<\/div>\n<\/details>\n<details style='margin-bottom:10px; padding:10px; background:#f9f9f9; border-radius:5px;'>\n<summary style='font-weight:bold; cursor:pointer;'>Di che materiale \u00e8 il cinturino?<\/summary>\n<div style='margin-top:10px; color:#555;'>Il cinturino \u00e8 in silicone per una vestibilit\u00e0 confortevole.<\/div>\n<\/details>\n<details style='margin-bottom:10px; padding:10px; background:#f9f9f9; border-radius:5px;'>\n<summary style='font-weight:bold; cursor:pointer;'>\u00c8 adatto per l&#8217;uso quotidiano?<\/summary>\n<div style='margin-top:10px; color:#555;'>S\u00ec, ha un design sportivo e caratteristiche che lo rendono ideale per l&#8217;uso quotidiano.<\/div>\n<\/details>\n<\/div>\n","protected":false},"excerpt":{"rendered":"<p>Orologio digitale per bambini con aspetto sportivo e comodo cinturino in silicone. Resistente all&#8217;umidit\u00e0, con retroilluminazione e indicazione di ora\/data \u2014 ideale per l&#8217;uso quotidiano.<\/p>\n","protected":false},"featured_media":5134316,"comment_status":"closed","ping_status":"open","template":"","meta":[],"product_brand":[],"product_cat":[],"product_tag":[15],"class_list":{"0":"post-5308187","1":"product","2":"type-product","3":"status-publish","4":"has-post-thumbnail","6":"product_tag-uncategorized","8":"first","9":"onbackorder","10":"purchasable","11":"product-type-simple"},"jetpack_sharing_enabled":true,"_links":{"self":[{"href":"https:\/\/gadgettravellers.eu\/it\/wp-json\/wp\/v2\/product\/5308187","targetHints":{"allow":["GET"]}}],"collection":[{"href":"https:\/\/gadgettravellers.eu\/it\/wp-json\/wp\/v2\/product"}],"about":[{"href":"https:\/\/gadgettravellers.eu\/it\/wp-json\/wp\/v2\/types\/product"}],"replies":[{"embeddable":true,"href":"https:\/\/gadgettravellers.eu\/it\/wp-json\/wp\/v2\/comments?post=5308187"}],"wp:featuredmedia":[{"embeddable":true,"href":"https:\/\/gadgettravellers.eu\/it\/wp-json\/wp\/v2\/media\/5134316"}],"wp:attachment":[{"href":"https:\/\/gadgettravellers.eu\/it\/wp-json\/wp\/v2\/media?parent=5308187"}],"wp:term":[{"taxonomy":"product_brand","embeddable":true,"href":"https:\/\/gadgettravellers.eu\/it\/wp-json\/wp\/v2\/product_brand?post=5308187"},{"taxonomy":"product_cat","embeddable":true,"href":"https:\/\/gadgettravellers.eu\/it\/wp-json\/wp\/v2\/product_cat?post=5308187"},{"taxonomy":"product_tag","embeddable":true,"href":"https:\/\/gadgettravellers.eu\/it\/wp-json\/wp\/v2\/product_tag?post=5308187"}],"curies":[{"name":"wp","href":"https:\/\/api.w.org\/{rel}","templated":true}]}}