{"id":5308197,"date":"2026-01-19T12:58:25","date_gmt":"2026-01-19T10:58:25","guid":{"rendered":"https:\/\/gadgettravellers.eu\/shop\/calcolatrice-digitale-2208-822081-blu\/"},"modified":"2026-04-13T01:47:19","modified_gmt":"2026-04-12T23:47:19","slug":"calcolatrice-digitale-2208-822081-blu","status":"publish","type":"product","link":"https:\/\/gadgettravellers.eu\/it\/shop\/calcolatrice-digitale-2208-822081-blu\/","title":{"rendered":"Calcolatrice digitale &#8211; 2208 &#8211; 822081 &#8211; Blu"},"content":{"rendered":"<p>Calcolatrice digitale con tasti grandi e grande display LCD digitale ben visibile, con 2 modalit\u00e0 di alimentazione, batteria e pannello solare, in splendidi colori.<\/p>\n<p>Caratteristiche: <br \/>Alimentazione: Batterie 2*AAA &#038; solare<br \/>Numero di cifre: 12, <br \/>Numero di righe: 1, <br \/>Materiale di fabbricazione: Plastica, <br \/>Display digitale LCD, <br \/>Piedini antiscivolo alla base, <br \/>Dimensioni: 15 x 14 x 3 cm.<\/p>\n<div class='aiseo-faq-section' style='margin-top:30px; border-top:1px solid #eee; padding-top:20px;'>\n<h3>Domande Frequenti<\/h3>\n<details style='margin-bottom:10px; padding:10px; background:#f9f9f9; border-radius:5px;'>\n<summary style='font-weight:bold; cursor:pointer;'>Che tipo di alimentazione ha la calcolatrice?<\/summary>\n<div style='margin-top:10px; color:#555;'>Doppia alimentazione: 2\u00d7batterie AAA e pannello solare integrato.<\/div>\n<\/details>\n<details style='margin-bottom:10px; padding:10px; background:#f9f9f9; border-radius:5px;'>\n<summary style='font-weight:bold; cursor:pointer;'>Quante cifre mostra lo schermo?<\/summary>\n<div style='margin-top:10px; color:#555;'>Schermo a 12 cifre su una riga.<\/div>\n<\/details>\n<details style='margin-bottom:10px; padding:10px; background:#f9f9f9; border-radius:5px;'>\n<summary style='font-weight:bold; cursor:pointer;'>Quali sono le dimensioni del dispositivo?<\/summary>\n<div style='margin-top:10px; color:#555;'>Dimensioni 15\u00d714\u00d73 cm, dimensione compatta.<\/div>\n<\/details>\n<details style='margin-bottom:10px; padding:10px; background:#f9f9f9; border-radius:5px;'>\n<summary style='font-weight:bold; cursor:pointer;'>Di che materiale \u00e8 fatta e ha propriet\u00e0 antiscivolo?<\/summary>\n<div style='margin-top:10px; color:#555;'>Realizzato in plastica e dotato di tappetini antiscivolo alla base.<\/div>\n<\/details>\n<\/div>\n","protected":false},"excerpt":{"rendered":"<p>Calcolatrice digitale a 12 cifre con grande schermo LCD e tasti grandi. Doppia alimentazione con 2\u00d7AAA e pannello solare, base antiscivolo e dimensioni compatte 15\u00d714\u00d73 cm.<\/p>\n","protected":false},"featured_media":5134349,"comment_status":"closed","ping_status":"open","template":"","meta":[],"product_brand":[],"product_cat":[],"product_tag":[15],"class_list":{"0":"post-5308197","1":"product","2":"type-product","3":"status-publish","4":"has-post-thumbnail","6":"product_tag-uncategorized","8":"first","9":"onbackorder","10":"purchasable","11":"product-type-simple"},"jetpack_sharing_enabled":true,"_links":{"self":[{"href":"https:\/\/gadgettravellers.eu\/it\/wp-json\/wp\/v2\/product\/5308197","targetHints":{"allow":["GET"]}}],"collection":[{"href":"https:\/\/gadgettravellers.eu\/it\/wp-json\/wp\/v2\/product"}],"about":[{"href":"https:\/\/gadgettravellers.eu\/it\/wp-json\/wp\/v2\/types\/product"}],"replies":[{"embeddable":true,"href":"https:\/\/gadgettravellers.eu\/it\/wp-json\/wp\/v2\/comments?post=5308197"}],"wp:featuredmedia":[{"embeddable":true,"href":"https:\/\/gadgettravellers.eu\/it\/wp-json\/wp\/v2\/media\/5134349"}],"wp:attachment":[{"href":"https:\/\/gadgettravellers.eu\/it\/wp-json\/wp\/v2\/media?parent=5308197"}],"wp:term":[{"taxonomy":"product_brand","embeddable":true,"href":"https:\/\/gadgettravellers.eu\/it\/wp-json\/wp\/v2\/product_brand?post=5308197"},{"taxonomy":"product_cat","embeddable":true,"href":"https:\/\/gadgettravellers.eu\/it\/wp-json\/wp\/v2\/product_cat?post=5308197"},{"taxonomy":"product_tag","embeddable":true,"href":"https:\/\/gadgettravellers.eu\/it\/wp-json\/wp\/v2\/product_tag?post=5308197"}],"curies":[{"name":"wp","href":"https:\/\/api.w.org\/{rel}","templated":true}]}}