{"id":5308272,"date":"2026-01-19T12:59:13","date_gmt":"2026-01-19T10:59:13","guid":{"rendered":"https:\/\/gadgettravellers.eu\/shop\/macina-caffe-ricaricabile-ka3129-white-dsp-617994\/"},"modified":"2026-04-13T01:47:46","modified_gmt":"2026-04-12T23:47:46","slug":"macina-caffe-ricaricabile-ka3129-white-dsp-617994","status":"publish","type":"product","link":"https:\/\/gadgettravellers.eu\/it\/shop\/macina-caffe-ricaricabile-ka3129-white-dsp-617994\/","title":{"rendered":"Macina caff\u00e8 ricaricabile &#8211; KA3129-White &#8211; DSP &#8211; 617994"},"content":{"rendered":"<p>Macinacaff\u00e8 portatile ricaricabile di alta qualit\u00e0 e potenza della DSP, ideale per avere il proprio caff\u00e8 espresso aromatico appena macinato nel comfort di casa ma anche ovunque si desideri, poich\u00e9 \u00e8 pratico e facilmente trasportabile ovunque.<\/p>\n<p>Caratteristiche:<br \/>Corpo di taglio in ceramica che previene l&#8217;ossidazione del caff\u00e8 e la perdita di sapore,<br \/>Potenza: 13W,<br \/>Tensione: 3.7V<br \/>Capacit\u00e0: 250ml, <br \/>5 opzioni di regolazione dello spessore della macinatura, <br \/>Velocit\u00e0 di macinatura: 2-4 minuti,<br \/>Batteria ricaricabile integrata al litio 18650 1200mAh<br \/>Tempo di ricarica: 3,5 ore<br \/>Autonomia della batteria: fino a 2,5 ore<br \/>Ricarica con cavo Type-C (incluso)<br \/>Base antiscivolo,<br \/>Parti rimovibili e lavabili,<br \/>Dimensioni: 25 x 15cm,<br \/>Materiale della scocca: ABS+rivestimento UV.<\/p>\n<p>Istruzioni per l&#8217;uso in inglese incluse.<\/p>\n<div class='aiseo-faq-section' style='margin-top:30px; border-top:1px solid #eee; padding-top:20px;'>\n<h3>Domande Frequenti<\/h3>\n<details style='margin-bottom:10px; padding:10px; background:#f9f9f9; border-radius:5px;'>\n<summary style='font-weight:bold; cursor:pointer;'>Qual \u00e8 la capacit\u00e0 del mulino?<\/summary>\n<div style='margin-top:10px; color:#555;'>La capacit\u00e0 \u00e8 di 250 ml.<\/div>\n<\/details>\n<details style='margin-bottom:10px; padding:10px; background:#f9f9f9; border-radius:5px;'>\n<summary style='font-weight:bold; cursor:pointer;'>Che tipo di lame utilizza?<\/summary>\n<div style='margin-top:10px; color:#555;'>Ha un corpo di taglio in ceramica che previene l&#8217;ossidazione e mantiene il sapore.<\/div>\n<\/details>\n<details style='margin-bottom:10px; padding:10px; background:#f9f9f9; border-radius:5px;'>\n<summary style='font-weight:bold; cursor:pointer;'>Quanto dura la ricarica e la batteria?<\/summary>\n<div style='margin-top:10px; color:#555;'>Il tempo di ricarica \u00e8 di 3,5 ore e l&#8217;autonomia fino a 2,5 ore con batteria integrata 18650 1200mAh.<\/div>\n<\/details>\n<details style='margin-bottom:10px; padding:10px; background:#f9f9f9; border-radius:5px;'>\n<summary style='font-weight:bold; cursor:pointer;'>Ci sono impostazioni per la macinatura dello spessore?<\/summary>\n<div style='margin-top:10px; color:#555;'>S\u00ec, offre 5 opzioni di regolazione dello spessore di taglio.<\/div>\n<\/details>\n<details style='margin-bottom:10px; padding:10px; background:#f9f9f9; border-radius:5px;'>\n<summary style='font-weight:bold; cursor:pointer;'>Le parti del mulino possono essere lavate?<\/summary>\n<div style='margin-top:10px; color:#555;'>S\u00ec, le parti rimovibili sono lavabili.<\/div>\n<\/details>\n<\/div>\n","protected":false},"excerpt":{"rendered":"<p>Macina caff\u00e8 portatile ricaricabile con lame in ceramica, capacit\u00e0 250ml e 5 impostazioni di macinatura. Batteria integrata 18650 1200mAh, ricarica Type-C, parti rimovibili lavabili e base antiscivolo.<\/p>\n","protected":false},"featured_media":5134866,"comment_status":"closed","ping_status":"open","template":"","meta":[],"product_brand":[],"product_cat":[],"product_tag":[15],"class_list":{"0":"post-5308272","1":"product","2":"type-product","3":"status-publish","4":"has-post-thumbnail","6":"product_tag-uncategorized","8":"first","9":"onbackorder","10":"purchasable","11":"product-type-simple"},"jetpack_sharing_enabled":true,"_links":{"self":[{"href":"https:\/\/gadgettravellers.eu\/it\/wp-json\/wp\/v2\/product\/5308272","targetHints":{"allow":["GET"]}}],"collection":[{"href":"https:\/\/gadgettravellers.eu\/it\/wp-json\/wp\/v2\/product"}],"about":[{"href":"https:\/\/gadgettravellers.eu\/it\/wp-json\/wp\/v2\/types\/product"}],"replies":[{"embeddable":true,"href":"https:\/\/gadgettravellers.eu\/it\/wp-json\/wp\/v2\/comments?post=5308272"}],"wp:featuredmedia":[{"embeddable":true,"href":"https:\/\/gadgettravellers.eu\/it\/wp-json\/wp\/v2\/media\/5134866"}],"wp:attachment":[{"href":"https:\/\/gadgettravellers.eu\/it\/wp-json\/wp\/v2\/media?parent=5308272"}],"wp:term":[{"taxonomy":"product_brand","embeddable":true,"href":"https:\/\/gadgettravellers.eu\/it\/wp-json\/wp\/v2\/product_brand?post=5308272"},{"taxonomy":"product_cat","embeddable":true,"href":"https:\/\/gadgettravellers.eu\/it\/wp-json\/wp\/v2\/product_cat?post=5308272"},{"taxonomy":"product_tag","embeddable":true,"href":"https:\/\/gadgettravellers.eu\/it\/wp-json\/wp\/v2\/product_tag?post=5308272"}],"curies":[{"name":"wp","href":"https:\/\/api.w.org\/{rel}","templated":true}]}}