{"id":5308521,"date":"2026-01-19T13:01:42","date_gmt":"2026-01-19T11:01:42","guid":{"rendered":"https:\/\/gadgettravellers.eu\/shop\/set-di-bambole-con-accessori-di-bellezza-860e-215394\/"},"modified":"2026-04-15T21:35:03","modified_gmt":"2026-04-15T19:35:03","slug":"set-di-bambole-con-accessori-di-bellezza-860e-215394","status":"publish","type":"product","link":"https:\/\/gadgettravellers.eu\/it\/shop\/set-di-bambole-con-accessori-di-bellezza-860e-215394\/","title":{"rendered":"Set di bambole con accessori di bellezza &#8211; 860E &#8211; 215394"},"content":{"rendered":"<p>Set di bambole con set completo di accessori di bellezza per coccolarle come preferisci!<\/p>\n<p>Soddisfa tutti gli standard di sicurezza. Adatto a bambini di et\u00e0 superiore ai 3 anni.<\/p>\n","protected":false},"excerpt":{"rendered":"<p>Set di bambole con set completo di accessori di bellezza, adatto a bambini di et\u00e0 superiore a 3 anni. Soddisfa gli standard di sicurezza ed \u00e8 ideale per il gioco di ruolo, l&#8217;attivit\u00e0 creativa e come regalo.<\/p>\n","protected":false},"featured_media":5136339,"comment_status":"closed","ping_status":"open","template":"","meta":[],"product_brand":[],"product_cat":[],"product_tag":[15],"class_list":{"0":"post-5308521","1":"product","2":"type-product","3":"status-publish","4":"has-post-thumbnail","6":"product_tag-uncategorized","8":"first","9":"onbackorder","10":"purchasable","11":"product-type-simple"},"jetpack_sharing_enabled":true,"_links":{"self":[{"href":"https:\/\/gadgettravellers.eu\/it\/wp-json\/wp\/v2\/product\/5308521","targetHints":{"allow":["GET"]}}],"collection":[{"href":"https:\/\/gadgettravellers.eu\/it\/wp-json\/wp\/v2\/product"}],"about":[{"href":"https:\/\/gadgettravellers.eu\/it\/wp-json\/wp\/v2\/types\/product"}],"replies":[{"embeddable":true,"href":"https:\/\/gadgettravellers.eu\/it\/wp-json\/wp\/v2\/comments?post=5308521"}],"wp:featuredmedia":[{"embeddable":true,"href":"https:\/\/gadgettravellers.eu\/it\/wp-json\/wp\/v2\/media\/5136339"}],"wp:attachment":[{"href":"https:\/\/gadgettravellers.eu\/it\/wp-json\/wp\/v2\/media?parent=5308521"}],"wp:term":[{"taxonomy":"product_brand","embeddable":true,"href":"https:\/\/gadgettravellers.eu\/it\/wp-json\/wp\/v2\/product_brand?post=5308521"},{"taxonomy":"product_cat","embeddable":true,"href":"https:\/\/gadgettravellers.eu\/it\/wp-json\/wp\/v2\/product_cat?post=5308521"},{"taxonomy":"product_tag","embeddable":true,"href":"https:\/\/gadgettravellers.eu\/it\/wp-json\/wp\/v2\/product_tag?post=5308521"}],"curies":[{"name":"wp","href":"https:\/\/api.w.org\/{rel}","templated":true}]}}