{"id":5308718,"date":"2026-01-19T13:03:22","date_gmt":"2026-01-19T11:03:22","guid":{"rendered":"https:\/\/gadgettravellers.eu\/shop\/orologio-da-polso-analogico-skmei-2071-cinturino-in-tessuto-nero-oro\/"},"modified":"2026-04-13T01:50:30","modified_gmt":"2026-04-12T23:50:30","slug":"orologio-da-polso-analogico-skmei-2071-cinturino-in-tessuto-nero-oro","status":"publish","type":"product","link":"https:\/\/gadgettravellers.eu\/it\/shop\/orologio-da-polso-analogico-skmei-2071-cinturino-in-tessuto-nero-oro\/","title":{"rendered":"Orologio da polso analogico \u2013 Skmei &#8211; 2071 &#8211; Cinturino in tessuto &#8211; Nero\/Oro"},"content":{"rendered":"<p>Orologio da polso analogico Skmei con design eccezionale e stile che si adatta a ogni gusto e umore.<\/p>\n<p>Caratteristiche:<br \/>\nVestibilit\u00e0 comoda,<br \/>\nResistenza all&#8217;umidit\u00e0,<br \/>\nCoperchio della batteria in acciaio inossidabile,<br \/>\nCinturino in tessuto,<br \/>\nLunghezza cinturino: 22cm,<br \/>\nDiametro quadrante: 45,8mm (con la cassa),<br \/>\nSpessore quadrante: 11mm.<\/p>\n<div class='aiseo-faq-section' style='margin-top:30px; border-top:1px solid #eee; padding-top:20px;'>\n<h3>Domande Frequenti<\/h3>\n<details style='margin-bottom:10px; padding:10px; background:#f9f9f9; border-radius:5px;'>\n<summary style='font-weight:bold; cursor:pointer;'>Qual \u00e8 la lunghezza del cinturino?<\/summary>\n<div style='margin-top:10px; color:#555;'>Il cinturino ha una lunghezza di 22 cm.<\/div>\n<\/details>\n<details style='margin-bottom:10px; padding:10px; background:#f9f9f9; border-radius:5px;'>\n<summary style='font-weight:bold; cursor:pointer;'>Qual \u00e8 il diametro e lo spessore del quadrante?<\/summary>\n<div style='margin-top:10px; color:#555;'>Diametro del quadrante 45,8 mm (con la cassa) e spessore 11 mm.<\/div>\n<\/details>\n<details style='margin-bottom:10px; padding:10px; background:#f9f9f9; border-radius:5px;'>\n<summary style='font-weight:bold; cursor:pointer;'>Di che materiale \u00e8 fatto il coperchio della batteria?<\/summary>\n<div style='margin-top:10px; color:#555;'>Il coperchio della batteria \u00e8 in acciaio inossidabile.<\/div>\n<\/details>\n<details style='margin-bottom:10px; padding:10px; background:#f9f9f9; border-radius:5px;'>\n<summary style='font-weight:bold; cursor:pointer;'>\u00c8 resistente all&#8217;umidit\u00e0?<\/summary>\n<div style='margin-top:10px; color:#555;'>S\u00ec, \u00e8 resistente all&#8217;umidit\u00e0 per l&#8217;uso quotidiano.<\/div>\n<\/details>\n<\/div>\n","protected":false},"excerpt":{"rendered":"<p>Orologio da polso analogico con cinturino in tessuto, diametro quadrante 45,8 mm e spessore 11 mm. Dispone di coperchio della batteria in acciaio inossidabile e resistenza all&#8217;umidit\u00e0 \u2014 vestibilit\u00e0 comoda per l&#8217;uso quotidiano.<\/p>\n","protected":false},"featured_media":5137306,"comment_status":"closed","ping_status":"open","template":"","meta":[],"product_brand":[],"product_cat":[],"product_tag":[15],"class_list":{"0":"post-5308718","1":"product","2":"type-product","3":"status-publish","4":"has-post-thumbnail","6":"product_tag-uncategorized","8":"first","9":"onbackorder","10":"purchasable","11":"product-type-simple"},"jetpack_sharing_enabled":true,"_links":{"self":[{"href":"https:\/\/gadgettravellers.eu\/it\/wp-json\/wp\/v2\/product\/5308718","targetHints":{"allow":["GET"]}}],"collection":[{"href":"https:\/\/gadgettravellers.eu\/it\/wp-json\/wp\/v2\/product"}],"about":[{"href":"https:\/\/gadgettravellers.eu\/it\/wp-json\/wp\/v2\/types\/product"}],"replies":[{"embeddable":true,"href":"https:\/\/gadgettravellers.eu\/it\/wp-json\/wp\/v2\/comments?post=5308718"}],"wp:featuredmedia":[{"embeddable":true,"href":"https:\/\/gadgettravellers.eu\/it\/wp-json\/wp\/v2\/media\/5137306"}],"wp:attachment":[{"href":"https:\/\/gadgettravellers.eu\/it\/wp-json\/wp\/v2\/media?parent=5308718"}],"wp:term":[{"taxonomy":"product_brand","embeddable":true,"href":"https:\/\/gadgettravellers.eu\/it\/wp-json\/wp\/v2\/product_brand?post=5308718"},{"taxonomy":"product_cat","embeddable":true,"href":"https:\/\/gadgettravellers.eu\/it\/wp-json\/wp\/v2\/product_cat?post=5308718"},{"taxonomy":"product_tag","embeddable":true,"href":"https:\/\/gadgettravellers.eu\/it\/wp-json\/wp\/v2\/product_tag?post=5308718"}],"curies":[{"name":"wp","href":"https:\/\/api.w.org\/{rel}","templated":true}]}}