{"id":5308904,"date":"2026-01-19T13:05:24","date_gmt":"2026-01-19T11:05:24","guid":{"rendered":"https:\/\/gadgettravellers.eu\/shop\/proiettore-per-pittura-elephant-325-215147\/"},"modified":"2026-04-13T01:51:41","modified_gmt":"2026-04-12T23:51:41","slug":"proiettore-per-pittura-elephant-325-215147","status":"publish","type":"product","link":"https:\/\/gadgettravellers.eu\/it\/shop\/proiettore-per-pittura-elephant-325-215147\/","title":{"rendered":"Proiettore per pittura &#8211; Elephant &#8211; 325 &#8211; 215147"},"content":{"rendered":"<p>Dimensioni della confezione: 35 x 29 x 10cm. Dimensioni del gioco: 25 x 35 x 21cm. Conforme a tutte le norme di sicurezza. Adatto a bambini di et\u00e0 superiore a 3 anni.<\/p>\n<div class='aiseo-faq-section' style='margin-top:30px; border-top:1px solid #eee; padding-top:20px;'>\n<h3>Domande Frequenti<\/h3>\n<details style='margin-bottom:10px; padding:10px; background:#f9f9f9; border-radius:5px;'>\n<summary style='font-weight:bold; cursor:pointer;'>Quali sono le dimensioni del gioco?<\/summary>\n<div style='margin-top:10px; color:#555;'>Le dimensioni del gioco sono 25 x 35 x 21 cm.<\/div>\n<\/details>\n<details style='margin-bottom:10px; padding:10px; background:#f9f9f9; border-radius:5px;'>\n<summary style='font-weight:bold; cursor:pointer;'>Quali sono le dimensioni della confezione?<\/summary>\n<div style='margin-top:10px; color:#555;'>Le dimensioni della confezione sono 35 x 29 x 10 cm.<\/div>\n<\/details>\n<details style='margin-bottom:10px; padding:10px; background:#f9f9f9; border-radius:5px;'>\n<summary style='font-weight:bold; cursor:pointer;'>Per quale et\u00e0 \u00e8 destinato?<\/summary>\n<div style='margin-top:10px; color:#555;'>Adatto a bambini di et\u00e0 superiore ai 3 anni.<\/div>\n<\/details>\n<details style='margin-bottom:10px; padding:10px; background:#f9f9f9; border-radius:5px;'>\n<summary style='font-weight:bold; cursor:pointer;'>\u00c8 conforme agli standard di sicurezza?<\/summary>\n<div style='margin-top:10px; color:#555;'>S\u00ec, soddisfa tutti gli standard di sicurezza.<\/div>\n<\/details>\n<details style='margin-bottom:10px; padding:10px; background:#f9f9f9; border-radius:5px;'>\n<summary style='font-weight:bold; cursor:pointer;'>\u00c8 adatto per uso interno e quali attivit\u00e0 supporta?<\/summary>\n<div style='margin-top:10px; color:#555;'>S\u00ec, \u00e8 portatile e ideale per pittura, storie illustrate e attivit\u00e0 educative al chiuso.<\/div>\n<\/details>\n<\/div>\n","protected":false},"excerpt":{"rendered":"<p>Proiettore da disegno Elephant \u2014 gioco creativo per bambini dai 3 anni in su. Portatile, sicuro e ideale per disegnare, racconti illustrati e attivit\u00e0 educative al chiuso.<\/p>\n","protected":false},"featured_media":5138398,"comment_status":"closed","ping_status":"open","template":"","meta":[],"product_brand":[],"product_cat":[],"product_tag":[15],"class_list":{"0":"post-5308904","1":"product","2":"type-product","3":"status-publish","4":"has-post-thumbnail","6":"product_tag-uncategorized","8":"first","9":"onbackorder","10":"purchasable","11":"product-type-simple"},"jetpack_sharing_enabled":true,"_links":{"self":[{"href":"https:\/\/gadgettravellers.eu\/it\/wp-json\/wp\/v2\/product\/5308904","targetHints":{"allow":["GET"]}}],"collection":[{"href":"https:\/\/gadgettravellers.eu\/it\/wp-json\/wp\/v2\/product"}],"about":[{"href":"https:\/\/gadgettravellers.eu\/it\/wp-json\/wp\/v2\/types\/product"}],"replies":[{"embeddable":true,"href":"https:\/\/gadgettravellers.eu\/it\/wp-json\/wp\/v2\/comments?post=5308904"}],"wp:featuredmedia":[{"embeddable":true,"href":"https:\/\/gadgettravellers.eu\/it\/wp-json\/wp\/v2\/media\/5138398"}],"wp:attachment":[{"href":"https:\/\/gadgettravellers.eu\/it\/wp-json\/wp\/v2\/media?parent=5308904"}],"wp:term":[{"taxonomy":"product_brand","embeddable":true,"href":"https:\/\/gadgettravellers.eu\/it\/wp-json\/wp\/v2\/product_brand?post=5308904"},{"taxonomy":"product_cat","embeddable":true,"href":"https:\/\/gadgettravellers.eu\/it\/wp-json\/wp\/v2\/product_cat?post=5308904"},{"taxonomy":"product_tag","embeddable":true,"href":"https:\/\/gadgettravellers.eu\/it\/wp-json\/wp\/v2\/product_tag?post=5308904"}],"curies":[{"name":"wp","href":"https:\/\/api.w.org\/{rel}","templated":true}]}}