{"id":5308944,"date":"2026-01-19T13:05:44","date_gmt":"2026-01-19T11:05:44","guid":{"rendered":"https:\/\/gadgettravellers.eu\/shop\/auto-in-miniatura-metallico-6838-12q-138-117187\/"},"modified":"2026-04-15T21:36:55","modified_gmt":"2026-04-15T19:36:55","slug":"auto-in-miniatura-metallico-6838-12q-138-117187","status":"publish","type":"product","link":"https:\/\/gadgettravellers.eu\/it\/shop\/auto-in-miniatura-metallico-6838-12q-138-117187\/","title":{"rendered":"Auto in miniatura metallico &#8211; 6838-12Q 1:38 &#8211; 117187"},"content":{"rendered":"<p>Macchinina per bambini in miniatura, in metallo con un meraviglioso design realistico.<\/p>\n<p>Dimensioni dell&#8217;auto: 9,2 x 5,2 x 5 cm<br \/>Dimensioni della confezione: 16 x 8 x 6,5 cm. <\/p>\n<p><strong>*Disponibile in 4 modelli e una variet\u00e0 di colori &#8211; Spedizione in base alla disponibilit\u00e0.<\/strong><\/p>\n<p>Conforme a tutte le norme di sicurezza. <br \/>Adatto a bambini di et\u00e0 superiore ai 3 anni.<\/p>\n","protected":false},"excerpt":{"rendered":"<p>Miniatura di auto in metallo 1:38 (9,2\u00d75,2\u00d75 cm) con design realistico e corpo in die-cast. Adatto a bambini di et\u00e0 superiore a 3 anni, conforme agli standard di sicurezza, disponibile in 4 modelli \u2014 ideale per gioco e collezioni.<\/p>\n","protected":false},"featured_media":5138668,"comment_status":"closed","ping_status":"open","template":"","meta":[],"product_brand":[],"product_cat":[],"product_tag":[15],"class_list":{"0":"post-5308944","1":"product","2":"type-product","3":"status-publish","4":"has-post-thumbnail","6":"product_tag-uncategorized","8":"first","9":"onbackorder","10":"purchasable","11":"product-type-simple"},"jetpack_sharing_enabled":true,"_links":{"self":[{"href":"https:\/\/gadgettravellers.eu\/it\/wp-json\/wp\/v2\/product\/5308944","targetHints":{"allow":["GET"]}}],"collection":[{"href":"https:\/\/gadgettravellers.eu\/it\/wp-json\/wp\/v2\/product"}],"about":[{"href":"https:\/\/gadgettravellers.eu\/it\/wp-json\/wp\/v2\/types\/product"}],"replies":[{"embeddable":true,"href":"https:\/\/gadgettravellers.eu\/it\/wp-json\/wp\/v2\/comments?post=5308944"}],"wp:featuredmedia":[{"embeddable":true,"href":"https:\/\/gadgettravellers.eu\/it\/wp-json\/wp\/v2\/media\/5138668"}],"wp:attachment":[{"href":"https:\/\/gadgettravellers.eu\/it\/wp-json\/wp\/v2\/media?parent=5308944"}],"wp:term":[{"taxonomy":"product_brand","embeddable":true,"href":"https:\/\/gadgettravellers.eu\/it\/wp-json\/wp\/v2\/product_brand?post=5308944"},{"taxonomy":"product_cat","embeddable":true,"href":"https:\/\/gadgettravellers.eu\/it\/wp-json\/wp\/v2\/product_cat?post=5308944"},{"taxonomy":"product_tag","embeddable":true,"href":"https:\/\/gadgettravellers.eu\/it\/wp-json\/wp\/v2\/product_tag?post=5308944"}],"curies":[{"name":"wp","href":"https:\/\/api.w.org\/{rel}","templated":true}]}}