{"id":5308969,"date":"2026-01-19T13:05:58","date_gmt":"2026-01-19T11:05:58","guid":{"rendered":"https:\/\/gadgettravellers.eu\/shop\/pianoforte-giocattolo-in-peluche-per-neonati-elefantino-con-suono-cm321-13-215661\/"},"modified":"2026-04-15T21:36:59","modified_gmt":"2026-04-15T19:36:59","slug":"pianoforte-giocattolo-in-peluche-per-neonati-elefantino-con-suono-cm321-13-215661","status":"publish","type":"product","link":"https:\/\/gadgettravellers.eu\/it\/shop\/pianoforte-giocattolo-in-peluche-per-neonati-elefantino-con-suono-cm321-13-215661\/","title":{"rendered":"Pianoforte giocattolo in peluche per neonati Elefantino con suono &#8211; CM321-13 &#8211; 215661"},"content":{"rendered":"<p>Giocattolo in peluche per neonati a forma di elefantino con suoni e con rivestimento morbido, ipoallergenico, completamente amico della pelle. <br \/>Un giocattolo che ogni bambino adorer\u00e0 e che diventer\u00e0 il suo amico preferito che lo accompagner\u00e0 ovunque.<\/p>\n<p>Dimensioni della confezione: 26 x 27 x 12 cm. <br \/>Dimensioni del giocattolo: 26 x 20 x 12 cm.<\/p>\n<p>Soddisfa tutti gli standard di sicurezza. <br \/>Adatto a bambini di et\u00e0 superiore ai 3 anni.<\/p>\n","protected":false},"excerpt":{"rendered":"<p>Pianoforte di peluche a forma di elefantino con suoni, rivestimento morbido ipoallergenico e sicurezza certificata. Adatto per bambini di et\u00e0 superiore a 3 anni, dimensioni 26x20x12cm.<\/p>\n","protected":false},"featured_media":5138833,"comment_status":"closed","ping_status":"open","template":"","meta":[],"product_brand":[],"product_cat":[],"product_tag":[15],"class_list":{"0":"post-5308969","1":"product","2":"type-product","3":"status-publish","4":"has-post-thumbnail","6":"product_tag-uncategorized","8":"first","9":"onbackorder","10":"purchasable","11":"product-type-simple"},"jetpack_sharing_enabled":true,"_links":{"self":[{"href":"https:\/\/gadgettravellers.eu\/it\/wp-json\/wp\/v2\/product\/5308969","targetHints":{"allow":["GET"]}}],"collection":[{"href":"https:\/\/gadgettravellers.eu\/it\/wp-json\/wp\/v2\/product"}],"about":[{"href":"https:\/\/gadgettravellers.eu\/it\/wp-json\/wp\/v2\/types\/product"}],"replies":[{"embeddable":true,"href":"https:\/\/gadgettravellers.eu\/it\/wp-json\/wp\/v2\/comments?post=5308969"}],"wp:featuredmedia":[{"embeddable":true,"href":"https:\/\/gadgettravellers.eu\/it\/wp-json\/wp\/v2\/media\/5138833"}],"wp:attachment":[{"href":"https:\/\/gadgettravellers.eu\/it\/wp-json\/wp\/v2\/media?parent=5308969"}],"wp:term":[{"taxonomy":"product_brand","embeddable":true,"href":"https:\/\/gadgettravellers.eu\/it\/wp-json\/wp\/v2\/product_brand?post=5308969"},{"taxonomy":"product_cat","embeddable":true,"href":"https:\/\/gadgettravellers.eu\/it\/wp-json\/wp\/v2\/product_cat?post=5308969"},{"taxonomy":"product_tag","embeddable":true,"href":"https:\/\/gadgettravellers.eu\/it\/wp-json\/wp\/v2\/product_tag?post=5308969"}],"curies":[{"name":"wp","href":"https:\/\/api.w.org\/{rel}","templated":true}]}}