{"id":5309109,"date":"2026-01-19T13:07:13","date_gmt":"2026-01-19T11:07:13","guid":{"rendered":"https:\/\/gadgettravellers.eu\/shop\/cuffie-cablate-headphones-mj-99-254176-bianco\/"},"modified":"2026-03-09T23:20:19","modified_gmt":"2026-03-09T21:20:19","slug":"cuffie-cablate-headphones-mj-99-254176-bianco","status":"publish","type":"product","link":"https:\/\/gadgettravellers.eu\/it\/shop\/cuffie-cablate-headphones-mj-99-254176-bianco\/","title":{"rendered":"Cuffie cablate &#8211; Headphones &#8211; MJ-99 &#8211; 254176 &#8211; Bianco"},"content":{"rendered":"<p><span class=\"HwtZe\" lang=\"el\"><span class=\"jCAhz ChMk0b\"><span class=\"ryNqvb\">Cuffie cablate<\/span><\/span> con suono potente e design ergonomico.<br \/>Dispongono di tecnologia di riduzione del rumore e cuscinetti ergonomici che offrono comfort e isolamento acustico totale. <br \/><\/span><\/p>\n<p><span class=\"HwtZe\" lang=\"el\">Caratteristiche:<br \/><\/span><span class=\"HwtZe\" lang=\"el\"><span class=\"jCAhz ChMk0b\"><span class=\"ryNqvb\">Pieghevoli<br \/>Diametro altoparlanti: 40mm<\/span><\/span><br \/><span class=\"jCAhz ChMk0b\"><span class=\"ryNqvb\">Sensibilit\u00e0: <\/span><\/span>90dB<br \/><span class=\"jCAhz ChMk0b\"><span class=\"ryNqvb\">Gamma di risposta in frequenza: 20Hz-20KHz<\/span><\/span><br \/><span class=\"jCAhz ChMk0b\"><span class=\"ryNqvb\">Impedenza: <\/span><\/span>32 \u2126<br \/><span class=\"jCAhz ChMk0b\"><span class=\"ryNqvb\">Connettivit\u00e0 con cavo jack 3.5mm<\/span><\/span>.<br \/>Lunghezza cavo: 1.2m<br \/>Dimensioni: 21\u00d78\u00d719 cm<\/span><\/p>\n<div class='aiseo-faq-section' style='margin-top:30px; border-top:1px solid #eee; padding-top:20px;'>\n<h3>Domande Frequenti<\/h3>\n<details style='margin-bottom:10px; padding:10px; background:#f9f9f9; border-radius:5px;'>\n<summary style='font-weight:bold; cursor:pointer;'>Qual \u00e8 il metodo di connessione?<\/summary>\n<div style='margin-top:10px; color:#555;'>Si collegano tramite cavo con spina da 3,5 mm.<\/div>\n<\/details>\n<details style='margin-bottom:10px; padding:10px; background:#f9f9f9; border-radius:5px;'>\n<summary style='font-weight:bold; cursor:pointer;'>Qual \u00e8 la dimensione degli altoparlanti?<\/summary>\n<div style='margin-top:10px; color:#555;'>Il diametro degli altoparlanti \u00e8 di 40 mm.<\/div>\n<\/details>\n<details style='margin-bottom:10px; padding:10px; background:#f9f9f9; border-radius:5px;'>\n<summary style='font-weight:bold; cursor:pointer;'>Hanno riduzione del rumore?<\/summary>\n<div style='margin-top:10px; color:#555;'>S\u00ec, incorporano tecnologia di riduzione del rumore e cuscinetti ergonomici per una migliore insonorizzazione.<\/div>\n<\/details>\n<details style='margin-bottom:10px; padding:10px; background:#f9f9f9; border-radius:5px;'>\n<summary style='font-weight:bold; cursor:pointer;'>Qual \u00e8 la lunghezza del cavo e qual \u00e8 la sensibilit\u00e0?<\/summary>\n<div style='margin-top:10px; color:#555;'>Il cavo ha una lunghezza di 1,2 m e la sensibilit\u00e0 \u00e8 di 90 dB.<\/div>\n<\/details>\n<\/div>\n","protected":false},"excerpt":{"rendered":"<p>Cuffie cablate con driver da 40mm, jack da 3,5mm e riduzione del rumore. Design pieghevole e cuscinetti ergonomici per comfort e buona insonorizzazione.<\/p>\n","protected":false},"featured_media":5139797,"comment_status":"closed","ping_status":"open","template":"","meta":[],"product_brand":[],"product_cat":[],"product_tag":[15],"class_list":{"0":"post-5309109","1":"product","2":"type-product","3":"status-publish","4":"has-post-thumbnail","6":"product_tag-uncategorized","8":"first","9":"onbackorder","10":"purchasable","11":"product-type-simple"},"jetpack_sharing_enabled":true,"_links":{"self":[{"href":"https:\/\/gadgettravellers.eu\/it\/wp-json\/wp\/v2\/product\/5309109","targetHints":{"allow":["GET"]}}],"collection":[{"href":"https:\/\/gadgettravellers.eu\/it\/wp-json\/wp\/v2\/product"}],"about":[{"href":"https:\/\/gadgettravellers.eu\/it\/wp-json\/wp\/v2\/types\/product"}],"replies":[{"embeddable":true,"href":"https:\/\/gadgettravellers.eu\/it\/wp-json\/wp\/v2\/comments?post=5309109"}],"wp:featuredmedia":[{"embeddable":true,"href":"https:\/\/gadgettravellers.eu\/it\/wp-json\/wp\/v2\/media\/5139797"}],"wp:attachment":[{"href":"https:\/\/gadgettravellers.eu\/it\/wp-json\/wp\/v2\/media?parent=5309109"}],"wp:term":[{"taxonomy":"product_brand","embeddable":true,"href":"https:\/\/gadgettravellers.eu\/it\/wp-json\/wp\/v2\/product_brand?post=5309109"},{"taxonomy":"product_cat","embeddable":true,"href":"https:\/\/gadgettravellers.eu\/it\/wp-json\/wp\/v2\/product_cat?post=5309109"},{"taxonomy":"product_tag","embeddable":true,"href":"https:\/\/gadgettravellers.eu\/it\/wp-json\/wp\/v2\/product_tag?post=5309109"}],"curies":[{"name":"wp","href":"https:\/\/api.w.org\/{rel}","templated":true}]}}